{"id":9,"date":"2017-11-20T09:48:09","date_gmt":"2017-11-20T09:48:09","guid":{"rendered":"https:\/\/neu.crghagen.de\/?page_id=9"},"modified":"2018-01-10T18:12:08","modified_gmt":"2018-01-10T18:12:08","slug":"ueber-mich","status":"publish","type":"page","link":"https:\/\/crghagen.de\/?page_id=9","title":{"rendered":"Wer wir sind"},"content":{"rendered":"<p>Die Frage nach der Identit\u00e4t des Christian-Rohlfs-Gymnasiums ist gar nicht so einfach zu beantworten, da uns eine Vielzahl an Besonderheiten auszeichnet.<\/p>\n<p>Zun\u00e4chst sind wir <em>das<\/em> Gymnasium im Hagener Stadtteil Haspe und dementsprechend k\u00f6nnen wir auch stolz darauf sein, dass wir f\u00fcr alle Hasper Kinder, die ein Gymnasium besuchen wollen, die erste Anlaufstelle sind. Viele Sch\u00fclerinnen und Sch\u00fcler unserer Schule kommen aber auch aus der Innenstadt oder anderen Hagener Stadtteilen, Gevelsberg, Ennepetal oder Wetter.<\/p>\n<p>Insgesamt besuchen derzeit rund 900 Kinder und Jugendliche unsere Schule, unterrichtet werden sie von ca. 70 Lehrpersonen.<\/p>\n<p>Unsere Schule zeichnet sich nicht dadurch aus, dass sie den <em>einen<\/em> Schwerpunkt hat. Wir wollen ganz bewusst verschiedene Angebote machen und Heranwachsende in unterschiedlichen Bereichen f\u00f6rdern und fordern:<\/p>\n<ul>\n<li>Wir sind das einzige Hagener Gymnasium, das einen bilingualen Zweig anbietet.<\/li>\n<li>Wir bieten unterschiedliche Angebote im musisch-k\u00fcnstlerischen Bereich an.<\/li>\n<li>Wir zeichnen uns durch verschiedene Angebote im sportlichen Bereich aus, so sind z.B. unsere Sporthelfer mittlerweile \u00fcber die Grenzen Haspes bekannt.<\/li>\n<\/ul>\n<p>Auf den folgenden Seiten k\u00f6nnt ihr euch \/ k\u00f6nnen Sie sich einen \u00dcberblick \u00fcber das Profil unserer Schule verschaffen.<\/p>\n<p>&nbsp;<\/p>\n","protected":false},"excerpt":{"rendered":"<p>Die Frage nach der Identit\u00e4t des Christian-Rohlfs-Gymnasiums ist gar nicht so einfach zu beantworten, da uns eine Vielzahl an Besonderheiten auszeichnet. Zun\u00e4chst sind wir das Gymnasium im Hagener Stadtteil Haspe und dementsprechend k\u00f6nnen wir auch stolz darauf sein, dass wir f\u00fcr alle Hasper Kinder, die ein Gymnasium besuchen wollen, die erste Anlaufstelle sind. Viele Sch\u00fclerinnen [&hellip;]<\/p>\n","protected":false},"author":2,"featured_media":0,"parent":0,"menu_order":0,"comment_status":"closed","ping_status":"closed","template":"","meta":{"footnotes":""},"class_list":["post-9","page","type-page","status-publish","hentry","gallery-content-unit"],"_links":{"self":[{"href":"https:\/\/crghagen.de\/index.php?rest_route=\/wp\/v2\/pages\/9","targetHints":{"allow":["GET"]}}],"collection":[{"href":"https:\/\/crghagen.de\/index.php?rest_route=\/wp\/v2\/pages"}],"about":[{"href":"https:\/\/crghagen.de\/index.php?rest_route=\/wp\/v2\/types\/page"}],"author":[{"embeddable":true,"href":"https:\/\/crghagen.de\/index.php?rest_route=\/wp\/v2\/users\/2"}],"replies":[{"embeddable":true,"href":"https:\/\/crghagen.de\/index.php?rest_route=%2Fwp%2Fv2%2Fcomments&post=9"}],"version-history":[{"count":7,"href":"https:\/\/crghagen.de\/index.php?rest_route=\/wp\/v2\/pages\/9\/revisions"}],"predecessor-version":[{"id":696,"href":"https:\/\/crghagen.de\/index.php?rest_route=\/wp\/v2\/pages\/9\/revisions\/696"}],"wp:attachment":[{"href":"https:\/\/crghagen.de\/index.php?rest_route=%2Fwp%2Fv2%2Fmedia&parent=9"}],"curies":[{"name":"wp","href":"https:\/\/api.w.org\/{rel}","templated":true}]}}