{"id":818,"date":"2018-02-13T04:30:15","date_gmt":"2018-02-13T04:30:15","guid":{"rendered":"https:\/\/neu.crghagen.de\/?page_id=818"},"modified":"2018-02-13T04:30:38","modified_gmt":"2018-02-13T04:30:38","slug":"ehemalige","status":"publish","type":"page","link":"https:\/\/crghagen.de\/?page_id=818","title":{"rendered":"Ehemalige"},"content":{"rendered":"<h1><span id=\"fe_PreviewTitle\">Ehemalige<br \/>\n<\/span><\/h1>\n<div id=\"fe_PreviewContent\">\n<p>Mittlerweile haben uns schon eine ganze Reihe eMails von ehemaligen Sch\u00fclerinnen und Sch\u00fclern erreicht, die sich freuen, \u00fcber das Internet wieder etwas \u00fcber &#8222;ihre&#8220; Schule lesen zu k\u00f6nnen. Es wurde auch mehrfach der Wunsch ge\u00e4u\u00dfert, auf diese Weise wieder mit anderen Ehemaligen in Kontakt treten zu k\u00f6nnen.<\/p>\n<p>Wenn Sie ein Jahrgangstreffen planen und dies hier bekannt geben wollen, oder einfach Ihre aktuelle eMail-Adresse hier ver\u00f6ffentlicht sehen m\u00f6chten, schicken Sie uns doch eine Mail (an schule@crghagen.de) mit dem Betreff &#8222;Homepage&#8220;. Gleiches gilt nat\u00fcrlich, wenn Sie hier einen Link auf eine Jahrgangsbezogene Internetseite sehen wollen oder einfach sonst eine Idee oder einen Kommentar zu einem solchen Forum abgeben m\u00f6chten.<\/p>\n<h4><\/h4>\n<h4><strong>Termine von Stufennachtreffen<\/strong><\/h4>\n<p>Aktuell sind uns keine Termine bekannt<\/p>\n<\/div>\n<p>&nbsp;<\/p>\n<h4>Kontaktm\u00f6glichkeiten zu anderen Ehemaligen<\/h4>\n<p><strong>Abi 1975:<\/strong> Ehemalige des Einschulungsjahrganges 1966 k\u00f6nnen sich <a href=\"mailto:artep@onlinehome.de\">hier<\/a> mit Petra, geb. Eckmann in Verbindung setzen.<\/p>\n<p><strong>Abi 1984:<\/strong> <a href=\"mailto:b.radi@t-online.de\">Birgit Rademacher<\/a> f\u00fchrt eine Liste zum Abiturjahrgang 1984 und bittet alle aus diesem Jahrgang dabei um Mithilfe.<\/p>\n<p>&nbsp;<\/p>\n<p>&nbsp;<\/p>\n","protected":false},"excerpt":{"rendered":"<p>Ehemalige Mittlerweile haben uns schon eine ganze Reihe eMails von ehemaligen Sch\u00fclerinnen und Sch\u00fclern erreicht, die sich freuen, \u00fcber das Internet wieder etwas \u00fcber &#8222;ihre&#8220; Schule lesen zu k\u00f6nnen. Es wurde auch mehrfach der Wunsch ge\u00e4u\u00dfert, auf diese Weise wieder mit anderen Ehemaligen in Kontakt treten zu k\u00f6nnen. Wenn Sie ein Jahrgangstreffen planen und dies [&hellip;]<\/p>\n","protected":false},"author":2,"featured_media":0,"parent":9,"menu_order":0,"comment_status":"closed","ping_status":"closed","template":"","meta":{"footnotes":""},"class_list":["post-818","page","type-page","status-publish","hentry","gallery-content-unit"],"_links":{"self":[{"href":"https:\/\/crghagen.de\/index.php?rest_route=\/wp\/v2\/pages\/818","targetHints":{"allow":["GET"]}}],"collection":[{"href":"https:\/\/crghagen.de\/index.php?rest_route=\/wp\/v2\/pages"}],"about":[{"href":"https:\/\/crghagen.de\/index.php?rest_route=\/wp\/v2\/types\/page"}],"author":[{"embeddable":true,"href":"https:\/\/crghagen.de\/index.php?rest_route=\/wp\/v2\/users\/2"}],"replies":[{"embeddable":true,"href":"https:\/\/crghagen.de\/index.php?rest_route=%2Fwp%2Fv2%2Fcomments&post=818"}],"version-history":[{"count":1,"href":"https:\/\/crghagen.de\/index.php?rest_route=\/wp\/v2\/pages\/818\/revisions"}],"predecessor-version":[{"id":819,"href":"https:\/\/crghagen.de\/index.php?rest_route=\/wp\/v2\/pages\/818\/revisions\/819"}],"up":[{"embeddable":true,"href":"https:\/\/crghagen.de\/index.php?rest_route=\/wp\/v2\/pages\/9"}],"wp:attachment":[{"href":"https:\/\/crghagen.de\/index.php?rest_route=%2Fwp%2Fv2%2Fmedia&parent=818"}],"curies":[{"name":"wp","href":"https:\/\/api.w.org\/{rel}","templated":true}]}}