{"id":812,"date":"2018-02-12T13:29:25","date_gmt":"2018-02-12T13:29:25","guid":{"rendered":"https:\/\/neu.crghagen.de\/?page_id=812"},"modified":"2021-02-03T14:36:48","modified_gmt":"2021-02-03T13:36:48","slug":"lupo","status":"publish","type":"page","link":"https:\/\/crghagen.de\/?page_id=812","title":{"rendered":"LUPO"},"content":{"rendered":"\t\t<div data-elementor-type=\"wp-page\" data-elementor-id=\"812\" class=\"elementor elementor-812\">\n\t\t\t\t\t\t<div class=\"elementor-inner\">\n\t\t\t\t<div class=\"elementor-section-wrap\">\n\t\t\t\t\t\t\t\t\t<section class=\"elementor-section elementor-top-section elementor-element elementor-element-5289604f elementor-section-boxed elementor-section-height-default elementor-section-height-default\" data-id=\"5289604f\" data-element_type=\"section\">\n\t\t\t\t\t\t<div class=\"elementor-container elementor-column-gap-default\">\n\t\t\t\t\t\t\t<div class=\"elementor-row\">\n\t\t\t\t\t<div class=\"elementor-column elementor-col-100 elementor-top-column elementor-element elementor-element-54a3c952\" data-id=\"54a3c952\" data-element_type=\"column\">\n\t\t\t<div class=\"elementor-column-wrap elementor-element-populated\">\n\t\t\t\t\t\t\t<div class=\"elementor-widget-wrap\">\n\t\t\t\t\t\t<div class=\"elementor-element elementor-element-7b2a3b2b elementor-widget elementor-widget-text-editor\" data-id=\"7b2a3b2b\" data-element_type=\"widget\" data-widget_type=\"text-editor.default\">\n\t\t\t\t<div class=\"elementor-widget-container\">\n\t\t\t\t\t\t\t\t<div class=\"elementor-text-editor elementor-clearfix\">\n\t\t\t\t<p>Um eure Wahlen f\u00fcr die Oberstufe bereits zu Hause vorplanen zu k\u00f6nnen,<br \/>stellen wir euch hier das von uns ebenfalls genutzte Programm LUPO zur Verf\u00fcgung.<\/p><p>Bitte geht folgenderma\u00dfen vor:<\/p><ol><li>Ladet hier die LUPO Sch\u00fclerversion herunter: <a href=\"https:\/\/www.svws.nrw.de\/download\/lupo\/lupo-download\"><span style=\"color: #ffcc00;\">LuPO &#8211; Download | Ministerium f\u00fcr Schule und Bildung des Landes Nordrhein-Westfalen<\/span> (nrw.de)<\/a>\u00a0(Sollte dieser Link nicht funktionieren, so kann das Progamm auch \u00fcber eine Google Suche gefunden werden.)<\/li><li>Ladet au\u00dferdem die Beispieldatei runter.<\/li><li>\u00d6ffnet nun die heruntergeladene LUPO Sch\u00fclerversion und \u00f6ffnet damit die ebenfalls heruntergeladene Beispieldatei.<\/li><li>Ihr k\u00f6nnt nun die Beratungsdatei ausf\u00fcllen, bis auf der rechten Seite keine Hinweise auf Belegungsfehler mehr erscheinen. Wichtig: Tragt bei den Fremdsprachen zun\u00e4chst eure Sprachenfolge ein (d.h. z.B. Englisch als 1. Fremdsprache, Latein als 2. Fremdsprache, etc.).<\/li><li>Falls ihr mit uns \u00fcber eure Pl\u00e4ne sprechen m\u00f6chtet, so druckt die Datei nach Eintrag eurer Wahlen \u00fcber das Druckersymbol aus und bringt den Ausdruck mit in die Schule.<\/li><\/ol><p>(Eine Ausf\u00fchrliche Anleitung zur LUPO Sch\u00fclerversion findet ihr <span style=\"color: #ffcc00;\"><a style=\"color: #ffcc00;\" href=\"https:\/\/www.svws.nrw.de\/download\/lupo\" target=\"_blank\" rel=\"noopener\">hier<\/a><\/span>.)<\/p>\t\t\t\t\t<\/div>\n\t\t\t\t\t\t<\/div>\n\t\t\t\t<\/div>\n\t\t\t\t\t\t<\/div>\n\t\t\t\t\t<\/div>\n\t\t<\/div>\n\t\t\t\t\t\t\t\t<\/div>\n\t\t\t\t\t<\/div>\n\t\t<\/section>\n\t\t\t\t\t\t\t\t\t<\/div>\n\t\t\t<\/div>\n\t\t\t\t\t<\/div>\n\t\t","protected":false},"excerpt":{"rendered":"<p>Um eure Wahlen f\u00fcr die Oberstufe bereits zu Hause vorplanen zu k\u00f6nnen,stellen wir euch hier das von uns ebenfalls genutzte Programm LUPO zur Verf\u00fcgung. Bitte geht folgenderma\u00dfen vor: Ladet hier die LUPO Sch\u00fclerversion herunter: LuPO &#8211; Download | Ministerium f\u00fcr Schule und Bildung des Landes Nordrhein-Westfalen (nrw.de)\u00a0(Sollte dieser Link nicht funktionieren, so kann das Progamm [&hellip;]<\/p>\n","protected":false},"author":2,"featured_media":0,"parent":358,"menu_order":0,"comment_status":"closed","ping_status":"closed","template":"","meta":{"footnotes":""},"class_list":["post-812","page","type-page","status-publish","hentry","gallery-content-unit"],"_links":{"self":[{"href":"https:\/\/crghagen.de\/index.php?rest_route=\/wp\/v2\/pages\/812","targetHints":{"allow":["GET"]}}],"collection":[{"href":"https:\/\/crghagen.de\/index.php?rest_route=\/wp\/v2\/pages"}],"about":[{"href":"https:\/\/crghagen.de\/index.php?rest_route=\/wp\/v2\/types\/page"}],"author":[{"embeddable":true,"href":"https:\/\/crghagen.de\/index.php?rest_route=\/wp\/v2\/users\/2"}],"replies":[{"embeddable":true,"href":"https:\/\/crghagen.de\/index.php?rest_route=%2Fwp%2Fv2%2Fcomments&post=812"}],"version-history":[{"count":9,"href":"https:\/\/crghagen.de\/index.php?rest_route=\/wp\/v2\/pages\/812\/revisions"}],"predecessor-version":[{"id":3198,"href":"https:\/\/crghagen.de\/index.php?rest_route=\/wp\/v2\/pages\/812\/revisions\/3198"}],"up":[{"embeddable":true,"href":"https:\/\/crghagen.de\/index.php?rest_route=\/wp\/v2\/pages\/358"}],"wp:attachment":[{"href":"https:\/\/crghagen.de\/index.php?rest_route=%2Fwp%2Fv2%2Fmedia&parent=812"}],"curies":[{"name":"wp","href":"https:\/\/api.w.org\/{rel}","templated":true}]}}