{"id":747,"date":"2018-02-12T10:13:44","date_gmt":"2018-02-12T10:13:44","guid":{"rendered":"https:\/\/neu.crghagen.de\/?page_id=747"},"modified":"2018-02-12T10:27:11","modified_gmt":"2018-02-12T10:27:11","slug":"die-jahrgangsstufe-q1","status":"publish","type":"page","link":"https:\/\/crghagen.de\/?page_id=747","title":{"rendered":"Die Jahrgangsstufe Q1"},"content":{"rendered":"<p>In der Jahrgangsstufe Q1 schreiben alle Sch\u00fclerinnen und Sch\u00fcler die keinen Projektskurs belegt haben ihre <strong>Facharbeit<\/strong>. Informationen zur Facharbeit <a href=\"https:\/\/neu.crghagen.de\/?page_id=752\">findet ihr hier<\/a>.<\/p>\n<p>Kurz vor Beginn der Sommerferien m\u00fcssen die <strong>Abiturf\u00e4cher<\/strong> festgelegt werden. In Ausnahmef\u00e4llen kann diese Wahl bis zur Abfrage der Abiturf\u00e4cher seitens des Ministeriums im Herbst noch ge\u00e4ndert werden.<\/p>\n<p>&nbsp;<\/p>\n","protected":false},"excerpt":{"rendered":"<p>In der Jahrgangsstufe Q1 schreiben alle Sch\u00fclerinnen und Sch\u00fcler die keinen Projektskurs belegt haben ihre Facharbeit. Informationen zur Facharbeit findet ihr hier. Kurz vor Beginn der Sommerferien m\u00fcssen die Abiturf\u00e4cher festgelegt werden. In Ausnahmef\u00e4llen kann diese Wahl bis zur Abfrage der Abiturf\u00e4cher seitens des Ministeriums im Herbst noch ge\u00e4ndert werden. &nbsp;<\/p>\n","protected":false},"author":2,"featured_media":0,"parent":358,"menu_order":0,"comment_status":"closed","ping_status":"closed","template":"","meta":{"footnotes":""},"class_list":["post-747","page","type-page","status-publish","hentry","gallery-content-unit"],"_links":{"self":[{"href":"https:\/\/crghagen.de\/index.php?rest_route=\/wp\/v2\/pages\/747","targetHints":{"allow":["GET"]}}],"collection":[{"href":"https:\/\/crghagen.de\/index.php?rest_route=\/wp\/v2\/pages"}],"about":[{"href":"https:\/\/crghagen.de\/index.php?rest_route=\/wp\/v2\/types\/page"}],"author":[{"embeddable":true,"href":"https:\/\/crghagen.de\/index.php?rest_route=\/wp\/v2\/users\/2"}],"replies":[{"embeddable":true,"href":"https:\/\/crghagen.de\/index.php?rest_route=%2Fwp%2Fv2%2Fcomments&post=747"}],"version-history":[{"count":2,"href":"https:\/\/crghagen.de\/index.php?rest_route=\/wp\/v2\/pages\/747\/revisions"}],"predecessor-version":[{"id":754,"href":"https:\/\/crghagen.de\/index.php?rest_route=\/wp\/v2\/pages\/747\/revisions\/754"}],"up":[{"embeddable":true,"href":"https:\/\/crghagen.de\/index.php?rest_route=\/wp\/v2\/pages\/358"}],"wp:attachment":[{"href":"https:\/\/crghagen.de\/index.php?rest_route=%2Fwp%2Fv2%2Fmedia&parent=747"}],"curies":[{"name":"wp","href":"https:\/\/api.w.org\/{rel}","templated":true}]}}