{"id":734,"date":"2018-02-12T09:28:10","date_gmt":"2018-02-12T09:28:10","guid":{"rendered":"https:\/\/neu.crghagen.de\/?page_id=734"},"modified":"2020-02-05T08:58:32","modified_gmt":"2020-02-05T07:58:32","slug":"die-jahrgangsstufe-ef","status":"publish","type":"page","link":"https:\/\/crghagen.de\/?page_id=734","title":{"rendered":"Der Einstieg in die Oberstufe: Die Jahrgangsstufe EF"},"content":{"rendered":"<p>Die Jahrgangsstufe EF (Einf\u00fchrungsphase) stellt das erste Jahr in der gymnasialen Oberstufe dar. Um allen Sch\u00fclerinnen und Sch\u00fclern &#8211; sowohl denen, die bereits seit der Klasse 5 unsere Schule besuchen, als auch Seiteneinsteigern &#8211; den Start in der Oberstufe zu erleichtern verfolgen wir ein F\u00f6rderkonzept:<\/p>\n<ul>\n<li><strong>Kennenlerntreffen:<\/strong> F\u00fcr Seiteneinsteiger von anderen Schulen bieten wir am Ende der Sommerferien ein Kennenlerntreffen an. Bei diesem k\u00f6nnen sich die neuen Sch\u00fcler untereinander sowie ihre Stufenleitung kennenlernen und auch einen \u00dcberblick \u00fcber das gro\u00dfe neue Schulgeb\u00e4ude erhalten.<\/li>\n<li><strong>Heimatgef\u00fchl im Kursverband D\/M\/E:<\/strong> In den F\u00e4chern Deutsch, Mathe und Englisch werden die Sch\u00fclerinnen und Sch\u00fcler einer Stammgruppe zugeordnet, so dass sie in diesen drei F\u00e4chern mit immer den selben Sch\u00fclern Unterricht haben. Dies soll ihnen sozial den Einstieg in die gro\u00dfe Jahrgangsstufe erleichtern.<\/li>\n<li><strong>Sorgf\u00e4ltig zusammengesetzte kleine Kursverb\u00e4nde D\/M\/E:<\/strong> Wir gestalten unsere Kursverbandgruppen bewusst so, dass sich in jeder Gruppe &#8230;\n<ul>\n<li>&#8230; Sch\u00fcler verschiedener 9. Klassen des CRGs befinden,<\/li>\n<li>&#8230; sowohl Sch\u00fcler von unserer Schule als auch von anderen Schulen befinden,<\/li>\n<li>&#8230; eher leistungsstarke und eher leistungsschwache Sch\u00fcler befinden,<\/li>\n<li>&#8230; und die Gruppengr\u00f6\u00dfe (im Durschnitt der Jahrgangsstufe) 19,5 Sch\u00fcler nicht \u00fcberschreitet.<\/li>\n<\/ul>\n<\/li>\n<\/ul>\n<p>Die Kurswahlen f\u00fcr die Jahrgangsstufe EF finden im 2. Halbjahr der Jahrgangsstufe 9 statt. Eine <strong>\u00dcbersicht \u00fcber die am CRG angebotenen F\u00e4cher<\/strong> bietet <a href=\"https:\/\/crghagen.de\/wp-content\/uploads\/2018\/11\/F\u00e4cherBrosch\u00fcre-TagDerOffenenT\u00fcr-FINAL.pdf\">diese F\u00e4cherbrosch\u00fcre<\/a>. Sie enth\u00e4lt Informationen zu den Unterrichtsinhalten der EF und beschreibt sinnvolle Vorkenntnisse f\u00fcr die einzelnen F\u00e4cher. Einen \u00dcberblick \u00fcber die sich immer wieder \u00e4ndernen Themen der darauf folgenden zwei Jahre (Qualifikationsphase) erhalten sie in den jeweiligen Schulcurricula oder auf <a href=\"https:\/\/www.standardsicherung.schulministerium.nrw.de\/cms\/zentralabitur-gost\/faecher\/\">dieser Seite<\/a> des Ministeriums.<\/p>\n<p>Zur individuellen Plannung der Schullaufbahn bietet sich zudem die Verwendung des Programms <strong>LUPO<\/strong> an. Es kann an <a href=\"https:\/\/crghagen.de\/?page_id=812\">dieser Stelle<\/a> heruntergeladen werden.<\/p>\n<p>Zur Durchf\u00fchrung der Wahlen f\u00fcr die EF wird an unserer Schule ein Wahlbogen verwendet. Sie finden ihn <a href=\"https:\/\/crghagen.de\/?page_id=565\">hier<\/a>.<\/p>\n<p>Zu Beginn des neuen Halbjahres bieten wir <strong>Informationsveranstaltungen f\u00fcr Sch\u00fcler und Eltern<\/strong> an. Die genauen Daten und Uhrzeiten finden Sie unter <a href=\"https:\/\/crghagen.de\/?page_id=1712\">Termine<\/a>.<\/p>\n<p>&nbsp;<\/p>\n","protected":false},"excerpt":{"rendered":"<p>Die Jahrgangsstufe EF (Einf\u00fchrungsphase) stellt das erste Jahr in der gymnasialen Oberstufe dar. Um allen Sch\u00fclerinnen und Sch\u00fclern &#8211; sowohl denen, die bereits seit der Klasse 5 unsere Schule besuchen, als auch Seiteneinsteigern &#8211; den Start in der Oberstufe zu erleichtern verfolgen wir ein F\u00f6rderkonzept: Kennenlerntreffen: F\u00fcr Seiteneinsteiger von anderen Schulen bieten wir am Ende [&hellip;]<\/p>\n","protected":false},"author":2,"featured_media":0,"parent":358,"menu_order":0,"comment_status":"closed","ping_status":"closed","template":"","meta":{"footnotes":""},"class_list":["post-734","page","type-page","status-publish","hentry","gallery-content-unit"],"_links":{"self":[{"href":"https:\/\/crghagen.de\/index.php?rest_route=\/wp\/v2\/pages\/734","targetHints":{"allow":["GET"]}}],"collection":[{"href":"https:\/\/crghagen.de\/index.php?rest_route=\/wp\/v2\/pages"}],"about":[{"href":"https:\/\/crghagen.de\/index.php?rest_route=\/wp\/v2\/types\/page"}],"author":[{"embeddable":true,"href":"https:\/\/crghagen.de\/index.php?rest_route=\/wp\/v2\/users\/2"}],"replies":[{"embeddable":true,"href":"https:\/\/crghagen.de\/index.php?rest_route=%2Fwp%2Fv2%2Fcomments&post=734"}],"version-history":[{"count":11,"href":"https:\/\/crghagen.de\/index.php?rest_route=\/wp\/v2\/pages\/734\/revisions"}],"predecessor-version":[{"id":2720,"href":"https:\/\/crghagen.de\/index.php?rest_route=\/wp\/v2\/pages\/734\/revisions\/2720"}],"up":[{"embeddable":true,"href":"https:\/\/crghagen.de\/index.php?rest_route=\/wp\/v2\/pages\/358"}],"wp:attachment":[{"href":"https:\/\/crghagen.de\/index.php?rest_route=%2Fwp%2Fv2%2Fmedia&parent=734"}],"curies":[{"name":"wp","href":"https:\/\/api.w.org\/{rel}","templated":true}]}}