{"id":647,"date":"2017-11-29T10:08:49","date_gmt":"2017-11-29T10:08:49","guid":{"rendered":"https:\/\/neu.crghagen.de\/?page_id=647"},"modified":"2018-02-19T20:20:32","modified_gmt":"2018-02-19T20:20:32","slug":"engangement","status":"publish","type":"page","link":"https:\/\/crghagen.de\/?page_id=647","title":{"rendered":"Engagement"},"content":{"rendered":"<p>Unsere Schule engagiert sich auf unterschiedliche Art und Weise in verschiedenen Bereichen.<\/p>\n<p>Seit einigen Jahren sind wir &#8222;Schule ohne Rassismus &#8211; Schule mit Courage&#8220;. Wir bekennen uns also zu den Werten Toleranz und Miteinander und setzen ein klares Zeichen gegen jegliche Form von Diskriminierung. Unsere Sch\u00fclervertretung f\u00fchrt regelm\u00e4\u00dfig unterschiedliche Aktionen durch, die den Titel rechtfertigen: Sommerfeste, Spendenaktionen und ein Flashmob der gesamten Schule sind nur einige Beispiele.<\/p>\n<p>Ein weiteres Siegel, das wir ganz offiziell und stolz neben dem Haupteingang pr\u00e4sentieren, ist das Logo der &#8222;Fair Trade-Schule&#8220;. Wir versuchen also M\u00fcll und Altpapier zu vermeiden und in unserer Mensa wird nicht nur darauf geachtet, dass die angebotenen Snacks gesund sind, ihr k\u00f6nnt auch noch Schokoriegel aus fairem Handel erwerben.<\/p>\n<p>Was uns im Alltag ausmacht, das ist die gegenseitige Unterst\u00fctzung aller Sch\u00fclerinnen und Sch\u00fcler, ob von der SV organisiert oder spontan im t\u00e4glichen Miteinander.<\/p>\n<p>&nbsp;<\/p>\n<p><strong>Folgende Gruppen am CRG engagieren sich ehrenamtlich f\u00fcr andere:<\/strong><\/p>\n<p>Fair Trade Gruppe<\/p>\n<p><a href=\"https:\/\/neu.crghagen.de\/?page_id=832\">Schulsanit\u00e4ter<\/a><\/p>\n<p><a href=\"https:\/\/neu.crghagen.de\/?page_id=837\">Streitschlichter<\/a><\/p>\n<p>&#8230; und nat\u00fcrlich unsere <a href=\"https:\/\/neu.crghagen.de\/?page_id=181\">Sch\u00fclervertretung<\/a><\/p>\n<p>&nbsp;<\/p>\n","protected":false},"excerpt":{"rendered":"<p>Unsere Schule engagiert sich auf unterschiedliche Art und Weise in verschiedenen Bereichen. Seit einigen Jahren sind wir &#8222;Schule ohne Rassismus &#8211; Schule mit Courage&#8220;. Wir bekennen uns also zu den Werten Toleranz und Miteinander und setzen ein klares Zeichen gegen jegliche Form von Diskriminierung. Unsere Sch\u00fclervertretung f\u00fchrt regelm\u00e4\u00dfig unterschiedliche Aktionen durch, die den Titel rechtfertigen: [&hellip;]<\/p>\n","protected":false},"author":2,"featured_media":0,"parent":481,"menu_order":0,"comment_status":"closed","ping_status":"closed","template":"","meta":{"footnotes":""},"class_list":["post-647","page","type-page","status-publish","hentry","gallery-content-unit"],"_links":{"self":[{"href":"https:\/\/crghagen.de\/index.php?rest_route=\/wp\/v2\/pages\/647","targetHints":{"allow":["GET"]}}],"collection":[{"href":"https:\/\/crghagen.de\/index.php?rest_route=\/wp\/v2\/pages"}],"about":[{"href":"https:\/\/crghagen.de\/index.php?rest_route=\/wp\/v2\/types\/page"}],"author":[{"embeddable":true,"href":"https:\/\/crghagen.de\/index.php?rest_route=\/wp\/v2\/users\/2"}],"replies":[{"embeddable":true,"href":"https:\/\/crghagen.de\/index.php?rest_route=%2Fwp%2Fv2%2Fcomments&post=647"}],"version-history":[{"count":8,"href":"https:\/\/crghagen.de\/index.php?rest_route=\/wp\/v2\/pages\/647\/revisions"}],"predecessor-version":[{"id":1013,"href":"https:\/\/crghagen.de\/index.php?rest_route=\/wp\/v2\/pages\/647\/revisions\/1013"}],"up":[{"embeddable":true,"href":"https:\/\/crghagen.de\/index.php?rest_route=\/wp\/v2\/pages\/481"}],"wp:attachment":[{"href":"https:\/\/crghagen.de\/index.php?rest_route=%2Fwp%2Fv2%2Fmedia&parent=647"}],"curies":[{"name":"wp","href":"https:\/\/api.w.org\/{rel}","templated":true}]}}