{"id":645,"date":"2017-11-29T10:07:47","date_gmt":"2017-11-29T10:07:47","guid":{"rendered":"https:\/\/neu.crghagen.de\/?page_id=645"},"modified":"2017-11-30T20:49:33","modified_gmt":"2017-11-30T20:49:33","slug":"vielfalt","status":"publish","type":"page","link":"https:\/\/crghagen.de\/?page_id=645","title":{"rendered":"Vielfalt"},"content":{"rendered":"<p>Unser Gymnasium zeichnet sich vor allem durch seine Vielfalt aus &#8211; und das auf unterschiedliche Art und Weise.<\/p>\n<p>Zun\u00e4chst einmal sind wir das Gymnasium des Stadtteils Haspe und bilden dementsprechend auch das vielf\u00e4ltige Gesicht Haspes ab. Sch\u00fclerinnen und Sch\u00fclern aus vielen unterschiedlichen Herkunftsl\u00e4ndern besuchen unsere Schule und machen uns somit zu einem Ort der Toleranz, Akzeptanz und des Miteinanders. Nicht umsonst sind wir ganz offiziell eine &#8222;Schule ohne Rassismus &#8211; Schule mit Courage&#8220;.<\/p>\n<p>Auch unser Angebot ist im wahrsten Sinne des Wortes vielf\u00e4ltig. Wir erm\u00f6glichen es unseren Sch\u00fclern individuelle Schwerpunkte zu setzen im Hinblick auf die eigene Schullaufbahn. N\u00e4heres dazu findet ihr auch unter dem Punkt &#8222;Lernen am CRG&#8220;. Auch \u00fcber den Unterricht hinaus haben alle Sch\u00fclerinnen und Sch\u00fcler vielf\u00e4ltige M\u00f6glichkeiten sich an Arbeitsgemeinschaften zu beteiligen, zum Beispiel im Bereich Sport.<\/p>\n<p>Nicht zuletzt sind auch die r\u00e4umlichen Begebenheiten vielf\u00e4ltig. Das urspr\u00fcngliche Geb\u00e4ude, heute auch Altbau genannt, wurde im Laufe der Zeit um den naturwissenschaftlichen Geb\u00e4udekomplex erweitert und in den letzten Jahren auch noch um einen modernen Anbau mit weiteren acht Kurs- und Fachr\u00e4umen. Seit dem Jahr 2014 geh\u00f6rt auch die Villa Heubing zu unserer Schule, in der fr\u00fcher die Hauptschule beheimatet war. Platz ist bei uns also genug.<\/p>\n","protected":false},"excerpt":{"rendered":"<p>Unser Gymnasium zeichnet sich vor allem durch seine Vielfalt aus &#8211; und das auf unterschiedliche Art und Weise. Zun\u00e4chst einmal sind wir das Gymnasium des Stadtteils Haspe und bilden dementsprechend auch das vielf\u00e4ltige Gesicht Haspes ab. Sch\u00fclerinnen und Sch\u00fclern aus vielen unterschiedlichen Herkunftsl\u00e4ndern besuchen unsere Schule und machen uns somit zu einem Ort der Toleranz, [&hellip;]<\/p>\n","protected":false},"author":2,"featured_media":0,"parent":481,"menu_order":0,"comment_status":"closed","ping_status":"closed","template":"","meta":{"footnotes":""},"class_list":["post-645","page","type-page","status-publish","hentry","gallery-content-unit"],"_links":{"self":[{"href":"https:\/\/crghagen.de\/index.php?rest_route=\/wp\/v2\/pages\/645","targetHints":{"allow":["GET"]}}],"collection":[{"href":"https:\/\/crghagen.de\/index.php?rest_route=\/wp\/v2\/pages"}],"about":[{"href":"https:\/\/crghagen.de\/index.php?rest_route=\/wp\/v2\/types\/page"}],"author":[{"embeddable":true,"href":"https:\/\/crghagen.de\/index.php?rest_route=\/wp\/v2\/users\/2"}],"replies":[{"embeddable":true,"href":"https:\/\/crghagen.de\/index.php?rest_route=%2Fwp%2Fv2%2Fcomments&post=645"}],"version-history":[{"count":3,"href":"https:\/\/crghagen.de\/index.php?rest_route=\/wp\/v2\/pages\/645\/revisions"}],"predecessor-version":[{"id":684,"href":"https:\/\/crghagen.de\/index.php?rest_route=\/wp\/v2\/pages\/645\/revisions\/684"}],"up":[{"embeddable":true,"href":"https:\/\/crghagen.de\/index.php?rest_route=\/wp\/v2\/pages\/481"}],"wp:attachment":[{"href":"https:\/\/crghagen.de\/index.php?rest_route=%2Fwp%2Fv2%2Fmedia&parent=645"}],"curies":[{"name":"wp","href":"https:\/\/api.w.org\/{rel}","templated":true}]}}