{"id":401,"date":"2017-03-29T10:49:05","date_gmt":"2017-03-29T10:49:05","guid":{"rendered":"https:\/\/crghagenblog.wordpress.com\/?page_id=401"},"modified":"2022-09-20T08:58:05","modified_gmt":"2022-09-20T07:58:05","slug":"schule-der-zukunft","status":"publish","type":"page","link":"https:\/\/crghagen.de\/?page_id=401","title":{"rendered":"Schule der Zukunft"},"content":{"rendered":"\t\t<div data-elementor-type=\"wp-page\" data-elementor-id=\"401\" class=\"elementor elementor-401\">\n\t\t\t\t\t\t<div class=\"elementor-inner\">\n\t\t\t\t<div class=\"elementor-section-wrap\">\n\t\t\t\t\t\t\t\t\t<section class=\"elementor-section elementor-top-section elementor-element elementor-element-710357f7 elementor-section-boxed elementor-section-height-default elementor-section-height-default\" data-id=\"710357f7\" data-element_type=\"section\">\n\t\t\t\t\t\t<div class=\"elementor-container elementor-column-gap-default\">\n\t\t\t\t\t\t\t<div class=\"elementor-row\">\n\t\t\t\t\t<div class=\"elementor-column elementor-col-100 elementor-top-column elementor-element elementor-element-5adfa0c7\" data-id=\"5adfa0c7\" data-element_type=\"column\">\n\t\t\t<div class=\"elementor-column-wrap elementor-element-populated\">\n\t\t\t\t\t\t\t<div class=\"elementor-widget-wrap\">\n\t\t\t\t\t\t<div class=\"elementor-element elementor-element-4e5939ee elementor-widget elementor-widget-text-editor\" data-id=\"4e5939ee\" data-element_type=\"widget\" data-widget_type=\"text-editor.default\">\n\t\t\t\t<div class=\"elementor-widget-container\">\n\t\t\t\t\t\t\t\t<div class=\"elementor-text-editor elementor-clearfix\">\n\t\t\t\t<p>Das Projekt &#8222;Schule der Zukunft&#8220; bringt seit 2016 das nachhaltige Leben, Konsumieren und Lernen ans Christian-Rohlfs-Gymnasium. Die &#8222;Fairtradegruppe&#8220; sorgt schon seit einigen Jahren daf\u00fcr, dass dies mit dem Baustein &#8222;Fairer (Welt-) Handel&#8220; an unserer Schule Wirklichkeit wird.<\/p><p>Seit Herbst 2013 ist unsere Schule Fairtrade-School. Das bedeutet nicht nur, dass wir in einzelnen Unterrichtsf\u00e4chern wie Englisch oder Erdkunde \u00fcber fairen Handel reden, sondern auch, dass man an unserer Schule fair konsumieren kann. Wir haben drei Verkaufsstellen, an denen man Schokolade,\u00a0 Gummib\u00e4rchen, Kaugummi, Trockenobst, N\u00fcsse, neuerdings auch Kaffepads und Orangensaft erwerben kann. Auch Schreibwaren aus zertifizierter Produktion geh\u00f6ren zu unserem Angebot. Im Verkauf engagieren sich inzwischen 30-40 Sch\u00fclerinnen und Sch\u00fcler und einige Lehrkr\u00e4fte. Wir versuchen, an allen Wochentagen mit unserem Angebot pr\u00e4sent zu sein. Des Weiteren setzen wir darauf, dass die gesamte Schulgemeinschaft auf die M\u00fcllproduktion achtet und versucht, diese zu reduzieren. Schon vor l\u00e4ngerer Zeit wurden alle Klassen- und Fachr\u00e4ume neben den normalen M\u00fclleimern mit Boxen ausgestattet, in denen Papierabfall separat gesammelt wird.<\/p><p>Eine Kooperation besteht auch mit dem &#8222;Allerwelthaus Hagen&#8220;.<\/p><p>Nat\u00fcrlich beteiligen wir uns auch an Highlights wie Schulfesten oder dem Tag der offenen T\u00fcr. F\u00fcr den 6. Dezember organisieren wir allj\u00e4hrlich eine Nikolausaktion, bei der Sch\u00fclerinnen und Sch\u00fcler, aber auch Lehrer und andere Mitarbeiter, sich gegenseitig beschenken. So bringen wir Jahr f\u00fcr Jahr mehrere hundert fair gehandelte Schokonikol\u00e4use unter die Leute und sorgen f\u00fcr eine vorweihnachtliche \u00dcberraschung.<\/p><p align=\"justify\">\u00a0<\/p>\t\t\t\t\t<\/div>\n\t\t\t\t\t\t<\/div>\n\t\t\t\t<\/div>\n\t\t\t\t\t\t<\/div>\n\t\t\t\t\t<\/div>\n\t\t<\/div>\n\t\t\t\t\t\t\t\t<\/div>\n\t\t\t\t\t<\/div>\n\t\t<\/section>\n\t\t\t\t\t\t\t\t\t<\/div>\n\t\t\t<\/div>\n\t\t\t\t\t<\/div>\n\t\t","protected":false},"excerpt":{"rendered":"<p>Das Projekt &#8222;Schule der Zukunft&#8220; bringt seit 2016 das nachhaltige Leben, Konsumieren und Lernen ans Christian-Rohlfs-Gymnasium. Die &#8222;Fairtradegruppe&#8220; sorgt schon seit einigen Jahren daf\u00fcr, dass dies mit dem Baustein &#8222;Fairer (Welt-) Handel&#8220; an unserer Schule Wirklichkeit wird. Seit Herbst 2013 ist unsere Schule Fairtrade-School. Das bedeutet nicht nur, dass wir in einzelnen Unterrichtsf\u00e4chern wie Englisch [&hellip;]<\/p>\n","protected":false},"author":3,"featured_media":0,"parent":481,"menu_order":0,"comment_status":"closed","ping_status":"closed","template":"","meta":{"footnotes":""},"class_list":["post-401","page","type-page","status-publish","hentry","gallery-content-unit"],"_links":{"self":[{"href":"https:\/\/crghagen.de\/index.php?rest_route=\/wp\/v2\/pages\/401","targetHints":{"allow":["GET"]}}],"collection":[{"href":"https:\/\/crghagen.de\/index.php?rest_route=\/wp\/v2\/pages"}],"about":[{"href":"https:\/\/crghagen.de\/index.php?rest_route=\/wp\/v2\/types\/page"}],"author":[{"embeddable":true,"href":"https:\/\/crghagen.de\/index.php?rest_route=\/wp\/v2\/users\/3"}],"replies":[{"embeddable":true,"href":"https:\/\/crghagen.de\/index.php?rest_route=%2Fwp%2Fv2%2Fcomments&post=401"}],"version-history":[{"count":10,"href":"https:\/\/crghagen.de\/index.php?rest_route=\/wp\/v2\/pages\/401\/revisions"}],"predecessor-version":[{"id":4209,"href":"https:\/\/crghagen.de\/index.php?rest_route=\/wp\/v2\/pages\/401\/revisions\/4209"}],"up":[{"embeddable":true,"href":"https:\/\/crghagen.de\/index.php?rest_route=\/wp\/v2\/pages\/481"}],"wp:attachment":[{"href":"https:\/\/crghagen.de\/index.php?rest_route=%2Fwp%2Fv2%2Fmedia&parent=401"}],"curies":[{"name":"wp","href":"https:\/\/api.w.org\/{rel}","templated":true}]}}