{"id":358,"date":"2017-03-29T01:01:25","date_gmt":"2017-03-28T23:01:25","guid":{"rendered":"https:\/\/crghagenblog.wordpress.com\/?page_id=358"},"modified":"2025-09-29T08:32:37","modified_gmt":"2025-09-29T07:32:37","slug":"die-oberstufe","status":"publish","type":"page","link":"https:\/\/crghagen.de\/?page_id=358","title":{"rendered":"Die Oberstufe"},"content":{"rendered":"\t\t<div data-elementor-type=\"wp-page\" data-elementor-id=\"358\" class=\"elementor elementor-358\">\n\t\t\t\t\t\t<div class=\"elementor-inner\">\n\t\t\t\t<div class=\"elementor-section-wrap\">\n\t\t\t\t\t\t\t\t\t<section class=\"elementor-section elementor-top-section elementor-element elementor-element-25608c12 elementor-section-boxed elementor-section-height-default elementor-section-height-default\" data-id=\"25608c12\" data-element_type=\"section\">\n\t\t\t\t\t\t<div class=\"elementor-container elementor-column-gap-default\">\n\t\t\t\t\t\t\t<div class=\"elementor-row\">\n\t\t\t\t\t<div class=\"elementor-column elementor-col-100 elementor-top-column elementor-element elementor-element-4ccc5c59\" data-id=\"4ccc5c59\" data-element_type=\"column\">\n\t\t\t<div class=\"elementor-column-wrap elementor-element-populated\">\n\t\t\t\t\t\t\t<div class=\"elementor-widget-wrap\">\n\t\t\t\t\t\t<div class=\"elementor-element elementor-element-4e3e2fe8 elementor-widget elementor-widget-text-editor\" data-id=\"4e3e2fe8\" data-element_type=\"widget\" data-widget_type=\"text-editor.default\">\n\t\t\t\t<div class=\"elementor-widget-container\">\n\t\t\t\t\t\t\t\t<div class=\"elementor-text-editor elementor-clearfix\">\n\t\t\t\t<p>Die gymnasiale Oberstufe umfasst die Jahrgangsstufen EF, Q1 und Q2. Da wir in der Jahrgangsstufe EF traditionell viele Seiteneinsteigern von anderen Schulformen aufnehmen, k\u00f6nnen wir meistens eine recht gro\u00dfe Oberstufe und damit auch ein vielf\u00e4ltiges Kursangebot realisieren. Grunds\u00e4tzlich gilt bei uns die Devise, dass fast alle F\u00e4cher als Leistungskurs angeboten werden und das Wahlverhalten der Sch\u00fclerinnen und Sch\u00fcler \u00fcber die Einrichtung entscheidet. In der Vergangenheit konnten wir bereits einmal Leistungskurse in vier Gesellschaftswissenschaften (Geschichte, P\u00e4dagogik, Sozialwissenschaften und Erdkunde) anbieten. Aktuell besteht hingegen bei unserer Sch\u00fclerschaft gro\u00dfes Interesse am Kunst LK, der nun das zweite Mal in Folge realisiert werden konnte.<\/p>\n<p>Das Team des Oberstufenb\u00fcros wird geleitet von Anna Renfordt, die die Oberstufenkoordination inne hat.<\/p>\n<p>Die Betreuung der Jahrgangsstufen erfolgt bei uns durch Teams:<\/p>\n<ul>\n<li>Stufenleitung der aktuellen EF: Melanie Wingenfeld und Patrik Torwesten<\/li>\n<li>Stufenleitung der Q1: Lena Sonnenschein und Florian Fleper<\/li>\n<li>Stufenleitung der Q2: Judith Str\u00fccker und Sebastian Lingst\u00e4dt<\/li>\n<li>Stufenleitung der kommenden EF: Melanie Kirschenberger und Justus Wingenfeld<\/li>\n<\/ul>\n<h4>Stufenspezifische Informationen zu den einzelnen Jahrgangsstufen sind hier zu finden:<\/h4>\n<p>Informationen f\u00fcr den B\u00fcndelungsjahrgang (Start: Sommer 2023)<\/p>\n<p><a href=\"https:\/\/crghagen.de\/?page_id=734\">Informationen f\u00fcr die kommenden Jahrgangsstufen EF (ab Sommer 2024)<\/a><\/p>\n<p><a href=\"https:\/\/crghagen.de\/?page_id=745\">Informationen zur Jahrgangsstufe EF<\/a><\/p>\n<p><a href=\"https:\/\/crghagen.de\/?page_id=747\">Informationen zur Jahrgangsstufe Q1<\/a><\/p>\n<p>Informationen zur Jahrgangsstufe Q2<\/p>\n<p><strong>Jahrgangsstufen\u00fcbergreifende Informationen:<\/strong><\/p>\n<p>Neben dem eigentlichen Unterricht bieten wir verschiedene fakultative studien- und berufsberatende Veranstaltungen an:<\/p>\n<ul>\n<li>Studien- und Berufsberatung durch die Arbeitsagentur Hagen<\/li>\n<li>Talentscouting (in Kooperation mit der Ruhr-Universit\u00e4t-Bochum)<\/li>\n<li>Besuch von Messen zur Studien- und Berufsberatung<\/li>\n<\/ul>\n<p><strong>Individuelle F\u00f6rderung in der gymnasialen Oberstufe<\/strong><\/p>\n<ul>\n<li>Durch kleine Deutsch\/Mathe\/Englisch Kurse in der Einf\u00fchrungsphase versuchen wir unsere einzelnen Sch\u00fclerinnen und Sch\u00fcler besser kennenzulernen als dies in gro\u00dfen Lerngruppen der Fall w\u00e4re. Die Fachlehrer dieser Kurse leiten eine <strong>systematische R\u00fcckmeldung \u00fcber ihre Sch\u00fclerinnen und Sch\u00fcler an die Stufenleitung<\/strong> der EF.<\/li>\n<li>In der EF bieten wir in verschiedenen F\u00e4chern <strong>Vertiefungskurse<\/strong> an. Diese k\u00f6nnen sowohl zum Abbau von Schw\u00e4chen als auch der Vertiefungs individueller Schwerpunkte (im Sinne einer St\u00e4rkenf\u00f6rderung) genutzt werden.<\/li>\n<li>Besonders begabte Sch\u00fclerinnen und Sch\u00fcler der EF, Q1 oder Q2 k\u00f6nnen im Rahmen der <strong>Begabtenf\u00f6rderung<\/strong> des CRGs ein individualisiertes F\u00f6rderangebot erhalten. Auch ist in Absprache mit der Oberstufenkoordination grunds\u00e4tzlich ein <strong>Sch\u00fclerstudium<\/strong> m\u00f6glich. Angeboten wird dies bspw. von der <a href=\"https:\/\/www.fernuni-hagen.de\/studium\/fernuni_fuer_alle\/schuelerstudium.shtml\" target=\"_blank\" rel=\"noopener noreferrer\">FernUniversit\u00e4t Hagen<\/a> (hier entf\u00e4llt verst\u00e4ndlicherweise die Notwendigkeit des regelm\u00e4\u00dfigen Pendelns zum Hochschulstandort) oder der von der Schule recht gut zu erreichenden <a href=\"https:\/\/www.zsb.uni-wuppertal.de\/fuer-schuelerinnen-und-schueler\/studieren-vor-dem-abitur.html\" target=\"_blank\" rel=\"noopener noreferrer\">Bergischen Universit\u00e4t Wuppertal<\/a>. Aber auch weitere Universit\u00e4ten in der Umgebung bieten solche Angebote.<\/li>\n<\/ul>\t\t\t\t\t<\/div>\n\t\t\t\t\t\t<\/div>\n\t\t\t\t<\/div>\n\t\t\t\t\t\t<\/div>\n\t\t\t\t\t<\/div>\n\t\t<\/div>\n\t\t\t\t\t\t\t\t<\/div>\n\t\t\t\t\t<\/div>\n\t\t<\/section>\n\t\t\t\t\t\t\t\t\t<\/div>\n\t\t\t<\/div>\n\t\t\t\t\t<\/div>\n\t\t","protected":false},"excerpt":{"rendered":"<p>Die gymnasiale Oberstufe umfasst die Jahrgangsstufen EF, Q1 und Q2. Da wir in der Jahrgangsstufe EF traditionell viele Seiteneinsteigern von anderen Schulformen aufnehmen, k\u00f6nnen wir meistens eine recht gro\u00dfe Oberstufe und damit auch ein vielf\u00e4ltiges Kursangebot realisieren. Grunds\u00e4tzlich gilt bei uns die Devise, dass fast alle F\u00e4cher als Leistungskurs angeboten werden und das Wahlverhalten der [&hellip;]<\/p>\n","protected":false},"author":2,"featured_media":0,"parent":352,"menu_order":0,"comment_status":"closed","ping_status":"closed","template":"","meta":{"footnotes":""},"class_list":["post-358","page","type-page","status-publish","hentry","gallery-content-unit"],"_links":{"self":[{"href":"https:\/\/crghagen.de\/index.php?rest_route=\/wp\/v2\/pages\/358","targetHints":{"allow":["GET"]}}],"collection":[{"href":"https:\/\/crghagen.de\/index.php?rest_route=\/wp\/v2\/pages"}],"about":[{"href":"https:\/\/crghagen.de\/index.php?rest_route=\/wp\/v2\/types\/page"}],"author":[{"embeddable":true,"href":"https:\/\/crghagen.de\/index.php?rest_route=\/wp\/v2\/users\/2"}],"replies":[{"embeddable":true,"href":"https:\/\/crghagen.de\/index.php?rest_route=%2Fwp%2Fv2%2Fcomments&post=358"}],"version-history":[{"count":70,"href":"https:\/\/crghagen.de\/index.php?rest_route=\/wp\/v2\/pages\/358\/revisions"}],"predecessor-version":[{"id":6295,"href":"https:\/\/crghagen.de\/index.php?rest_route=\/wp\/v2\/pages\/358\/revisions\/6295"}],"up":[{"embeddable":true,"href":"https:\/\/crghagen.de\/index.php?rest_route=\/wp\/v2\/pages\/352"}],"wp:attachment":[{"href":"https:\/\/crghagen.de\/index.php?rest_route=%2Fwp%2Fv2%2Fmedia&parent=358"}],"curies":[{"name":"wp","href":"https:\/\/api.w.org\/{rel}","templated":true}]}}