{"id":356,"date":"2017-03-29T01:00:57","date_gmt":"2017-03-29T01:00:57","guid":{"rendered":"https:\/\/crghagenblog.wordpress.com\/?page_id=356"},"modified":"2025-09-10T07:28:09","modified_gmt":"2025-09-10T06:28:09","slug":"die-mittelstufe","status":"publish","type":"page","link":"https:\/\/crghagen.de\/?page_id=356","title":{"rendered":"Die Mittelstufe"},"content":{"rendered":"\t\t<div data-elementor-type=\"wp-page\" data-elementor-id=\"356\" class=\"elementor elementor-356\">\n\t\t\t\t\t\t<div class=\"elementor-inner\">\n\t\t\t\t<div class=\"elementor-section-wrap\">\n\t\t\t\t\t\t\t\t\t<section class=\"elementor-section elementor-top-section elementor-element elementor-element-3a37e889 elementor-section-boxed elementor-section-height-default elementor-section-height-default\" data-id=\"3a37e889\" data-element_type=\"section\">\n\t\t\t\t\t\t<div class=\"elementor-container elementor-column-gap-default\">\n\t\t\t\t\t\t\t<div class=\"elementor-row\">\n\t\t\t\t\t<div class=\"elementor-column elementor-col-100 elementor-top-column elementor-element elementor-element-bb51611\" data-id=\"bb51611\" data-element_type=\"column\">\n\t\t\t<div class=\"elementor-column-wrap elementor-element-populated\">\n\t\t\t\t\t\t\t<div class=\"elementor-widget-wrap\">\n\t\t\t\t\t\t<div class=\"elementor-element elementor-element-17d14c8 elementor-widget elementor-widget-text-editor\" data-id=\"17d14c8\" data-element_type=\"widget\" data-widget_type=\"text-editor.default\">\n\t\t\t\t<div class=\"elementor-widget-container\">\n\t\t\t\t\t\t\t\t<div class=\"elementor-text-editor elementor-clearfix\">\n\t\t\t\t<p>Die Mittelstufe umfasst derzeit im G9-System die Jahrg\u00e4nge 7 bis 10. In dieser Zeit werden die Jugendlichen\u00a0 am CRG nicht nur auf den Besuch der gymnasialen Oberstufe vorbereitet, sondern auch hinsichtlich ihrer individuellen Neigungen in dem Prozess unterst\u00fctzt, pers\u00f6nliche St\u00e4rken zu erkennen und zu entwickeln.<\/p><div id=\"attachment_1284\" style=\"width: 179px\" class=\"wp-caption alignright\"><img loading=\"lazy\" decoding=\"async\" aria-describedby=\"caption-attachment-1284\" class=\"size-medium wp-image-1284\" src=\"https:\/\/neu.crghagen.de\/wp-content\/uploads\/2018\/06\/Calinski-169x300.jpg\" alt=\"\" width=\"169\" height=\"300\" srcset=\"https:\/\/crghagen.de\/wp-content\/uploads\/2018\/06\/Calinski-169x300.jpg 169w, https:\/\/crghagen.de\/wp-content\/uploads\/2018\/06\/Calinski-768x1365.jpg 768w, https:\/\/crghagen.de\/wp-content\/uploads\/2018\/06\/Calinski-576x1024.jpg 576w, https:\/\/crghagen.de\/wp-content\/uploads\/2018\/06\/Calinski.jpg 1080w\" sizes=\"auto, (max-width: 169px) 100vw, 169px\" \/><p id=\"caption-attachment-1284\" class=\"wp-caption-text\">Herr Calinski ist als Koordinator f\u00fcr die Mittelstufe verantwortlich<\/p><\/div><p>Im unterrichtlichen Bereich findet sich dieses Bestreben in der M\u00f6glichkeit der Wahl eines weiteren Wahlpflichtfaches, das in den Jahrgangsstufen 9 und 10 unterrichtet wird, wieder. Hier haben die jungen Leute die M\u00f6glichkeit, aus vier F\u00e4chern (Geschichte\/Politik, Guugle\/Bio-Chemie, Mathematik\/Informatik\/Technik und Spanisch) eines auszuw\u00e4hlen, das ihren Interessen entspricht.<\/p><p>Die pers\u00f6nliche St\u00e4rkung der Jugendlichen in diesen Lebensjahren, die naturbedingt nicht frei von Zweifeln und Unsicherheiten sind, f\u00f6rdern wir neben einem breit gef\u00e4cherten AG-Angebot durch die in Jahrgangsstufe 8 stattfindende einw\u00f6chige Woche der Selbstbehauptung f\u00fcr Jungen und M\u00e4dchen sowie durch ein mehrt\u00e4giges Seminar zum Thema Sexualit\u00e4t in der Klasse 9.<\/p><p>In der Jahrgangsstufe 9 nehmen die Sch\u00fclerinnen und Sch\u00fcler an einer von einem Institut durchgef\u00fchrten Potenzialanalyse teil, an die sich erste Firmenpraktika, der Besuch der Ausbildungsmesse und ein zweiw\u00f6chiges Betriebspraktikum anschlie\u00dfen. Diese Berufsvorbereitung wird in der Oberstufe weitergef\u00fchrt. Einen wichtigen Meilenstein in der Mittelstufe stellen die zentralen Pr\u00fcfungen in der Jahrgangsstufe 10 in den F\u00e4chern Deutsch, Englisch und Mathematik dar. Bei Versetzung in die EF wird automatisch auch der Mittlere Schulabschluss vergeben.<\/p>\t\t\t\t\t<\/div>\n\t\t\t\t\t\t<\/div>\n\t\t\t\t<\/div>\n\t\t\t\t\t\t<\/div>\n\t\t\t\t\t<\/div>\n\t\t<\/div>\n\t\t\t\t\t\t\t\t<\/div>\n\t\t\t\t\t<\/div>\n\t\t<\/section>\n\t\t\t\t\t\t\t\t\t<\/div>\n\t\t\t<\/div>\n\t\t\t\t\t<\/div>\n\t\t","protected":false},"excerpt":{"rendered":"<p>Die Mittelstufe umfasst derzeit im G9-System die Jahrg\u00e4nge 7 bis 10. In dieser Zeit werden die Jugendlichen\u00a0 am CRG nicht nur auf den Besuch der gymnasialen Oberstufe vorbereitet, sondern auch hinsichtlich ihrer individuellen Neigungen in dem Prozess unterst\u00fctzt, pers\u00f6nliche St\u00e4rken zu erkennen und zu entwickeln. Im unterrichtlichen Bereich findet sich dieses Bestreben in der M\u00f6glichkeit [&hellip;]<\/p>\n","protected":false},"author":2,"featured_media":0,"parent":352,"menu_order":0,"comment_status":"closed","ping_status":"closed","template":"","meta":{"footnotes":""},"class_list":["post-356","page","type-page","status-publish","hentry","gallery-content-unit"],"_links":{"self":[{"href":"https:\/\/crghagen.de\/index.php?rest_route=\/wp\/v2\/pages\/356","targetHints":{"allow":["GET"]}}],"collection":[{"href":"https:\/\/crghagen.de\/index.php?rest_route=\/wp\/v2\/pages"}],"about":[{"href":"https:\/\/crghagen.de\/index.php?rest_route=\/wp\/v2\/types\/page"}],"author":[{"embeddable":true,"href":"https:\/\/crghagen.de\/index.php?rest_route=\/wp\/v2\/users\/2"}],"replies":[{"embeddable":true,"href":"https:\/\/crghagen.de\/index.php?rest_route=%2Fwp%2Fv2%2Fcomments&post=356"}],"version-history":[{"count":27,"href":"https:\/\/crghagen.de\/index.php?rest_route=\/wp\/v2\/pages\/356\/revisions"}],"predecessor-version":[{"id":6236,"href":"https:\/\/crghagen.de\/index.php?rest_route=\/wp\/v2\/pages\/356\/revisions\/6236"}],"up":[{"embeddable":true,"href":"https:\/\/crghagen.de\/index.php?rest_route=\/wp\/v2\/pages\/352"}],"wp:attachment":[{"href":"https:\/\/crghagen.de\/index.php?rest_route=%2Fwp%2Fv2%2Fmedia&parent=356"}],"curies":[{"name":"wp","href":"https:\/\/api.w.org\/{rel}","templated":true}]}}