{"id":352,"date":"2017-03-29T00:59:33","date_gmt":"2017-03-28T22:59:33","guid":{"rendered":"https:\/\/crghagenblog.wordpress.com\/?page_id=352"},"modified":"2018-06-01T15:46:12","modified_gmt":"2018-06-01T15:46:12","slug":"jahrgangsstufen","status":"publish","type":"page","link":"https:\/\/crghagen.de\/?page_id=352","title":{"rendered":"Jahrgangsstufen"},"content":{"rendered":"<div id=\"attachment_1278\" style=\"width: 339px\" class=\"wp-caption alignleft\"><img loading=\"lazy\" decoding=\"async\" aria-describedby=\"caption-attachment-1278\" class=\"wp-image-1278\" src=\"https:\/\/neu.crghagen.de\/wp-content\/uploads\/2018\/06\/Team-Koordinatoren-300x171.jpg\" alt=\"\" width=\"329\" height=\"188\" srcset=\"https:\/\/crghagen.de\/wp-content\/uploads\/2018\/06\/Team-Koordinatoren-300x171.jpg 300w, https:\/\/crghagen.de\/wp-content\/uploads\/2018\/06\/Team-Koordinatoren-768x438.jpg 768w, https:\/\/crghagen.de\/wp-content\/uploads\/2018\/06\/Team-Koordinatoren-1024x584.jpg 1024w, https:\/\/crghagen.de\/wp-content\/uploads\/2018\/06\/Team-Koordinatoren.jpg 1127w\" sizes=\"auto, (max-width: 329px) 100vw, 329px\" \/><p id=\"caption-attachment-1278\" class=\"wp-caption-text\">Die verantwortlichen Koordinatoren: Frau Renfordt (links), Oberstufe; Frau Truskawa (Mitte), Erprobungsstufe; Herr Calinksi (rechts), Mittelstufe<\/p><\/div>\n<p>Wie an fast allen anderen Gymnasien in NRW umfasst eine Laufbahn bis zum Abitur am Christian-Rohlfs-Gymnasium derzeit acht Schuljahre (G8).<\/p>\n<p>Nach der 5. und 6. Klasse endet die Erprobungsstufe und man befindet sich in der Mittelstufe. Nach der 9. Klasse beginnt dann mit der Jahrgangsstufe der sogenannten Einf\u00fchrungsphase die Oberstufe, daran schlie\u00dfen sich die zwei Jahre der Qualifikationsphase an, die mit den Abiturpr\u00fcfungen enden.<\/p>\n<p>Auf den jeweiligen Seiten k\u00f6nnen Sie sich \u00fcber die einzelnen Stufen genauer informieren.<\/p>\n","protected":false},"excerpt":{"rendered":"<p>Wie an fast allen anderen Gymnasien in NRW umfasst eine Laufbahn bis zum Abitur am Christian-Rohlfs-Gymnasium derzeit acht Schuljahre (G8). Nach der 5. und 6. Klasse endet die Erprobungsstufe und man befindet sich in der Mittelstufe. Nach der 9. Klasse beginnt dann mit der Jahrgangsstufe der sogenannten Einf\u00fchrungsphase die Oberstufe, daran schlie\u00dfen sich die zwei [&hellip;]<\/p>\n","protected":false},"author":2,"featured_media":0,"parent":0,"menu_order":0,"comment_status":"closed","ping_status":"closed","template":"","meta":{"footnotes":""},"class_list":["post-352","page","type-page","status-publish","hentry","gallery-content-unit"],"_links":{"self":[{"href":"https:\/\/crghagen.de\/index.php?rest_route=\/wp\/v2\/pages\/352","targetHints":{"allow":["GET"]}}],"collection":[{"href":"https:\/\/crghagen.de\/index.php?rest_route=\/wp\/v2\/pages"}],"about":[{"href":"https:\/\/crghagen.de\/index.php?rest_route=\/wp\/v2\/types\/page"}],"author":[{"embeddable":true,"href":"https:\/\/crghagen.de\/index.php?rest_route=\/wp\/v2\/users\/2"}],"replies":[{"embeddable":true,"href":"https:\/\/crghagen.de\/index.php?rest_route=%2Fwp%2Fv2%2Fcomments&post=352"}],"version-history":[{"count":6,"href":"https:\/\/crghagen.de\/index.php?rest_route=\/wp\/v2\/pages\/352\/revisions"}],"predecessor-version":[{"id":1283,"href":"https:\/\/crghagen.de\/index.php?rest_route=\/wp\/v2\/pages\/352\/revisions\/1283"}],"wp:attachment":[{"href":"https:\/\/crghagen.de\/index.php?rest_route=%2Fwp%2Fv2%2Fmedia&parent=352"}],"curies":[{"name":"wp","href":"https:\/\/api.w.org\/{rel}","templated":true}]}}