{"id":346,"date":"2017-03-28T23:56:18","date_gmt":"2017-03-28T23:56:18","guid":{"rendered":"https:\/\/crghagenblog.wordpress.com\/?page_id=346"},"modified":"2025-02-07T10:10:58","modified_gmt":"2025-02-07T09:10:58","slug":"bilinguales-lernen","status":"publish","type":"page","link":"https:\/\/crghagen.de\/?page_id=346","title":{"rendered":"Bilinguales Lernen"},"content":{"rendered":"\t\t<div data-elementor-type=\"wp-page\" data-elementor-id=\"346\" class=\"elementor elementor-346\">\n\t\t\t\t\t\t<div class=\"elementor-inner\">\n\t\t\t\t<div class=\"elementor-section-wrap\">\n\t\t\t\t\t\t\t\t\t<section class=\"elementor-section elementor-top-section elementor-element elementor-element-5ceb3513 elementor-section-boxed elementor-section-height-default elementor-section-height-default\" data-id=\"5ceb3513\" data-element_type=\"section\">\n\t\t\t\t\t\t<div class=\"elementor-container elementor-column-gap-default\">\n\t\t\t\t\t\t\t<div class=\"elementor-row\">\n\t\t\t\t\t<div class=\"elementor-column elementor-col-100 elementor-top-column elementor-element elementor-element-588d0124\" data-id=\"588d0124\" data-element_type=\"column\">\n\t\t\t<div class=\"elementor-column-wrap elementor-element-populated\">\n\t\t\t\t\t\t\t<div class=\"elementor-widget-wrap\">\n\t\t\t\t\t\t<div class=\"elementor-element elementor-element-37dc176f elementor-widget elementor-widget-text-editor\" data-id=\"37dc176f\" data-element_type=\"widget\" data-widget_type=\"text-editor.default\">\n\t\t\t\t<div class=\"elementor-widget-container\">\n\t\t\t\t\t\t\t\t<div class=\"elementor-text-editor elementor-clearfix\">\n\t\t\t\t<p>Weltweit ist die englische Sprache das Kommunikationsmittel in nahezu allen Bereichen. Nicht nur im Alltagsleben, sondern zunehmend in Bereichen der Forschung, Wirtschaft und Politik nimmt diese Sprache einen hohen Stellenwert ein. Sich hier sach- und fachkompetent ausdr\u00fccken zu k\u00f6nnen schafft Sicherheit und schl\u00e4gt Br\u00fccken.<\/p><p>Das Christian-Rohlfs-Gymnasium bietet deshalb seit vielen Jahren f\u00fcr interessierte Sch\u00fclerinnen und Sch\u00fcler die M\u00f6glichkeit an, zum normalen Fremdsprachenunterricht im Fach Englisch (1. Fremdsprache) weitere Sprachkompetenz auch in den Sachf\u00e4chern Erdkunde, Geschichte und Politik zu erwerben. Dies geschieht durch das Angebot im bilingualen Zweig von Beginn der Klasse 5 an.<\/p><p>\u201eBilingualer Unterricht\u201c ist in diesem Sinne Unterricht in zwei Sprachen, in dem \u00fcber den traditionellen Fremdsprachenunterricht hinaus auch zunehmend Teile des Fachunterrichts in der Fremdsprache erteilt werden. Er folgt damit einer zweifachen Zielsetzung: als erweiterter Fremdsprachenunterricht f\u00fchrt er zu einer erh\u00f6hten Sprachkompetenz; als Fachunterricht in der Fremdsprache bef\u00e4higt er engagierte Sch\u00fclerinnen und Sch\u00fcler fachliche Sachverhalte in den Lernbereichen Wirtschaft, Kultur, Politik und gegebenenfalls Naturwissenschaften zu verstehen und mit Hilfe der jeweiligen Fachmethoden &#8211; nun in englischer Fachterminologie \u2013 zu erarbeiten und darzustellen. Der bilinguale Unterricht und das bilinguale Lernen enthalten somit eine deutliche studien- und berufsvorbereitende Komponente. Die in den bilingualen Angeboten vermittelten Kenntnisse, F\u00e4higkeiten und Fertigkeiten bereiten die Sch\u00fclerinnen und Sch\u00fcler in besonderer Weise auf das sp\u00e4tere Leben in einer vielf\u00e4ltigen, doch zumeist durch die englische Sprache verbundenen Welt vor. Dabei sollten Sch\u00fclerinnen und Sch\u00fcler sowie ihre Eltern allerdings wissen, dass ein zus\u00e4tzliches Angebot immer auch mit zus\u00e4tzlicher Anstrengung verbunden ist.<\/p><p><strong>Der Aufbau eines bilingualen Zweigs (Englisch) im Vergleich zum normalen Unterricht<\/strong><br \/>Kombiniert mit den Sachf\u00e4chern: Erdkunde, Politik, Geschichte und Kunst (Schulversuch).<\/p><table style=\"font-weight: 400;\" width=\"100%\"><tbody><tr><td width=\"12%\">Klasse<\/td><td width=\"15%\">Anzahl der Stunden Englisch im normalen Unterricht<\/td><td width=\"29%\">Anzahl der Stunden Englisch im bilingualen Unterricht<\/td><td width=\"42%\">Anmerkungen<\/td><\/tr><tr><td width=\"12%\">5<\/td><td width=\"15%\">5<\/td><td width=\"29%\">Englisch: 6<\/td><td width=\"42%\">Durch den erweiterten Englischunterricht wird die Grundlage f\u00fcr den bilingualen Sachfachunterricht vorbereitet.<\/td><\/tr><tr><td width=\"12%\">6<\/td><td width=\"15%\">4<\/td><td width=\"29%\">Englisch: 5<\/td><td width=\"42%\">Durch verst\u00e4rkt gesicherte Sprachkompetenz werden zunehmend Themen des regul\u00e4ren Englischunterrichts mit geographischen Schwerpunkten vertieft, wie z.B. Themen wie Ferienorte\/Ferienziele; Deutschland und Europa; Stadtbeschreibung, \u2026<br \/>Fach\u00fcbergreifende methodische F\u00e4higkeiten und Fertigkeiten werden verst\u00e4rkt in Projekten und\/oder Theaterst\u00fccken eingesetzt und in ihrer Wirkung bewusst gemacht.<\/td><\/tr><tr><td width=\"12%\">7<\/td><td width=\"15%\">3<\/td><td width=\"29%\">Englisch: 3<br \/>Erdkunde: 3<\/td><td width=\"42%\">In enger Abstimmung mit dem Lehrplan der nicht bilingualen Zweige werden die Sachthemen und Methoden des Erdkundeunterrichts vermehrt in Englisch vermittelt.<br \/>Um den langsameren Lernfortschritt auszugleichen, wird die Wochenstundenzahl des neu einsetzenden Sachfachs Erdkunde\/bilingual um eine Wochenstunde erh\u00f6ht.<\/td><\/tr><tr><td width=\"12%\">8<\/td><td width=\"15%\">4<\/td><td width=\"29%\">Englisch: 4<br \/>Politik: 3<\/td><td width=\"42%\">Politik wird als jetzt neu einsetzendes bilinguales Fach mit zus\u00e4tzlich einer Wochenstunde mehr unterrichtet.<\/td><\/tr><tr><td width=\"12%\">9<\/td><td width=\"15%\">3<\/td><td width=\"29%\">Englisch: 3<br \/>Geschichte: 2<br \/>Erdkunde: 2<br \/>Politik: 1<\/td><td width=\"42%\">Der Fachunterricht Geschichte, Erdkunde und Politik wird bilingual mit regul\u00e4rer Wochenstundenzahl gem\u00e4\u00df Lehrplan unterrichtet.<\/td><\/tr><tr><td width=\"12%\">10<\/td><td width=\"15%\">3<\/td><td width=\"29%\"><p>Englisch: 3<\/p><p>Geschichte: 2<\/p><p>Erdkunde: 1<\/p><p>Politik: 2<\/p><p>Kunst: 2<\/p><\/td><td width=\"42%\">Der Fachunterricht Geschichte, Erdkunde, Politik und Kunst wird bilingual mit regul\u00e4rer Wochenstundenzahl gem\u00e4\u00df Lehrplan unterrichtet.<\/td><\/tr><tr><td width=\"12%\">EF<\/td><td width=\"15%\">GK: 3<\/td><td width=\"29%\">Englisch: 3<br \/>Geschichte: 3<br \/>Sozialwissenschaften<br \/>oder Kunst: 3<\/td><td width=\"42%\">Neben dem Grundkurs Englisch werden zwei weitere Sachf\u00e4cher bilingual angeboten.<\/td><\/tr><tr><td width=\"12%\">Q1<\/td><td width=\"15%\"><p>GK: 3<\/p><p>LK: 5<\/p><\/td><td width=\"29%\"><p>GK: 3<\/p><p>LK: 5<\/p><\/td><td width=\"42%\">Englisch wird als Leistungskurs weitergef\u00fchrt.<br \/>Ein bilinguales Sachfach wird als Grundkurs bis zum Abitur weitergef\u00fchrt.<br \/>Es wird darin eine m\u00fcndliche oder schriftliche Pr\u00fcfung abgelegt.<\/td><\/tr><tr><td width=\"12%\">Q2<\/td><td width=\"15%\"><p>GK: 3<\/p><p>LK: 5<\/p><\/td><td width=\"29%\"><p>GK: 3<\/p><p>LK: 5<\/p><\/td><td width=\"42%\">Die Teilnahme am bilingualen Unterricht in der Sekundarstufe I und in der gymnasialen Oberstufe wird unter der Rubrik \u201eBemerkungen\u201c auf dem Abgangs- oder Abiturzeugnis und auch in einer Anlage zum Zeugnis bescheinigt.<\/td><\/tr><\/tbody><\/table><p><span style=\"text-decoration: underline;\"><strong>Fazit<\/strong>:<\/span> Die Stundentafel weist eine erheblich erweiterte M\u00f6glichkeit aus, die Sprachkompetenz in der Fremdsprache Englisch zu vertiefen. Dies geschieht in den oben genannten Sachf\u00e4chern. Damit deren fachdidaktischen und fachmethodischen Lernziele nicht beeintr\u00e4chtigt werden, ist eine enge Abstimmung der Lehrpl\u00e4ne notwendig.<\/p><p><strong>Leistungsbewertung<\/strong>: F\u00fcr die Leistungsbewertung im Fremdsprachenunterricht gelten die allgemeinen Lernanforderungen. Sonderregelungen bestehen nicht. Die Vergleichbarkeit wird durch die zust\u00e4ndigen Fachkonferenzen sichergestellt. Bei der Bewertung der Leistungen in den bilingualen Sachf\u00e4chern des Lernbereichs Gesellschaftslehre werden in erster Linie die fachbezogenen Kenntnisse, F\u00e4higkeiten und Fertigkeiten beurteilt. Die fremdsprachlichen Leistungen werden zus\u00e4tzlich erbracht. Ein Wechsel zwischen dem regul\u00e4ren und dem bilingualen Zweig ist in den Jahrgangsstufen 5 und 6 nach Beratung in beiden Richtungen m\u00f6glich; ab \u00a0der Jahrgangsstufe 7 jedoch nur noch vom bilingualen in den regul\u00e4ren Zweig.<\/p><p><strong>Teilnahme<\/strong>: Das bilinguale Angebot richtet sich an alle Sch\u00fclerinnen und Sch\u00fcler. Die Teilnahme erfolgt nach intensiver Beratung auf Antrag der Eltern.<\/p><p>Weitere Informationen: <a href=\"https:\/\/www.schulministerium.nrw.de\/docs\/Schulsystem\/Unterricht\/Lernbereiche-und-Faecher\/Fremdsprachen\/Bilingualer-Unterricht\/index.html\">https:\/\/www.schulministerium.nrw.de\/docs\/Schulsystem\/Unterricht\/Lernbereiche-und-Faecher\/Fremdsprachen\/Bilingualer-Unterricht\/index.html<\/a><\/p>\t\t\t\t\t<\/div>\n\t\t\t\t\t\t<\/div>\n\t\t\t\t<\/div>\n\t\t\t\t\t\t<\/div>\n\t\t\t\t\t<\/div>\n\t\t<\/div>\n\t\t\t\t\t\t\t\t<\/div>\n\t\t\t\t\t<\/div>\n\t\t<\/section>\n\t\t\t\t\t\t\t\t\t<\/div>\n\t\t\t<\/div>\n\t\t\t\t\t<\/div>\n\t\t","protected":false},"excerpt":{"rendered":"<p>Weltweit ist die englische Sprache das Kommunikationsmittel in nahezu allen Bereichen. Nicht nur im Alltagsleben, sondern zunehmend in Bereichen der Forschung, Wirtschaft und Politik nimmt diese Sprache einen hohen Stellenwert ein. Sich hier sach- und fachkompetent ausdr\u00fccken zu k\u00f6nnen schafft Sicherheit und schl\u00e4gt Br\u00fccken. Das Christian-Rohlfs-Gymnasium bietet deshalb seit vielen Jahren f\u00fcr interessierte Sch\u00fclerinnen und [&hellip;]<\/p>\n","protected":false},"author":2,"featured_media":0,"parent":200,"menu_order":0,"comment_status":"closed","ping_status":"closed","template":"","meta":{"footnotes":""},"class_list":["post-346","page","type-page","status-publish","hentry","gallery-content-unit"],"_links":{"self":[{"href":"https:\/\/crghagen.de\/index.php?rest_route=\/wp\/v2\/pages\/346","targetHints":{"allow":["GET"]}}],"collection":[{"href":"https:\/\/crghagen.de\/index.php?rest_route=\/wp\/v2\/pages"}],"about":[{"href":"https:\/\/crghagen.de\/index.php?rest_route=\/wp\/v2\/types\/page"}],"author":[{"embeddable":true,"href":"https:\/\/crghagen.de\/index.php?rest_route=\/wp\/v2\/users\/2"}],"replies":[{"embeddable":true,"href":"https:\/\/crghagen.de\/index.php?rest_route=%2Fwp%2Fv2%2Fcomments&post=346"}],"version-history":[{"count":13,"href":"https:\/\/crghagen.de\/index.php?rest_route=\/wp\/v2\/pages\/346\/revisions"}],"predecessor-version":[{"id":5885,"href":"https:\/\/crghagen.de\/index.php?rest_route=\/wp\/v2\/pages\/346\/revisions\/5885"}],"up":[{"embeddable":true,"href":"https:\/\/crghagen.de\/index.php?rest_route=\/wp\/v2\/pages\/200"}],"wp:attachment":[{"href":"https:\/\/crghagen.de\/index.php?rest_route=%2Fwp%2Fv2%2Fmedia&parent=346"}],"curies":[{"name":"wp","href":"https:\/\/api.w.org\/{rel}","templated":true}]}}