{"id":334,"date":"2017-03-28T22:41:39","date_gmt":"2017-03-28T20:41:39","guid":{"rendered":"https:\/\/crghagenblog.wordpress.com\/?page_id=334"},"modified":"2018-05-02T05:38:56","modified_gmt":"2018-05-02T05:38:56","slug":"das-crg-in-bildern","status":"publish","type":"page","link":"https:\/\/crghagen.de\/?page_id=334","title":{"rendered":"Schule als Lernort"},"content":{"rendered":"<div id=\"attachment_1131\" style=\"width: 310px\" class=\"wp-caption alignleft\"><img loading=\"lazy\" decoding=\"async\" aria-describedby=\"caption-attachment-1131\" class=\"wp-image-1131 size-medium\" src=\"https:\/\/neu.crghagen.de\/wp-content\/uploads\/2018\/04\/Geb\u00e4ude-4-300x201.jpg\" alt=\"\" width=\"300\" height=\"201\" srcset=\"https:\/\/crghagen.de\/wp-content\/uploads\/2018\/04\/Geb\u00e4ude-4-300x201.jpg 300w, https:\/\/crghagen.de\/wp-content\/uploads\/2018\/04\/Geb\u00e4ude-4.jpg 555w\" sizes=\"auto, (max-width: 300px) 100vw, 300px\" \/><p id=\"caption-attachment-1131\" class=\"wp-caption-text\">Das Hauptgeb\u00e4ude und im Hintergrund das N-Geb\u00e4ude mit den R\u00e4umen der naturwissenschaftlichen F\u00e4cher<\/p><\/div>\n<p>Unsere Schule zeichnet sich unter anderem auch durch verschiedene Geb\u00e4ude aus, die alle ein Teil der langen Geschichte des Christian-Rohlfs-Gymnasiums sind. Das Hauptgeb\u00e4ude, das sich durch den runden Grundriss dem Verlauf der Ennepe angleicht, wurde im Jahr 1929 errichtet und steht heute sogar unter Denkmalschutz. Die Architektur orientiert sich an dem sogenannten Bauhaus-Stil, der sich vor allem durch gerade Fl\u00e4chen auszeichnet.<\/p>\n<p>&nbsp;<\/p>\n<p>&nbsp;<\/p>\n<div id=\"attachment_1132\" style=\"width: 310px\" class=\"wp-caption alignright\"><img loading=\"lazy\" decoding=\"async\" aria-describedby=\"caption-attachment-1132\" class=\"wp-image-1132 size-medium\" src=\"https:\/\/neu.crghagen.de\/wp-content\/uploads\/2018\/04\/Geb\u00e4ude-1-300x201.jpg\" alt=\"\" width=\"300\" height=\"201\" srcset=\"https:\/\/crghagen.de\/wp-content\/uploads\/2018\/04\/Geb\u00e4ude-1-300x201.jpg 300w, https:\/\/crghagen.de\/wp-content\/uploads\/2018\/04\/Geb\u00e4ude-1.jpg 645w\" sizes=\"auto, (max-width: 300px) 100vw, 300px\" \/><p id=\"caption-attachment-1132\" class=\"wp-caption-text\">Das moderne K-Geb\u00e4ude<\/p><\/div>\n<p>Die R\u00e4ume der Naturwissenschaften sind im N-Geb\u00e4ude untergebracht, das angebaut wurde. Auf drei Etagen sind jeweils drei R\u00e4ume zu finden, die speziell auf das jeweilige Fach zugeschnitten und teilweise sogar kleine H\u00f6rs\u00e4le sind. Das neueste Geb\u00e4ude ist das K-Geb\u00e4ude, indem insgesamt acht moderne Kurs- und Fachr\u00e4ume untergebracht sind. Dieser Trakt wurde erst 2009 errichtet.<\/p>\n<p>&nbsp;<\/p>\n<p>&nbsp;<\/p>\n<div id=\"attachment_1133\" style=\"width: 310px\" class=\"wp-caption alignleft\"><img loading=\"lazy\" decoding=\"async\" aria-describedby=\"caption-attachment-1133\" class=\"wp-image-1133 size-medium\" src=\"https:\/\/neu.crghagen.de\/wp-content\/uploads\/2018\/04\/Geb\u00e4ude-3-300x194.jpg\" alt=\"\" width=\"300\" height=\"194\" srcset=\"https:\/\/crghagen.de\/wp-content\/uploads\/2018\/04\/Geb\u00e4ude-3-300x194.jpg 300w, https:\/\/crghagen.de\/wp-content\/uploads\/2018\/04\/Geb\u00e4ude-3.jpg 677w\" sizes=\"auto, (max-width: 300px) 100vw, 300px\" \/><p id=\"caption-attachment-1133\" class=\"wp-caption-text\">Die Villa Heubing<\/p><\/div>\n<p>Im Jahr 2014 hat das Christian-Rohlfs-Gymnasium noch die komplette Villa Heubing \u00fcbernommen, die durch das Auslaufen der Hauptschule frei wurde. Hier sind die f\u00fcnften und sechsten Klassen untergebracht. Die beiden Jahrgangsstufen werden in den meisten F\u00e4chern noch in einem Klassenraum unterrichtet. Au\u00dferdem findet sich in der Villa neben einer K\u00fcche und vielen Fachr\u00e4umen noch ein gro\u00dfes Selbstlernzentrum mit einer Bibliothek, ausreichend Computern und viel Platz, sodass ausreichend Raum zur Verf\u00fcgung steht, in dem die Sch\u00fclerinnen und Sch\u00fcler lernen und arbeiten k\u00f6nnen.<\/p>\n<p>&nbsp;<\/p>\n<div id=\"attachment_1170\" style=\"width: 310px\" class=\"wp-caption alignright\"><img loading=\"lazy\" decoding=\"async\" aria-describedby=\"caption-attachment-1170\" class=\"wp-image-1170\" src=\"https:\/\/neu.crghagen.de\/wp-content\/uploads\/2018\/04\/20180426_090936-300x225.jpg\" alt=\"\" width=\"300\" height=\"225\" srcset=\"https:\/\/crghagen.de\/wp-content\/uploads\/2018\/04\/20180426_090936-300x225.jpg 300w, https:\/\/crghagen.de\/wp-content\/uploads\/2018\/04\/20180426_090936-768x576.jpg 768w, https:\/\/crghagen.de\/wp-content\/uploads\/2018\/04\/20180426_090936-1024x768.jpg 1024w\" sizes=\"auto, (max-width: 300px) 100vw, 300px\" \/><p id=\"caption-attachment-1170\" class=\"wp-caption-text\">Unsere Mensa mit ausreichend Platz und dem Aufgang zum Schulhof<\/p><\/div>\n<p>In der gro\u00dfen Mensa, die sich im Untergeschoss des Altbaus befindet, werden t\u00e4glich reichhaltige Snacks angeboten. Au\u00dferdem k\u00f6nnen die Sch\u00fclerinnen und Sch\u00fcler der Oberstufe ihre Freistunden u.a. in der Mensa verbringen und den Platz zum Lernen nutzen. Da man bei uns aber auch mal abschalten kann, haben wir in der Mensa auch einen Kicker, den der F\u00f6rderverein gesponsort hat.<\/p>\n<p>&nbsp;<\/p>\n","protected":false},"excerpt":{"rendered":"<p>Unsere Schule zeichnet sich unter anderem auch durch verschiedene Geb\u00e4ude aus, die alle ein Teil der langen Geschichte des Christian-Rohlfs-Gymnasiums sind. Das Hauptgeb\u00e4ude, das sich durch den runden Grundriss dem Verlauf der Ennepe angleicht, wurde im Jahr 1929 errichtet und steht heute sogar unter Denkmalschutz. Die Architektur orientiert sich an dem sogenannten Bauhaus-Stil, der sich [&hellip;]<\/p>\n","protected":false},"author":2,"featured_media":0,"parent":0,"menu_order":0,"comment_status":"closed","ping_status":"closed","template":"","meta":{"footnotes":""},"class_list":["post-334","page","type-page","status-publish","hentry","gallery-content-unit"],"_links":{"self":[{"href":"https:\/\/crghagen.de\/index.php?rest_route=\/wp\/v2\/pages\/334","targetHints":{"allow":["GET"]}}],"collection":[{"href":"https:\/\/crghagen.de\/index.php?rest_route=\/wp\/v2\/pages"}],"about":[{"href":"https:\/\/crghagen.de\/index.php?rest_route=\/wp\/v2\/types\/page"}],"author":[{"embeddable":true,"href":"https:\/\/crghagen.de\/index.php?rest_route=\/wp\/v2\/users\/2"}],"replies":[{"embeddable":true,"href":"https:\/\/crghagen.de\/index.php?rest_route=%2Fwp%2Fv2%2Fcomments&post=334"}],"version-history":[{"count":18,"href":"https:\/\/crghagen.de\/index.php?rest_route=\/wp\/v2\/pages\/334\/revisions"}],"predecessor-version":[{"id":1181,"href":"https:\/\/crghagen.de\/index.php?rest_route=\/wp\/v2\/pages\/334\/revisions\/1181"}],"wp:attachment":[{"href":"https:\/\/crghagen.de\/index.php?rest_route=%2Fwp%2Fv2%2Fmedia&parent=334"}],"curies":[{"name":"wp","href":"https:\/\/api.w.org\/{rel}","templated":true}]}}