{"id":309,"date":"2017-03-28T22:17:28","date_gmt":"2017-03-28T20:17:28","guid":{"rendered":"https:\/\/crghagenblog.wordpress.com\/?page_id=309"},"modified":"2020-10-05T11:50:25","modified_gmt":"2020-10-05T10:50:25","slug":"zahlen-fakten","status":"publish","type":"page","link":"https:\/\/crghagen.de\/?page_id=309","title":{"rendered":"Zahlen &#038; Fakten"},"content":{"rendered":"<p>Entwicklung der Lehrer- und Sch\u00fclerzahlen 1996\/97 &#8211; 2000\/01<\/p>\n<table border=\"1\">\n<tbody>\n<tr>\n<td width=\"95\"><b>Schuljahr<\/b><\/td>\n<td width=\"95\">1996\/97<\/td>\n<td width=\"95\">1997\/98<\/td>\n<td width=\"95\">1998\/99<\/td>\n<td width=\"95\">1999\/00<\/td>\n<td width=\"95\">2000\/01<\/td>\n<\/tr>\n<tr>\n<td width=\"95\"><b>Sch\u00fcler SI<\/b><\/td>\n<td width=\"95\">489<\/td>\n<td width=\"95\">516<\/td>\n<td width=\"95\">529<\/td>\n<td width=\"95\">575<\/td>\n<td width=\"95\">578<\/td>\n<\/tr>\n<tr>\n<td width=\"95\"><b>Sch\u00fcler SII<\/b><\/td>\n<td width=\"95\">190<\/td>\n<td width=\"95\">194<\/td>\n<td width=\"95\">199<\/td>\n<td width=\"95\">201<\/td>\n<td width=\"95\">210<\/td>\n<\/tr>\n<tr>\n<td width=\"95\"><b>gesamt<\/b><\/td>\n<td width=\"95\">679<\/td>\n<td width=\"95\">710<\/td>\n<td width=\"95\">728<\/td>\n<td width=\"95\">776<\/td>\n<td width=\"95\">788<\/td>\n<\/tr>\n<tr>\n<td width=\"95\"><b>Lehrer<\/b><\/td>\n<td width=\"95\">49<\/td>\n<td width=\"95\">51<\/td>\n<td width=\"95\">52<\/td>\n<td width=\"95\">53<\/td>\n<td width=\"95\">55<\/td>\n<\/tr>\n<\/tbody>\n<\/table>\n<p>&nbsp;<\/p>\n<p>Entwicklung der Lehrer- und Sch\u00fclerzahlen 2001\/02 &#8211; 2005\/06<\/p>\n<table border=\"1\">\n<tbody>\n<tr>\n<td width=\"95\"><b>Schuljahr<\/b><\/td>\n<td width=\"95\">2001\/02<\/td>\n<td width=\"95\">2002\/03<\/td>\n<td width=\"95\">2003\/04<\/td>\n<td width=\"95\">2004\/05<\/td>\n<td width=\"95\">2005\/06<\/td>\n<\/tr>\n<tr>\n<td width=\"95\"><b>Sch\u00fcler SI<\/b><\/td>\n<td width=\"95\">613<\/td>\n<td width=\"95\">629<\/td>\n<td width=\"95\">610<\/td>\n<td width=\"95\">618<\/td>\n<td width=\"95\">597<\/td>\n<\/tr>\n<tr>\n<td width=\"95\"><b>Sch\u00fcler SII<\/b><\/td>\n<td width=\"95\">221<\/td>\n<td width=\"95\">234<\/td>\n<td width=\"95\">270<\/td>\n<td width=\"95\">272<\/td>\n<td width=\"95\">317<\/td>\n<\/tr>\n<tr>\n<td width=\"95\"><b>gesamt<\/b><\/td>\n<td width=\"95\">834<\/td>\n<td width=\"95\">863<\/td>\n<td width=\"95\">880<\/td>\n<td width=\"95\">890<\/td>\n<td width=\"95\">914<\/td>\n<\/tr>\n<tr>\n<td width=\"95\"><b>Lehrer<\/b><\/td>\n<td width=\"95\">55<\/td>\n<td width=\"95\">56<\/td>\n<td width=\"95\">56<\/td>\n<td width=\"95\">58<\/td>\n<td width=\"95\">59<\/td>\n<\/tr>\n<\/tbody>\n<\/table>\n<p>&nbsp;<\/p>\n<p>Entwicklung der Lehrer- und Sch\u00fclerzahlen 2006\/07 &#8211; 2010\/11<\/p>\n<table border=\"1\">\n<tbody>\n<tr>\n<td width=\"95\"><b>Schuljahr<\/b><\/td>\n<td width=\"95\">2006\/07<\/td>\n<td width=\"95\">2007\/08<\/td>\n<td width=\"95\">2008\/09<\/td>\n<td width=\"95\">2009\/10<\/td>\n<td width=\"95\">2010\/11<\/td>\n<\/tr>\n<tr>\n<td width=\"95\"><b>Sch\u00fcler SI<\/b><\/td>\n<td width=\"95\">584<\/td>\n<td width=\"95\">558<\/td>\n<td width=\"95\">538<\/td>\n<td width=\"95\">544<\/td>\n<td width=\"95\">441<\/td>\n<\/tr>\n<tr>\n<td width=\"95\"><b>Sch\u00fcler SII<\/b><\/td>\n<td width=\"95\">316<\/td>\n<td width=\"95\">339<\/td>\n<td width=\"95\">343<\/td>\n<td width=\"95\">323<\/td>\n<td width=\"95\">409<\/td>\n<\/tr>\n<tr>\n<td width=\"95\"><b>gesamt<\/b><\/td>\n<td width=\"95\">900<\/td>\n<td width=\"95\">897<\/td>\n<td width=\"95\">881<\/td>\n<td width=\"95\">876<\/td>\n<td width=\"95\">850<\/td>\n<\/tr>\n<tr>\n<td width=\"95\"><b>Lehrer<\/b><\/td>\n<td width=\"95\">61<\/td>\n<td width=\"95\">56<\/td>\n<td width=\"95\">60<\/td>\n<td width=\"95\">65<\/td>\n<td width=\"95\">68<\/td>\n<\/tr>\n<\/tbody>\n<\/table>\n<p>&nbsp;<\/p>\n<p>Entwicklung der Lehrer- und Sch\u00fclerzahlen 2011\/12 &#8211; 2015\/16<\/p>\n<table border=\"1\">\n<tbody>\n<tr>\n<td width=\"95\"><b>Schuljahr<\/b><\/td>\n<td width=\"95\">2011\/12<\/td>\n<td width=\"95\">2012\/13<\/td>\n<td width=\"95\">2013\/14<\/td>\n<td width=\"95\">2014\/15<\/td>\n<td width=\"95\">2015\/16<\/td>\n<\/tr>\n<tr>\n<td width=\"95\"><b>Sch\u00fcler SI<\/b><\/td>\n<td width=\"95\">454<\/td>\n<td width=\"95\">\u00a0459<\/td>\n<td width=\"95\">\u00a0501<\/td>\n<td width=\"95\">\u00a0533<\/td>\n<td width=\"95\">\u00a0552<\/td>\n<\/tr>\n<tr>\n<td width=\"95\"><b>Sch\u00fcler SII<\/b><\/td>\n<td width=\"95\">432<\/td>\n<td width=\"95\">\u00a0443<\/td>\n<td width=\"95\">\u00a0367<\/td>\n<td width=\"95\">\u00a0338<\/td>\n<td width=\"95\">\u00a0336<\/td>\n<\/tr>\n<tr>\n<td width=\"95\"><b>gesamt<\/b><\/td>\n<td width=\"95\">886<\/td>\n<td width=\"95\">\u00a0902<\/td>\n<td width=\"95\">\u00a0868<\/td>\n<td width=\"95\">\u00a0871<\/td>\n<td width=\"95\">\u00a0888<\/td>\n<\/tr>\n<tr>\n<td width=\"95\"><b>Lehrer<\/b><\/td>\n<td width=\"95\">68<\/td>\n<td width=\"95\">\u00a068<\/td>\n<td width=\"95\">\u00a069<\/td>\n<td width=\"95\">\u00a069<\/td>\n<td width=\"95\">\u00a068<\/td>\n<\/tr>\n<\/tbody>\n<\/table>\n<p>&nbsp;<\/p>\n<p>Entwicklung der Lehrer- und Sch\u00fclerzahlen seit 2016\/17<\/p>\n<table border=\"1\">\n<tbody>\n<tr>\n<td width=\"95\"><b>Schuljahr<\/b><\/td>\n<td width=\"95\">2016\/17<\/td>\n<td width=\"95\">2017\/18<\/td>\n<td width=\"95\">2018\/19<\/td>\n<td width=\"95\">2019\/20<\/td>\n<td width=\"95\">2020\/21<\/td>\n<\/tr>\n<tr>\n<td width=\"95\"><b>Sch\u00fcler SI<\/b><\/td>\n<td width=\"95\">\u00a0530<\/td>\n<td width=\"95\">\u00a0501<\/td>\n<td width=\"95\">474<\/td>\n<td width=\"95\"><\/td>\n<td width=\"95\">410<\/td>\n<\/tr>\n<tr>\n<td width=\"95\"><b>Sch\u00fcler SII<\/b><\/td>\n<td width=\"95\">\u00a0354<\/td>\n<td width=\"95\">\u00a0352<\/td>\n<td width=\"95\">394<\/td>\n<td width=\"95\"><\/td>\n<td width=\"95\">370<\/td>\n<\/tr>\n<tr>\n<td width=\"95\"><b>gesamt<\/b><\/td>\n<td width=\"95\">\u00a0884<\/td>\n<td width=\"95\">\u00a0853<\/td>\n<td width=\"95\">868<\/td>\n<td width=\"95\"><\/td>\n<td width=\"95\">780<\/td>\n<\/tr>\n<tr>\n<td width=\"95\"><b>Lehrer<\/b><\/td>\n<td width=\"95\">\u00a072<\/td>\n<td width=\"95\">\u00a077<\/td>\n<td width=\"95\">75<\/td>\n<td width=\"95\">75<\/td>\n<td width=\"95\">76<\/td>\n<\/tr>\n<\/tbody>\n<\/table>\n","protected":false},"excerpt":{"rendered":"<p>Entwicklung der Lehrer- und Sch\u00fclerzahlen 1996\/97 &#8211; 2000\/01 Schuljahr 1996\/97 1997\/98 1998\/99 1999\/00 2000\/01 Sch\u00fcler SI 489 516 529 575 578 Sch\u00fcler SII 190 194 199 201 210 gesamt 679 710 728 776 788 Lehrer 49 51 52 53 55 &nbsp; Entwicklung der Lehrer- und Sch\u00fclerzahlen 2001\/02 &#8211; 2005\/06 Schuljahr 2001\/02 2002\/03 2003\/04 2004\/05 2005\/06 [&hellip;]<\/p>\n","protected":false},"author":2,"featured_media":0,"parent":214,"menu_order":0,"comment_status":"closed","ping_status":"closed","template":"","meta":{"footnotes":""},"class_list":["post-309","page","type-page","status-publish","hentry","gallery-content-unit"],"_links":{"self":[{"href":"https:\/\/crghagen.de\/index.php?rest_route=\/wp\/v2\/pages\/309","targetHints":{"allow":["GET"]}}],"collection":[{"href":"https:\/\/crghagen.de\/index.php?rest_route=\/wp\/v2\/pages"}],"about":[{"href":"https:\/\/crghagen.de\/index.php?rest_route=\/wp\/v2\/types\/page"}],"author":[{"embeddable":true,"href":"https:\/\/crghagen.de\/index.php?rest_route=\/wp\/v2\/users\/2"}],"replies":[{"embeddable":true,"href":"https:\/\/crghagen.de\/index.php?rest_route=%2Fwp%2Fv2%2Fcomments&post=309"}],"version-history":[{"count":6,"href":"https:\/\/crghagen.de\/index.php?rest_route=\/wp\/v2\/pages\/309\/revisions"}],"predecessor-version":[{"id":2901,"href":"https:\/\/crghagen.de\/index.php?rest_route=\/wp\/v2\/pages\/309\/revisions\/2901"}],"up":[{"embeddable":true,"href":"https:\/\/crghagen.de\/index.php?rest_route=\/wp\/v2\/pages\/214"}],"wp:attachment":[{"href":"https:\/\/crghagen.de\/index.php?rest_route=%2Fwp%2Fv2%2Fmedia&parent=309"}],"curies":[{"name":"wp","href":"https:\/\/api.w.org\/{rel}","templated":true}]}}