{"id":2674,"date":"2020-01-23T11:07:10","date_gmt":"2020-01-23T10:07:10","guid":{"rendered":"https:\/\/crghagen.de\/?page_id=2674"},"modified":"2022-02-20T20:33:16","modified_gmt":"2022-02-20T19:33:16","slug":"chemie","status":"publish","type":"page","link":"https:\/\/crghagen.de\/?page_id=2674","title":{"rendered":"Chemie"},"content":{"rendered":"\t\t<div data-elementor-type=\"wp-page\" data-elementor-id=\"2674\" class=\"elementor elementor-2674\">\n\t\t\t\t\t\t<div class=\"elementor-inner\">\n\t\t\t\t<div class=\"elementor-section-wrap\">\n\t\t\t\t\t\t\t\t\t<section class=\"elementor-section elementor-top-section elementor-element elementor-element-14da1381 elementor-section-boxed elementor-section-height-default elementor-section-height-default\" data-id=\"14da1381\" data-element_type=\"section\">\n\t\t\t\t\t\t<div class=\"elementor-container elementor-column-gap-default\">\n\t\t\t\t\t\t\t<div class=\"elementor-row\">\n\t\t\t\t\t<div class=\"elementor-column elementor-col-100 elementor-top-column elementor-element elementor-element-727ad69\" data-id=\"727ad69\" data-element_type=\"column\">\n\t\t\t<div class=\"elementor-column-wrap elementor-element-populated\">\n\t\t\t\t\t\t\t<div class=\"elementor-widget-wrap\">\n\t\t\t\t\t\t<div class=\"elementor-element elementor-element-45ae56a6 elementor-widget elementor-widget-text-editor\" data-id=\"45ae56a6\" data-element_type=\"widget\" data-widget_type=\"text-editor.default\">\n\t\t\t\t<div class=\"elementor-widget-container\">\n\t\t\t\t\t\t\t\t<div class=\"elementor-text-editor elementor-clearfix\">\n\t\t\t\t<p>Das Fach Chemie wird ab der Jahrgangsstufe 7 unterrichtet. In der Sekundarstufe I werden zwei Unterrichtsstunden pro Woche, in der Oberstufe in Grundkursen drei Unterrichtsstunden pro Woche erteilt. Es stehen zwei Chemiefachr\u00e4ume zur Verf\u00fcgung, sodass auch experimentelles Arbeiten m\u00f6glich ist.<\/p><p>Die drei Basiskonzepte \u201eChemische Reaktion\u201c, \u201eStruktur und Materie\u201c und \u201eEnergie\u201c bilden die Grundlage f\u00fcr die im Unterricht zu behandelnden Inhaltsfelder. Konkrete Unterrichtsinhalte und Inhaltsfelder sind jeweils in den schulinternen Lehrpl\u00e4nen dargestellt. Diese basieren auf dem entsprechenden Kernlehrplan des Landes NRW. Hinweise zur Bewertung finden sich in den Vereinbarungen zur Leistungsbewertung.<\/p><p><a href=\"https:\/\/crghagen.de\/wp-content\/uploads\/2018\/06\/2011_Chemie_Plan_2011_Jg7_8_9.pdf\">Curriculum Chemie Sek I (G8 auslaufend)<\/a><\/p><p><a href=\"https:\/\/crghagen.de\/wp-content\/uploads\/2022\/02\/Chemie-Lehrplan-Sek-I.pdf\">Curriculum Chemie Sek I (G9)<\/a><\/p><p><a href=\"https:\/\/crghagen.de\/wp-content\/uploads\/2018\/06\/Lehrplan-Chemie-EF.pdf\">Curriculum Chemie EF<\/a><\/p><p><a href=\"https:\/\/crghagen.de\/wp-content\/uploads\/2018\/06\/SILP_Chemie_Q_CRG_Beschlussfassung.pdf\">Curriculum Chemie Sek II<\/a><\/p><p><a href=\"https:\/\/crghagen.de\/wp-content\/uploads\/2018\/06\/007Chemie_F\u00f6rderkonzept2012.pdf\">F\u00f6rderkonzept Chemie<\/a><\/p><p><a href=\"https:\/\/crghagen.de\/wp-content\/uploads\/2022\/02\/Chemie-Leistungsbeurteilung.pdf\">Chemie Leistungsbeurteilung<\/a><\/p><p><a href=\"https:\/\/crghagen.de\/wp-content\/uploads\/2022\/02\/Chemie-Leistungsbeurteilung-Kompetenzen.pdf\">Chemie Leistungsbeurteilung Kompetenzen<\/a><\/p><p>\u00a0<\/p><p>\u00a0<\/p>\t\t\t\t\t<\/div>\n\t\t\t\t\t\t<\/div>\n\t\t\t\t<\/div>\n\t\t\t\t\t\t<\/div>\n\t\t\t\t\t<\/div>\n\t\t<\/div>\n\t\t\t\t\t\t\t\t<\/div>\n\t\t\t\t\t<\/div>\n\t\t<\/section>\n\t\t\t\t\t\t\t\t\t<\/div>\n\t\t\t<\/div>\n\t\t\t\t\t<\/div>\n\t\t","protected":false},"excerpt":{"rendered":"<p>Das Fach Chemie wird ab der Jahrgangsstufe 7 unterrichtet. In der Sekundarstufe I werden zwei Unterrichtsstunden pro Woche, in der Oberstufe in Grundkursen drei Unterrichtsstunden pro Woche erteilt. Es stehen zwei Chemiefachr\u00e4ume zur Verf\u00fcgung, sodass auch experimentelles Arbeiten m\u00f6glich ist. Die drei Basiskonzepte \u201eChemische Reaktion\u201c, \u201eStruktur und Materie\u201c und \u201eEnergie\u201c bilden die Grundlage f\u00fcr die [&hellip;]<\/p>\n","protected":false},"author":3,"featured_media":0,"parent":0,"menu_order":0,"comment_status":"closed","ping_status":"closed","template":"","meta":{"footnotes":""},"class_list":["post-2674","page","type-page","status-publish","hentry","gallery-content-unit"],"_links":{"self":[{"href":"https:\/\/crghagen.de\/index.php?rest_route=\/wp\/v2\/pages\/2674","targetHints":{"allow":["GET"]}}],"collection":[{"href":"https:\/\/crghagen.de\/index.php?rest_route=\/wp\/v2\/pages"}],"about":[{"href":"https:\/\/crghagen.de\/index.php?rest_route=\/wp\/v2\/types\/page"}],"author":[{"embeddable":true,"href":"https:\/\/crghagen.de\/index.php?rest_route=\/wp\/v2\/users\/3"}],"replies":[{"embeddable":true,"href":"https:\/\/crghagen.de\/index.php?rest_route=%2Fwp%2Fv2%2Fcomments&post=2674"}],"version-history":[{"count":7,"href":"https:\/\/crghagen.de\/index.php?rest_route=\/wp\/v2\/pages\/2674\/revisions"}],"predecessor-version":[{"id":3874,"href":"https:\/\/crghagen.de\/index.php?rest_route=\/wp\/v2\/pages\/2674\/revisions\/3874"}],"wp:attachment":[{"href":"https:\/\/crghagen.de\/index.php?rest_route=%2Fwp%2Fv2%2Fmedia&parent=2674"}],"curies":[{"name":"wp","href":"https:\/\/api.w.org\/{rel}","templated":true}]}}