{"id":2672,"date":"2020-01-23T11:07:00","date_gmt":"2020-01-23T10:07:00","guid":{"rendered":"https:\/\/crghagen.de\/?page_id=2672"},"modified":"2020-01-25T09:22:27","modified_gmt":"2020-01-25T08:22:27","slug":"physik","status":"publish","type":"page","link":"https:\/\/crghagen.de\/?page_id=2672","title":{"rendered":"Physik"},"content":{"rendered":"<p>Am CRG unterrichten derzeit drei Kollegen und eine Kollegin das Fach Physik in der Sekundarstufe II: Herr Fritz, Frau Kirschenberger, Herr Mascher und Herr Strangfeld<\/p>\n<p>in der Sekundarstufe I wird das Fach Physik in den Jahrgangsstufen 6, 8 und 9 jeweils zweist\u00fcndig unterrichtet.<br \/>\nIn der Einf\u00fchrungsphase gibt es in der Regel mindestens zwei dreist\u00fcndige Grundkurse in Physik. Je nach dem Wahlverhalten der Sch\u00fclerinnen und Sch\u00fcler gibt es zus\u00e4tzlich zum Grundkurs in der Qualifikationsphase auch einen f\u00fcnfst\u00fcndigen Leistungskurs Physik. Sowohl im Leistungskurs als auch im Grundkurs haben die Sch\u00fclerinnen und Sch\u00fcler die M\u00f6glichkeit Physik als Abiturpr\u00fcfungsfach zu w\u00e4hlen.<\/p>\n<p>Viele Sch\u00fclerinnen und Sch\u00fcler streben nach dem Abitur ein technisches Studium an (Maschinenbau, Elektrotechnik, Bauingenieurwesen&#8230;), oder wollen eine Naturwissenschaft studieren. In allen diesen Studieng\u00e4ngen wird die Physik als Grundlagenfach schon beim Beginn des Studiums ben\u00f6tigt, andererseits fehlt dort oft die Zeit f\u00fcr eine intensive Aufarbeitung fehlender Grundkenntnisse. Gerade diejenigen, die nicht vorhaben, das Fach Physik zu studieren, sondern ein anderes technisch-naturwissenschaftliches Fach (oder auch Medizin), profitieren von der schulischen Bildung.<\/p>\n<p><a href=\"https:\/\/crghagen.de\/wp-content\/uploads\/2018\/06\/CRG_Lehrplan_Physik_SI_G8_mit_Deckblatt_Stand_Nov2008_.pdf\">Curriculum Physik Sek I<\/a><\/p>\n<p><a href=\"https:\/\/crghagen.de\/wp-content\/uploads\/2018\/06\/CRG_SILP_GOSt_Physik_2015-08-19_Allgemein.pdf\">Curriculum Physik Sek II Allgemein<\/a><\/p>\n","protected":false},"excerpt":{"rendered":"<p>Am CRG unterrichten derzeit drei Kollegen und eine Kollegin das Fach Physik in der Sekundarstufe II: Herr Fritz, Frau Kirschenberger, Herr Mascher und Herr Strangfeld in der Sekundarstufe I wird das Fach Physik in den Jahrgangsstufen 6, 8 und 9 jeweils zweist\u00fcndig unterrichtet. In der Einf\u00fchrungsphase gibt es in der Regel mindestens zwei dreist\u00fcndige Grundkurse [&hellip;]<\/p>\n","protected":false},"author":3,"featured_media":0,"parent":0,"menu_order":0,"comment_status":"closed","ping_status":"closed","template":"","meta":{"footnotes":""},"class_list":["post-2672","page","type-page","status-publish","hentry","gallery-content-unit"],"_links":{"self":[{"href":"https:\/\/crghagen.de\/index.php?rest_route=\/wp\/v2\/pages\/2672","targetHints":{"allow":["GET"]}}],"collection":[{"href":"https:\/\/crghagen.de\/index.php?rest_route=\/wp\/v2\/pages"}],"about":[{"href":"https:\/\/crghagen.de\/index.php?rest_route=\/wp\/v2\/types\/page"}],"author":[{"embeddable":true,"href":"https:\/\/crghagen.de\/index.php?rest_route=\/wp\/v2\/users\/3"}],"replies":[{"embeddable":true,"href":"https:\/\/crghagen.de\/index.php?rest_route=%2Fwp%2Fv2%2Fcomments&post=2672"}],"version-history":[{"count":3,"href":"https:\/\/crghagen.de\/index.php?rest_route=\/wp\/v2\/pages\/2672\/revisions"}],"predecessor-version":[{"id":2703,"href":"https:\/\/crghagen.de\/index.php?rest_route=\/wp\/v2\/pages\/2672\/revisions\/2703"}],"wp:attachment":[{"href":"https:\/\/crghagen.de\/index.php?rest_route=%2Fwp%2Fv2%2Fmedia&parent=2672"}],"curies":[{"name":"wp","href":"https:\/\/api.w.org\/{rel}","templated":true}]}}