{"id":2670,"date":"2020-01-23T11:06:36","date_gmt":"2020-01-23T10:06:36","guid":{"rendered":"https:\/\/crghagen.de\/?page_id=2670"},"modified":"2023-08-24T08:54:07","modified_gmt":"2023-08-24T07:54:07","slug":"biologie","status":"publish","type":"page","link":"https:\/\/crghagen.de\/?page_id=2670","title":{"rendered":"Biologie"},"content":{"rendered":"\t\t<div data-elementor-type=\"wp-page\" data-elementor-id=\"2670\" class=\"elementor elementor-2670\">\n\t\t\t\t\t\t<div class=\"elementor-inner\">\n\t\t\t\t<div class=\"elementor-section-wrap\">\n\t\t\t\t\t\t\t\t\t<section class=\"elementor-section elementor-top-section elementor-element elementor-element-57ec7a56 elementor-section-boxed elementor-section-height-default elementor-section-height-default\" data-id=\"57ec7a56\" data-element_type=\"section\">\n\t\t\t\t\t\t<div class=\"elementor-container elementor-column-gap-default\">\n\t\t\t\t\t\t\t<div class=\"elementor-row\">\n\t\t\t\t\t<div class=\"elementor-column elementor-col-100 elementor-top-column elementor-element elementor-element-3ae02b8b\" data-id=\"3ae02b8b\" data-element_type=\"column\">\n\t\t\t<div class=\"elementor-column-wrap elementor-element-populated\">\n\t\t\t\t\t\t\t<div class=\"elementor-widget-wrap\">\n\t\t\t\t\t\t<div class=\"elementor-element elementor-element-2e14a6db elementor-widget elementor-widget-text-editor\" data-id=\"2e14a6db\" data-element_type=\"widget\" data-widget_type=\"text-editor.default\">\n\t\t\t\t<div class=\"elementor-widget-container\">\n\t\t\t\t\t\t\t\t<div class=\"elementor-text-editor elementor-clearfix\">\n\t\t\t\t<div><p>Das Fach Biologie wird in der Sekundarstufe I in den Jahrgangsstufen 5, 6, 8 und 10 jeweils zweist\u00fcndig unterrichtet, in der Einf\u00fchrungsphase gibt es in der Regel 3-4 Grundkurse, in der Qualifikationsphase 2-3 Grundkurse und 1-2 Leistungskurse. Die Lehrerbesetzung der Schule erm\u00f6glicht eine ordnungsgem\u00e4\u00dfe Erteilung des Unterrichtes, ein NW-AG-Angebot und Wahlpflichtkurse mit naturwissenschaftlichem Schwerpunkt.<\/p><\/div><div><p>Die Lage der Schule am s\u00fcdlichen Rand des Ruhrgebiets erm\u00f6glicht relativ leicht Exkursionen mit dem \u00f6ffentlichen Nahverkehr zu verschiedenen au\u00dferschulischen Lernorten, wie z.B. verschiedene Zoos.<\/p><\/div><div><p>Dem Fach Biologie stehen 3 Fachr\u00e4ume zur Verf\u00fcgung, von denen in zwei R\u00e4umen auch in Sch\u00fcler\u00fcbungen experimentell gearbeitet werden kann. Diese R\u00e4ume sind mit Gro\u00dfbildfernsehern und Apple TV ausgestattet, so dass der Unterricht auch digital gest\u00fctzte Unterrichtsvorhaben erm\u00f6glicht. Dar\u00fcber hinaus werden die verschiedenen Lerngruppen sukzessive mit iPads ausgestattet, so dass ein Umgang mit digitalen Medien im Fachunterricht einer breiten Sch\u00fclerschaft erm\u00f6glicht wird. Die daf\u00fcr ben\u00f6tigten iPads werden den Sch\u00fclern von der Schule zur Verf\u00fcgung gestellt. Der dritte Raum ist mit einem interaktiven Whiteboard-System ausgestattet, das \u00fcber seine Internetverbindung einen modernen, recherchierenden und sch\u00fcleraktivierenden Unterricht erm\u00f6glicht. Die Ausstattung der Biologiesammlung mit Ger\u00e4ten und Materialien f\u00fcr Demonstrations- und f\u00fcr Sch\u00fclerexperimente ist gut, die vom Schultr\u00e4ger dar\u00fcber hinaus bereitgestellten Mittel f\u00fcr Funktionsmodelle und Anschauungsmodelle erlauben einen plastischen und auch haptisch unterst\u00fctzten Unterricht.<\/p><\/div><div><p>Eine ausreichende Anzahl regelm\u00e4\u00dfig gewartete Lichtmikroskope und einige\u00a0 Fertigpr\u00e4parate zu verschiedenen Zell- und Gewebetypen sind vorhanden. Zudem verf\u00fcgt die Sammlung \u00fcber mehrere DNA-Modell und 2 Analyse-Koffer zur physikalischen und chemischen Untersuchung von Gew\u00e4ssern. Die Fachkonferenz Biologie stimmt sich bez\u00fcglich in der Sammlung vorhandener Gefahrstoffe mit der dazu beauftragten Lehrkraft der Schule ab.<\/p><\/div><div><p>Die Fachschaft ermutigt und f\u00f6rdert Sch\u00fclerinnen und Sch\u00fcler der Schule an Wettbewerben wie \u201eHeureka\u201c, \u201ebio-logisch\u201c, \u201eInternationale Junior Science Olympiade\u201c, \u201eJugend forscht\/Sch\u00fcler experimentieren\u201c und den Auswahlwettbewerben zur \u201eBiologieolympiade\u201c teilzunehmen.<\/p><\/div><p>\u00a0<\/p><p><a href=\"https:\/\/crghagen.de\/wp-content\/uploads\/2018\/06\/Hausaufgabenkonzept_f\u00fcr_die_Sek_I_Biologie_2015.pdf\">Hausaufgabenkonzept Biologie Sek I<\/a><\/p><p><a href=\"https:\/\/crghagen.de\/wp-content\/uploads\/2018\/06\/SILP_SI_Bio_Beschlussfassung.pdf\">Lernprogression in Basiskonzepten bis Ende Jg. 6<\/a><\/p><p><a href=\"https:\/\/crghagen.de\/wp-content\/uploads\/2023\/03\/G9_bi_silp_2022_10_20_Bereinigt.docx\">Curriculum Biologie Sek I<\/a><\/p><p><a href=\"https:\/\/crghagen.de\/wp-content\/uploads\/2018\/06\/SILP_Biologie_EF_CRG_Beschlussfassung.pdf\">Curriculum Biologie Sek II<\/a><\/p><p><a href=\"https:\/\/crghagen.de\/wp-content\/uploads\/2018\/06\/SILP_Q-Phase_erg_.pdf\">Curriculum Biologie Q-Phase<\/a><\/p><p><a href=\"https:\/\/crghagen.de\/wp-content\/uploads\/2023\/05\/Reihenfolge-der-Unterrichtsvorhaben_Curriculum_ABI25.pdf\">Reihenfolge der Unterrichtsvorhaben_Curriculum_ABI25<\/a> (Die schulinternen Lehrpl\u00e4ne zu den einzelnen Unterrichtsvorhaben folgen in K\u00fcrze.)<\/p><p><a href=\"https:\/\/crghagen.de\/wp-content\/uploads\/2018\/06\/2011-Bewertungsraster-kompetenzorientiert.pdf\">kompetenzorientiert<\/a><a href=\"https:\/\/crghagen.de\/wp-content\/uploads\/2018\/06\/2011-Bewertungsraster-kompetenzorientiert.pdf\">es Bewertungsraster<\/a><\/p><p><a href=\"https:\/\/crghagen.de\/wp-content\/uploads\/2018\/06\/F\u00f6rderkonzept_Biologie_Beschluss_29_10_12.pdf\">F\u00f6rderkonzept Biologie<\/a><\/p><p><a href=\"https:\/\/crghagen.de\/wp-content\/uploads\/2018\/06\/Leistungsbewertung_Bio.pdf\">Leistungsbewertung Biologie<\/a><\/p><p><a href=\"https:\/\/crghagen.de\/wp-content\/uploads\/2018\/06\/Leistungsbewertung_Bio_SI.pdf\">Leistungsbewertung Biologie (Erg\u00e4nzung)<\/a><\/p>\t\t\t\t\t<\/div>\n\t\t\t\t\t\t<\/div>\n\t\t\t\t<\/div>\n\t\t\t\t\t\t<\/div>\n\t\t\t\t\t<\/div>\n\t\t<\/div>\n\t\t\t\t\t\t\t\t<\/div>\n\t\t\t\t\t<\/div>\n\t\t<\/section>\n\t\t\t\t\t\t\t\t\t<\/div>\n\t\t\t<\/div>\n\t\t\t\t\t<\/div>\n\t\t","protected":false},"excerpt":{"rendered":"<p>Das Fach Biologie wird in der Sekundarstufe I in den Jahrgangsstufen 5, 6, 8 und 10 jeweils zweist\u00fcndig unterrichtet, in der Einf\u00fchrungsphase gibt es in der Regel 3-4 Grundkurse, in der Qualifikationsphase 2-3 Grundkurse und 1-2 Leistungskurse. Die Lehrerbesetzung der Schule erm\u00f6glicht eine ordnungsgem\u00e4\u00dfe Erteilung des Unterrichtes, ein NW-AG-Angebot und Wahlpflichtkurse mit naturwissenschaftlichem Schwerpunkt. Die [&hellip;]<\/p>\n","protected":false},"author":3,"featured_media":0,"parent":0,"menu_order":0,"comment_status":"closed","ping_status":"closed","template":"","meta":{"footnotes":""},"class_list":["post-2670","page","type-page","status-publish","hentry","gallery-content-unit"],"_links":{"self":[{"href":"https:\/\/crghagen.de\/index.php?rest_route=\/wp\/v2\/pages\/2670","targetHints":{"allow":["GET"]}}],"collection":[{"href":"https:\/\/crghagen.de\/index.php?rest_route=\/wp\/v2\/pages"}],"about":[{"href":"https:\/\/crghagen.de\/index.php?rest_route=\/wp\/v2\/types\/page"}],"author":[{"embeddable":true,"href":"https:\/\/crghagen.de\/index.php?rest_route=\/wp\/v2\/users\/3"}],"replies":[{"embeddable":true,"href":"https:\/\/crghagen.de\/index.php?rest_route=%2Fwp%2Fv2%2Fcomments&post=2670"}],"version-history":[{"count":18,"href":"https:\/\/crghagen.de\/index.php?rest_route=\/wp\/v2\/pages\/2670\/revisions"}],"predecessor-version":[{"id":5220,"href":"https:\/\/crghagen.de\/index.php?rest_route=\/wp\/v2\/pages\/2670\/revisions\/5220"}],"wp:attachment":[{"href":"https:\/\/crghagen.de\/index.php?rest_route=%2Fwp%2Fv2%2Fmedia&parent=2670"}],"curies":[{"name":"wp","href":"https:\/\/api.w.org\/{rel}","templated":true}]}}