{"id":2622,"date":"2020-01-15T13:54:28","date_gmt":"2020-01-15T12:54:28","guid":{"rendered":"https:\/\/crghagen.de\/?page_id=2622"},"modified":"2022-09-06T08:33:46","modified_gmt":"2022-09-06T07:33:46","slug":"katholische-religion","status":"publish","type":"page","link":"https:\/\/crghagen.de\/?page_id=2622","title":{"rendered":"Katholische Religion"},"content":{"rendered":"\t\t<div data-elementor-type=\"wp-page\" data-elementor-id=\"2622\" class=\"elementor elementor-2622\">\n\t\t\t\t\t\t<div class=\"elementor-inner\">\n\t\t\t\t<div class=\"elementor-section-wrap\">\n\t\t\t\t\t\t\t\t\t<section class=\"elementor-section elementor-top-section elementor-element elementor-element-6720f59b elementor-section-boxed elementor-section-height-default elementor-section-height-default\" data-id=\"6720f59b\" data-element_type=\"section\">\n\t\t\t\t\t\t<div class=\"elementor-container elementor-column-gap-default\">\n\t\t\t\t\t\t\t<div class=\"elementor-row\">\n\t\t\t\t\t<div class=\"elementor-column elementor-col-100 elementor-top-column elementor-element elementor-element-78af84f9\" data-id=\"78af84f9\" data-element_type=\"column\">\n\t\t\t<div class=\"elementor-column-wrap elementor-element-populated\">\n\t\t\t\t\t\t\t<div class=\"elementor-widget-wrap\">\n\t\t\t\t\t\t<div class=\"elementor-element elementor-element-1a4ab84b elementor-widget elementor-widget-text-editor\" data-id=\"1a4ab84b\" data-element_type=\"widget\" data-widget_type=\"text-editor.default\">\n\t\t\t\t<div class=\"elementor-widget-container\">\n\t\t\t\t\t\t\t\t<div class=\"elementor-text-editor elementor-clearfix\">\n\t\t\t\t<p><i>Katholische Religionslehre \u2013 mehr als nur ein Schulfach\u2026.<\/i><\/p><p>Das schulinterne Curriculum sowie der Kernlehrplan f\u00fcr die Sekundarstufe sehen vor, w\u00e4hrend der Erprobungsstufe elementare Kenntnisse \u00fcber die eigene Konfession und Religion zu vermitteln, aber auch eine weitere abrahamitische Religion, das Judentum, zu thematisieren. Die zu erwerbenden Kompetenzen werden durch die verschiedenen Methoden und Unterrichtsformen vermittelt und geschult.<\/p><p>In der Mittelstufe setzen die Sch\u00fcler\/innen sich mit komplexeren Themengebieten (z B. Reformation und ihre Wirkungsgeschichte, Kreuz und Auferstehung Jesu, Weltreligionen: Islam und Buddhismus) auseinander und beziehen diese auf ihre eigenen Lebenswirklichkeit.<\/p><p>Das Fach Kath. Religionslehre wird in der Sekundarstufe I zweist\u00fcndig unterrichtet. Die Sch\u00fcler\/innen bekommen von der Schule das jeweilige Lehrbuch gestellt (s. Lehrmittel SI ) Zus\u00e4tzlich zum Lehrwerk setzen wir Kopien bzw. Arbeitshefte zum Buch ein, um den Unterricht individuell gestalten zu k\u00f6nnen.<\/p><p>Zum Schuljahresbeginn feiern wir mit den neuen F\u00fcnftkl\u00e4sslern einen Einschulungsgottesdienst, f\u00fcr die Abiturienten findet zu ihrer Entlassung ein interreligi\u00f6ser Gottesdienst statt. Ebenfalls findet in der Winterzeit ein j\u00e4hrlicher \u00f6kumenischer Adventsgottesdienst statt.<\/p><p><a href=\"https:\/\/crghagen.de\/wp-content\/uploads\/2020\/05\/Schulinternes-Curriculum-SI-f\u00fcr-G9-ab-Schuljahr2019_20_JS_56.pdf\">Schulinternes Curriculum_Sek I (G9)<\/a><\/p><p><a href=\"https:\/\/crghagen.de\/wp-content\/uploads\/2020\/05\/EF-schulinternes-Curriculum-15.09.2014.odt\">Schulinternes Curriculum_EF<\/a><\/p><p><a href=\"https:\/\/crghagen.de\/wp-content\/uploads\/2018\/06\/Qualifikationsphase_KathReligion_08.06.15.pdf\">Schulinternes Curriculum_Qualifikationsphase<\/a><\/p><p><a href=\"https:\/\/crghagen.de\/wp-content\/uploads\/2018\/06\/LeistungsbewertungKatholischeReligion.pdf\">Leistungsbewertung Sek I<\/a><\/p><p><a href=\"https:\/\/crghagen.de\/wp-content\/uploads\/2020\/05\/Leistungsbewertungskonzept-Sek-II.pdf\">Leistungsbewertung Sek II<\/a><\/p>\t\t\t\t\t<\/div>\n\t\t\t\t\t\t<\/div>\n\t\t\t\t<\/div>\n\t\t\t\t\t\t<\/div>\n\t\t\t\t\t<\/div>\n\t\t<\/div>\n\t\t\t\t\t\t\t\t<\/div>\n\t\t\t\t\t<\/div>\n\t\t<\/section>\n\t\t\t\t\t\t\t\t\t<\/div>\n\t\t\t<\/div>\n\t\t\t\t\t<\/div>\n\t\t","protected":false},"excerpt":{"rendered":"<p>Katholische Religionslehre \u2013 mehr als nur ein Schulfach\u2026. Das schulinterne Curriculum sowie der Kernlehrplan f\u00fcr die Sekundarstufe sehen vor, w\u00e4hrend der Erprobungsstufe elementare Kenntnisse \u00fcber die eigene Konfession und Religion zu vermitteln, aber auch eine weitere abrahamitische Religion, das Judentum, zu thematisieren. Die zu erwerbenden Kompetenzen werden durch die verschiedenen Methoden und Unterrichtsformen vermittelt und [&hellip;]<\/p>\n","protected":false},"author":3,"featured_media":0,"parent":0,"menu_order":0,"comment_status":"closed","ping_status":"closed","template":"","meta":{"footnotes":""},"class_list":["post-2622","page","type-page","status-publish","hentry","gallery-content-unit"],"_links":{"self":[{"href":"https:\/\/crghagen.de\/index.php?rest_route=\/wp\/v2\/pages\/2622","targetHints":{"allow":["GET"]}}],"collection":[{"href":"https:\/\/crghagen.de\/index.php?rest_route=\/wp\/v2\/pages"}],"about":[{"href":"https:\/\/crghagen.de\/index.php?rest_route=\/wp\/v2\/types\/page"}],"author":[{"embeddable":true,"href":"https:\/\/crghagen.de\/index.php?rest_route=\/wp\/v2\/users\/3"}],"replies":[{"embeddable":true,"href":"https:\/\/crghagen.de\/index.php?rest_route=%2Fwp%2Fv2%2Fcomments&post=2622"}],"version-history":[{"count":12,"href":"https:\/\/crghagen.de\/index.php?rest_route=\/wp\/v2\/pages\/2622\/revisions"}],"predecessor-version":[{"id":4081,"href":"https:\/\/crghagen.de\/index.php?rest_route=\/wp\/v2\/pages\/2622\/revisions\/4081"}],"wp:attachment":[{"href":"https:\/\/crghagen.de\/index.php?rest_route=%2Fwp%2Fv2%2Fmedia&parent=2622"}],"curies":[{"name":"wp","href":"https:\/\/api.w.org\/{rel}","templated":true}]}}