{"id":2620,"date":"2020-01-15T13:53:34","date_gmt":"2020-01-15T12:53:34","guid":{"rendered":"https:\/\/crghagen.de\/?page_id=2620"},"modified":"2023-08-09T08:07:10","modified_gmt":"2023-08-09T07:07:10","slug":"evangelische-religion","status":"publish","type":"page","link":"https:\/\/crghagen.de\/?page_id=2620","title":{"rendered":"Evangelische Religion"},"content":{"rendered":"\t\t<div data-elementor-type=\"wp-page\" data-elementor-id=\"2620\" class=\"elementor elementor-2620\">\n\t\t\t\t\t\t<div class=\"elementor-inner\">\n\t\t\t\t<div class=\"elementor-section-wrap\">\n\t\t\t\t\t\t\t\t\t<section class=\"elementor-section elementor-top-section elementor-element elementor-element-6ccd19b5 elementor-section-boxed elementor-section-height-default elementor-section-height-default\" data-id=\"6ccd19b5\" data-element_type=\"section\">\n\t\t\t\t\t\t<div class=\"elementor-container elementor-column-gap-default\">\n\t\t\t\t\t\t\t<div class=\"elementor-row\">\n\t\t\t\t\t<div class=\"elementor-column elementor-col-100 elementor-top-column elementor-element elementor-element-cdbb9b7\" data-id=\"cdbb9b7\" data-element_type=\"column\">\n\t\t\t<div class=\"elementor-column-wrap elementor-element-populated\">\n\t\t\t\t\t\t\t<div class=\"elementor-widget-wrap\">\n\t\t\t\t\t\t<div class=\"elementor-element elementor-element-6f82fc77 elementor-widget elementor-widget-text-editor\" data-id=\"6f82fc77\" data-element_type=\"widget\" data-widget_type=\"text-editor.default\">\n\t\t\t\t<div class=\"elementor-widget-container\">\n\t\t\t\t\t\t\t\t<div class=\"elementor-text-editor elementor-clearfix\">\n\t\t\t\t<p>Im Fach Ev. Religionslehre erfolgt die Auseinandersetzung mit dem christlichen Glauben in seiner evangelischen Auspr\u00e4gung. Die Sch\u00fclerinnen und Sch\u00fcler befassen sich dabei mit ganz unterschiedlichen Themen (Sch\u00f6pfung, Jesus, andere Religionen, Propheten usw.), wobei im Unterricht der\/die Einzelne mit dem eigenen Glauben einen Platz hat, daneben auch die Bibel, die evangelische Tradition, andere Religionen und Weltanschauungen u. \u00e4.<\/p><p>In verschiedenen Sozialformen (Einzel-, Partner- und Gruppenarbeit) und Arbeitsweisen (Textlekt\u00fcre, Bildbetrachtung, Diskussion, Rollenspiel, Filmanalyse, Recherche, Pr\u00e4sentation, Unterrichtsgang usw.) werden Erkenntnisse gewonnen und Positionen gefunden. Pers\u00f6nliche Erfahrungen und \u00dcberzeugungen k\u00f6nnen dabei einflie\u00dfen; eine besondere (Glaubens-)Haltung ist keine Voraussetzung zur Teilnahme am Unterricht.<\/p><p><em>Die konkreten Inhalte des Faches sowie die Kriterien zur Leistungsbewertung in den einzelnen Jahrgangsstufen k\u00f6nnen Sie sich \u00fcber den folgenden Link anschauen:<\/em><\/p><p style=\"padding-left: 40px;\"><a href=\"https:\/\/crghagen.de\/wp-content\/uploads\/2023\/08\/Ueberarbeitetes-Curriculum-ER-Stand-August-23.docx\">Curriculum ER (G9) Stand August 23<\/a><\/p>\t\t\t\t\t<\/div>\n\t\t\t\t\t\t<\/div>\n\t\t\t\t<\/div>\n\t\t\t\t\t\t<\/div>\n\t\t\t\t\t<\/div>\n\t\t<\/div>\n\t\t\t\t\t\t\t\t<\/div>\n\t\t\t\t\t<\/div>\n\t\t<\/section>\n\t\t\t\t\t\t\t\t\t<\/div>\n\t\t\t<\/div>\n\t\t\t\t\t<\/div>\n\t\t","protected":false},"excerpt":{"rendered":"<p>Im Fach Ev. Religionslehre erfolgt die Auseinandersetzung mit dem christlichen Glauben in seiner evangelischen Auspr\u00e4gung. Die Sch\u00fclerinnen und Sch\u00fcler befassen sich dabei mit ganz unterschiedlichen Themen (Sch\u00f6pfung, Jesus, andere Religionen, Propheten usw.), wobei im Unterricht der\/die Einzelne mit dem eigenen Glauben einen Platz hat, daneben auch die Bibel, die evangelische Tradition, andere Religionen und Weltanschauungen [&hellip;]<\/p>\n","protected":false},"author":3,"featured_media":0,"parent":0,"menu_order":0,"comment_status":"closed","ping_status":"closed","template":"","meta":{"footnotes":""},"class_list":["post-2620","page","type-page","status-publish","hentry","gallery-content-unit"],"_links":{"self":[{"href":"https:\/\/crghagen.de\/index.php?rest_route=\/wp\/v2\/pages\/2620","targetHints":{"allow":["GET"]}}],"collection":[{"href":"https:\/\/crghagen.de\/index.php?rest_route=\/wp\/v2\/pages"}],"about":[{"href":"https:\/\/crghagen.de\/index.php?rest_route=\/wp\/v2\/types\/page"}],"author":[{"embeddable":true,"href":"https:\/\/crghagen.de\/index.php?rest_route=\/wp\/v2\/users\/3"}],"replies":[{"embeddable":true,"href":"https:\/\/crghagen.de\/index.php?rest_route=%2Fwp%2Fv2%2Fcomments&post=2620"}],"version-history":[{"count":16,"href":"https:\/\/crghagen.de\/index.php?rest_route=\/wp\/v2\/pages\/2620\/revisions"}],"predecessor-version":[{"id":5181,"href":"https:\/\/crghagen.de\/index.php?rest_route=\/wp\/v2\/pages\/2620\/revisions\/5181"}],"wp:attachment":[{"href":"https:\/\/crghagen.de\/index.php?rest_route=%2Fwp%2Fv2%2Fmedia&parent=2620"}],"curies":[{"name":"wp","href":"https:\/\/api.w.org\/{rel}","templated":true}]}}