{"id":2614,"date":"2020-01-15T13:50:11","date_gmt":"2020-01-15T12:50:11","guid":{"rendered":"https:\/\/crghagen.de\/?page_id=2614"},"modified":"2021-04-27T11:24:45","modified_gmt":"2021-04-27T10:24:45","slug":"sozialwissenschaften","status":"publish","type":"page","link":"https:\/\/crghagen.de\/?page_id=2614","title":{"rendered":"Sozialwissenschaften"},"content":{"rendered":"\t\t<div data-elementor-type=\"wp-page\" data-elementor-id=\"2614\" class=\"elementor elementor-2614\">\n\t\t\t\t\t\t<div class=\"elementor-inner\">\n\t\t\t\t<div class=\"elementor-section-wrap\">\n\t\t\t\t\t\t\t\t\t<section class=\"elementor-section elementor-top-section elementor-element elementor-element-2bbc65f4 elementor-section-boxed elementor-section-height-default elementor-section-height-default\" data-id=\"2bbc65f4\" data-element_type=\"section\">\n\t\t\t\t\t\t<div class=\"elementor-container elementor-column-gap-default\">\n\t\t\t\t\t\t\t<div class=\"elementor-row\">\n\t\t\t\t\t<div class=\"elementor-column elementor-col-100 elementor-top-column elementor-element elementor-element-45170b51\" data-id=\"45170b51\" data-element_type=\"column\">\n\t\t\t<div class=\"elementor-column-wrap elementor-element-populated\">\n\t\t\t\t\t\t\t<div class=\"elementor-widget-wrap\">\n\t\t\t\t\t\t<div class=\"elementor-element elementor-element-39825e76 elementor-widget elementor-widget-text-editor\" data-id=\"39825e76\" data-element_type=\"widget\" data-widget_type=\"text-editor.default\">\n\t\t\t\t<div class=\"elementor-widget-container\">\n\t\t\t\t\t\t\t\t<div class=\"elementor-text-editor elementor-clearfix\">\n\t\t\t\t<p>Das Fach Politik, bzw. in der Oberstufe Sozialwissenschaften, wird aktuell von den Lehrerinnen Frau Hartmann, Frau Kwiatkowski und Freu Scheike sowie von Herrn Fleper unterrichtet. Der Fachraum befindet sich in der Villa in Raum 1 OG 17 und ist ausgestattet mit B\u00fcchern und Themenheften, politischen Karten und einem Flachbildfernseher.<\/p><p>Das Fach Politik wird in der 6., 7. (einst\u00fcndig epochal) 8., 9. (einst\u00fcndig epochal) und 10. Jahrgangsstufe unterrichtet.<\/p><p>Inhaltlich geht es nicht nur um politische und wirtschaftliche Themen, auch das famili\u00e4re, schulische und gesellschaftliche Zusammenleben steht im Mittelpunkt.<\/p><p>In der Sekundarstufe II wird das Fach Sozialwissenschaften in den Grundkursen dreist\u00fcndig unterrichtet, je nach Wahlverhalten kommt h\u00e4ufig aber auch ein f\u00fcnfst\u00fcndiger Leistungskurs zustande. Thematisch unterteilt sich das Fach dann in die drei Bereiche Politik, \u00d6konomie und Soziologie.<\/p><p>In allen Jahrgangsstufe hat das Fach einen aktuellen Anspruch und thematisiert lokale und regionale, genauso wie globale Entwicklungen.<\/p><p><em>Die konkreten Inhalte des Faches <i> sowie die Kriterien zur Leistungsbewertung<\/i> in den einzelnen Jahrgangsstufen k\u00f6nnen Sie sich \u00fcber die folgenden Links anschauen:<\/em><\/p><p><a href=\"https:\/\/crghagen.de\/wp-content\/uploads\/2021\/04\/Schulinternes-Curriculum-Politik-G9.pdf\">Schulinternes Curriculum Politik G9<\/a><\/p><p><a href=\"https:\/\/crghagen.de\/wp-content\/uploads\/2018\/05\/Leistungsbewertung-im-Politikunterricht-der-Sekundarstufe-I.pdf\">Leistungsbewertung im Politikunterricht der Sekundarstufe I<\/a><\/p><p><a href=\"https:\/\/crghagen.de\/wp-content\/uploads\/2018\/05\/Schulinternes-Curriculum-Sek-II-Sozialwissenschaften.pdf\">Schulinternes Curriculum Sek II Sozialwissenschaften<\/a><\/p><p><a href=\"https:\/\/crghagen.de\/wp-content\/uploads\/2018\/05\/Leistungsbewertung-im-Sowi-Unterricht.pdf\">Leistungsbewertung im Sowi-Unterricht<\/a><\/p><p><a href=\"https:\/\/crghagen.de\/wp-content\/uploads\/2018\/05\/Beurteilungsbogen-der-Facharbeit.pdf\">Beurteilungsbogen der Facharbeit<\/a><\/p>\t\t\t\t\t<\/div>\n\t\t\t\t\t\t<\/div>\n\t\t\t\t<\/div>\n\t\t\t\t\t\t<\/div>\n\t\t\t\t\t<\/div>\n\t\t<\/div>\n\t\t\t\t\t\t\t\t<\/div>\n\t\t\t\t\t<\/div>\n\t\t<\/section>\n\t\t\t\t\t\t\t\t\t<\/div>\n\t\t\t<\/div>\n\t\t\t\t\t<\/div>\n\t\t","protected":false},"excerpt":{"rendered":"<p>Das Fach Politik, bzw. in der Oberstufe Sozialwissenschaften, wird aktuell von den Lehrerinnen Frau Hartmann, Frau Kwiatkowski und Freu Scheike sowie von Herrn Fleper unterrichtet. Der Fachraum befindet sich in der Villa in Raum 1 OG 17 und ist ausgestattet mit B\u00fcchern und Themenheften, politischen Karten und einem Flachbildfernseher. Das Fach Politik wird in der [&hellip;]<\/p>\n","protected":false},"author":3,"featured_media":0,"parent":0,"menu_order":0,"comment_status":"closed","ping_status":"closed","template":"","meta":{"footnotes":""},"class_list":["post-2614","page","type-page","status-publish","hentry","gallery-content-unit"],"_links":{"self":[{"href":"https:\/\/crghagen.de\/index.php?rest_route=\/wp\/v2\/pages\/2614","targetHints":{"allow":["GET"]}}],"collection":[{"href":"https:\/\/crghagen.de\/index.php?rest_route=\/wp\/v2\/pages"}],"about":[{"href":"https:\/\/crghagen.de\/index.php?rest_route=\/wp\/v2\/types\/page"}],"author":[{"embeddable":true,"href":"https:\/\/crghagen.de\/index.php?rest_route=\/wp\/v2\/users\/3"}],"replies":[{"embeddable":true,"href":"https:\/\/crghagen.de\/index.php?rest_route=%2Fwp%2Fv2%2Fcomments&post=2614"}],"version-history":[{"count":12,"href":"https:\/\/crghagen.de\/index.php?rest_route=\/wp\/v2\/pages\/2614\/revisions"}],"predecessor-version":[{"id":3318,"href":"https:\/\/crghagen.de\/index.php?rest_route=\/wp\/v2\/pages\/2614\/revisions\/3318"}],"wp:attachment":[{"href":"https:\/\/crghagen.de\/index.php?rest_route=%2Fwp%2Fv2%2Fmedia&parent=2614"}],"curies":[{"name":"wp","href":"https:\/\/api.w.org\/{rel}","templated":true}]}}