{"id":2473,"date":"2019-11-07T13:12:34","date_gmt":"2019-11-07T12:12:34","guid":{"rendered":"https:\/\/crghagen.de\/?page_id=2473"},"modified":"2022-08-06T14:28:23","modified_gmt":"2022-08-06T13:28:23","slug":"spanisch","status":"publish","type":"page","link":"https:\/\/crghagen.de\/?page_id=2473","title":{"rendered":"Spanisch"},"content":{"rendered":"\t\t<div data-elementor-type=\"wp-page\" data-elementor-id=\"2473\" class=\"elementor elementor-2473\">\n\t\t\t\t\t\t<div class=\"elementor-inner\">\n\t\t\t\t<div class=\"elementor-section-wrap\">\n\t\t\t\t\t\t\t\t\t<section class=\"elementor-section elementor-top-section elementor-element elementor-element-6c01dd36 elementor-section-boxed elementor-section-height-default elementor-section-height-default\" data-id=\"6c01dd36\" data-element_type=\"section\">\n\t\t\t\t\t\t<div class=\"elementor-container elementor-column-gap-default\">\n\t\t\t\t\t\t\t<div class=\"elementor-row\">\n\t\t\t\t\t<div class=\"elementor-column elementor-col-100 elementor-top-column elementor-element elementor-element-26ca2bde\" data-id=\"26ca2bde\" data-element_type=\"column\">\n\t\t\t<div class=\"elementor-column-wrap elementor-element-populated\">\n\t\t\t\t\t\t\t<div class=\"elementor-widget-wrap\">\n\t\t\t\t\t\t<div class=\"elementor-element elementor-element-2268556e elementor-widget elementor-widget-text-editor\" data-id=\"2268556e\" data-element_type=\"widget\" data-widget_type=\"text-editor.default\">\n\t\t\t\t<div class=\"elementor-widget-container\">\n\t\t\t\t\t\t\t\t<div class=\"elementor-text-editor elementor-clearfix\">\n\t\t\t\t<h1><span style=\"font-size: 16.0pt; font-family: 'Open Sans',serif; color: #727272; letter-spacing: .15pt;\">\u00a1Buenos d\u00edas! \u2026 das Fach Spanisch stellt sich vor.<\/span><\/h1><div style=\"width: 896px;\" class=\"wp-video\"><video class=\"wp-video-shortcode\" id=\"video-2473-1\" width=\"896\" height=\"438\" preload=\"metadata\" controls=\"controls\"><source type=\"video\/mp4\" src=\"https:\/\/crghagen.de\/wp-content\/uploads\/2020\/10\/Spanisch-am-CRG.mp4?_=1\" \/><a href=\"https:\/\/crghagen.de\/wp-content\/uploads\/2020\/10\/Spanisch-am-CRG.mp4\">https:\/\/crghagen.de\/wp-content\/uploads\/2020\/10\/Spanisch-am-CRG.mp4<\/a><\/video><\/div><p style=\"line-height: 18.75pt; margin: 0cm 0cm 15.0pt 0cm;\"><span style=\"font-size: 11.5pt; font-family: 'Open Sans',serif; color: #727272; letter-spacing: .15pt;\">Spanisch, eine der Sprachen der Weltwirtschaft, beliebter Urlaubsziele und gro\u00dfartiger Literatur und K\u00fcnstler, erfreut sich einer stetig wachsenden Anzahl begeisterter Lerner. Viele gute Gr\u00fcnde also, um Spanisch zu lernen. Neben der politischen, wirtschaftlichen und gesellschaftlichen Bedeutung als Welt- und Kultursprache kommt der spanischen Sprache als Vermittlerin von vielf\u00e4ltigen Kulturen eine weitere wichtige Bedeutung zu, denn \u00fcber das Erlernen der Sprache er\u00f6ffnen sich den Sch\u00fclerinnen und Sch\u00fclern interessante<span class=\"apple-converted-space\">\u00a0<\/span><strong><span style=\"font-family: 'Open Sans',serif;\">Einblicke in ganz unterschiedliche Lebensweisen und Traditionen Spaniens und Lateinamerikas<\/span><\/strong>.<\/span><\/p><p style=\"line-height: 18.75pt; margin: 0cm 0cm 15.0pt 0cm;\"><span style=\"font-size: 11.5pt; font-family: 'Open Sans',serif; color: #727272; letter-spacing: .15pt;\">F\u00fcr Sch\u00fclerinnen und Sch\u00fcler ist Spanische zudem eine Art Zusatzqualifikation und vergr\u00f6\u00dfert so die Chancen f\u00fcr eine gute Ausbildung nach dem Schulbesuch. Dies gilt sowohl f\u00fcr die M\u00f6glichkeiten bei der Studienwahl als auch bei Ausbildungsberufen im Bereich der Industrie und Wirtschaft, der Gastronomie, des Tourismus und des Handwerks.<\/span><\/p><p style=\"line-height: 18.75pt; margin: 0cm 0cm 15.0pt 0cm;\"><span style=\"font-size: 11.5pt; font-family: 'Open Sans',serif; color: #727272; letter-spacing: .15pt;\">Am Christian-Rohlfs-Gymnasium wird das Fach Spanisch in der<span class=\"apple-converted-space\">\u00a0<\/span><strong><span style=\"font-family: 'Open Sans',serif;\">Jahrgangsstufe 9 als Wahlpflichtfach<\/span><\/strong><span class=\"apple-converted-space\">\u00a0<\/span>und in der<span class=\"apple-converted-space\">\u00a0<\/span><strong><span style=\"font-family: 'Open Sans',serif;\">Einf\u00fchrungsphase <\/span><\/strong>der gymnasialen Oberstufe als neueinsetzende Fremdsprache angeboten. <\/span><\/p><p style=\"line-height: 18.75pt; margin: 0cm 0cm 15.0pt 0cm;\"><span style=\"font-size: 11.5pt; font-family: 'Open Sans',serif; color: #727272; letter-spacing: .15pt;\">Prim\u00e4res Ziel des Spanischunterrichts ist es, <strong><span style=\"font-family: 'Open Sans',serif;\">kommunikative und interkulturelle Kompetenzen<\/span><\/strong><span class=\"apple-converted-space\">\u00a0<\/span>zu vermitteln. Im Mittelpunkt stehen der<span class=\"apple-converted-space\">\u00a0<\/span><strong><span style=\"font-family: 'Open Sans',serif;\">Erwerb der Kernkompetenzen Sprechen, H\u00f6ren, Schreiben und Lesen<\/span><\/strong>,<span class=\"apple-converted-space\">\u00a0<\/span><strong><span style=\"font-family: 'Open Sans',serif;\">verkn\u00fcpft mit Themen der pers\u00f6nlichen und beruflichen Lebensgestaltung<\/span><\/strong><span class=\"apple-converted-space\">\u00a0<\/span>(z.B. Familie, Freunde, Freizeit, Schule und Ausbildung in Deutschland und in spanischsprachigen L\u00e4ndern),<span class=\"apple-converted-space\">\u00a0<\/span><strong><span style=\"font-family: 'Open Sans',serif;\">des gesellschaftlichen Lebens<\/span><\/strong><span class=\"apple-converted-space\">\u00a0<\/span>(z.B. typische Feste und Traditionen in den verschiedenen spanischsprachigen L\u00e4ndern) sowie<span class=\"apple-converted-space\">\u00a0<\/span><strong><span style=\"font-family: 'Open Sans',serif;\">gegenw\u00e4rtigen politischen und gesellschaftlichen Diskussionen<\/span><\/strong><span class=\"apple-converted-space\">\u00a0<\/span>(z.B. Spanien \u2013 Land der Ein- und Auswanderung, Kinderarmut in Lateinamerika, Tourismus in Andalusien oder sprachliche Vielfalt in Spanien).<\/span><\/p><p style=\"line-height: 18.75pt; margin: 0cm 0cm 15.0pt 0cm;\"><span style=\"font-size: 11.5pt; font-family: 'Open Sans',serif; color: #727272; letter-spacing: .15pt;\">Dabei greifen wir in der<span class=\"apple-converted-space\">\u00a0<\/span><strong><span style=\"font-family: 'Open Sans',serif;\">Sekundarstufe I<\/span><\/strong><span class=\"apple-converted-space\">\u00a0<\/span>auf das Lehrwerk<span class=\"apple-converted-space\">\u00a0<\/span><em><b><span style=\"font-family: 'Open Sans',serif;\">RUTAS para ti<\/span><\/b><\/em><span class=\"apple-converted-space\">\u00a0<\/span>des Sch\u00f6ningh Verlags und in der<span class=\"apple-converted-space\">\u00a0<\/span><strong><span style=\"font-family: 'Open Sans',serif;\">Einf\u00fchrungsphase<\/span><\/strong><span class=\"apple-converted-space\">\u00a0<\/span>auf das Lehrwerk<span class=\"apple-converted-space\">\u00a0<\/span><em><b><span style=\"font-family: 'Open Sans',serif;\">A_tope<\/span><\/b><\/em><span class=\"apple-converted-space\">\u00a0<\/span>des Cornelsen Verlags zur\u00fcck. In der<span class=\"apple-converted-space\">\u00a0<\/span><strong><span style=\"font-family: 'Open Sans',serif;\">Qualifikationsphase<\/span><\/strong><span class=\"apple-converted-space\">\u00a0<\/span>stellen wir f\u00fcr unsere Sch\u00fcler\/innen<span class=\"apple-converted-space\">\u00a0<\/span><strong><span style=\"font-family: 'Open Sans',serif;\">themenspezifisches Material<\/span><\/strong><span class=\"apple-converted-space\">\u00a0<\/span>aus verschiedensten Quellen zusammen. Anwendungsbezogene und lebensweltnahe Aufgaben sowie unterschiedliche Arbeits- und Sozialformen gestalten den Spanischunterricht abwechslungsreich. Authentische Materialien, originale Filme und Lieder unterst\u00fctzen die Lernprozesse unserer Sch\u00fcler\/innen und erm\u00f6glichen einen motivierenden Zugang zur spanischen Sprache.<\/span><\/p><p style=\"line-height: 18.75pt; margin: 0cm 0cm 15.0pt 0cm;\"><span style=\"font-size: 11.5pt; font-family: 'Open Sans',serif; color: #727272; letter-spacing: .15pt;\">Noch Fragen? Dann\u00a0 sprecht uns einfach an, wir beantworten diese gerne!<\/span><\/p><p style=\"line-height: 18.75pt; margin: 0cm 0cm 15.0pt 0cm;\"><span style=\"font-size: 11.5pt; font-family: 'Open Sans',serif; color: #727272; letter-spacing: .15pt;\">\u00a1Hasta luego!<\/span><\/p><p><a href=\"https:\/\/crghagen.de\/wp-content\/uploads\/2022\/08\/Spanischcurriculum_072022.pdf\">Spanischcurriculum_072022<\/a><\/p><p><a href=\"https:\/\/crghagen.de\/wp-content\/uploads\/2018\/06\/Spanisch-Fachcurriculum-Anhang3-NotasOrales.pdf\">M\u00fcndliche Mitarbeit im Fach Spanisch<\/a><\/p><p><strong><u>Weiterf\u00fchrende Links<\/u><\/strong><\/p><ol><li>Kernlehrplan NRW Sek I: <span style=\"color: #ff9900;\"><a style=\"color: #ff9900;\" href=\"https:\/\/www.schulentwicklung.nrw.de\/lehrplaene\/lehrplan\/138\/gym8_spanisch.pdf\">https:\/\/www.schulentwicklung.nrw.de\/lehrplaene\/lehrplan\/138\/gym8_spanisch.pdf<\/a><\/span><\/li><li>Kernlehrplan NRW Sek II: <span style=\"color: #ff9900;\"><a style=\"color: #ff9900;\" href=\"https:\/\/www.schulentwicklung.nrw.de\/lehrplaene\/lehrplan\/139\/KLP_GOSt_Spanisch.pdf\">https:\/\/www.schulentwicklung.nrw.de\/lehrplaene\/lehrplan\/139\/KLP_GOSt_Spanisch.pdf<\/a><\/span><\/li><li>Abiturvorgaben NRW: <span style=\"color: #ff9900;\"><a style=\"color: #ff9900;\" href=\"https:\/\/www.standardsicherung.schulministerium.nrw.de\/cms\/zentralabitur-gost\/faecher\/fach.php?fach=32\">https:\/\/www.standardsicherung.schulministerium.nrw.de\/cms\/zentralabitur-gost\/faecher\/fach.php?fach=32<\/a><\/span><\/li><li>DELE Sprachzertifikat: <span style=\"color: #ff9900;\"><a style=\"color: #ff9900;\" href=\"https:\/\/bremen.cervantes.es\/de\/sprachdiplome_dele\/dele_fuer_schuelerinnen_und_schueler_des_landes_nordrhein_westfalen.htm\">https:\/\/bremen.cervantes.es\/de\/sprachdiplome_dele\/dele_fuer_schuelerinnen_und_schueler_des_landes_nordrhein_westfalen.htm<\/a><\/span><\/li><\/ol>\n\t\t<style type=\"text\/css\">\n\t\t\t#gallery-1 {\n\t\t\t\tmargin: auto;\n\t\t\t}\n\t\t\t#gallery-1 .gallery-item {\n\t\t\t\tfloat: left;\n\t\t\t\tmargin-top: 10px;\n\t\t\t\ttext-align: center;\n\t\t\t\twidth: 33%;\n\t\t\t}\n\t\t\t#gallery-1 img {\n\t\t\t\tborder: 2px solid #cfcfcf;\n\t\t\t}\n\t\t\t#gallery-1 .gallery-caption {\n\t\t\t\tmargin-left: 0;\n\t\t\t}\n\t\t\t\/* see gallery_shortcode() in wp-includes\/media.php *\/\n\t\t<\/style>\n\t\t<div id='gallery-1' class='gallery galleryid-2473 gallery-columns-3 gallery-size-thumbnail'><dl class='gallery-item'>\n\t\t\t<dt class='gallery-icon portrait'>\n\t\t\t\t<a href=\"https:\/\/crghagen.de\/wp-content\/uploads\/2020\/10\/11_INBOX_18_1page0.jpg\" title=\"11_INBOX_18_(1)page0\" data-description=\" \"><img loading=\"lazy\" decoding=\"async\" width=\"150\" height=\"150\" src=\"https:\/\/crghagen.de\/wp-content\/uploads\/2020\/10\/11_INBOX_18_1page0-150x150.jpg\" class=\"attachment-thumbnail size-thumbnail\" alt=\"\"><\/a>\n\t\t\t<\/dt><\/dl><dl class='gallery-item'>\n\t\t\t<dt class='gallery-icon portrait'>\n\t\t\t\t<a href=\"https:\/\/crghagen.de\/wp-content\/uploads\/2020\/10\/11_INBOX_18_2page0-1.jpg\" title=\"11_INBOX_18_(2)page0-1\" data-description=\" \"><img loading=\"lazy\" decoding=\"async\" width=\"150\" height=\"150\" src=\"https:\/\/crghagen.de\/wp-content\/uploads\/2020\/10\/11_INBOX_18_2page0-1-150x150.jpg\" class=\"attachment-thumbnail size-thumbnail\" alt=\"\"><\/a>\n\t\t\t<\/dt><\/dl><dl class='gallery-item'>\n\t\t\t<dt class='gallery-icon landscape'>\n\t\t\t\t<a href=\"https:\/\/crghagen.de\/wp-content\/uploads\/2020\/10\/IMG_20200915_141641-scaled.jpg\" title=\"IMG_20200915_141641\" data-description=\" \"><img loading=\"lazy\" decoding=\"async\" width=\"150\" height=\"150\" src=\"https:\/\/crghagen.de\/wp-content\/uploads\/2020\/10\/IMG_20200915_141641-150x150.jpg\" class=\"attachment-thumbnail size-thumbnail\" alt=\"\"><\/a>\n\t\t\t<\/dt><\/dl><br style=\"clear: both\" \/><dl class='gallery-item'>\n\t\t\t<dt class='gallery-icon landscape'>\n\t\t\t\t<a href=\"https:\/\/crghagen.de\/wp-content\/uploads\/2020\/10\/IMG_20200915_141727-scaled.jpg\" title=\"IMG_20200915_141727\" data-description=\" \"><img loading=\"lazy\" decoding=\"async\" width=\"150\" height=\"150\" src=\"https:\/\/crghagen.de\/wp-content\/uploads\/2020\/10\/IMG_20200915_141727-150x150.jpg\" class=\"attachment-thumbnail size-thumbnail\" alt=\"\"><\/a>\n\t\t\t<\/dt><\/dl><dl class='gallery-item'>\n\t\t\t<dt class='gallery-icon landscape'>\n\t\t\t\t<a href=\"https:\/\/crghagen.de\/wp-content\/uploads\/2020\/10\/IMG_20200915_141820-scaled.jpg\" title=\"IMG_20200915_141820\" data-description=\" \"><img loading=\"lazy\" decoding=\"async\" width=\"150\" height=\"150\" src=\"https:\/\/crghagen.de\/wp-content\/uploads\/2020\/10\/IMG_20200915_141820-150x150.jpg\" class=\"attachment-thumbnail size-thumbnail\" alt=\"\"><\/a>\n\t\t\t<\/dt><\/dl><dl class='gallery-item'>\n\t\t\t<dt class='gallery-icon portrait'>\n\t\t\t\t<a href=\"https:\/\/crghagen.de\/wp-content\/uploads\/2020\/10\/IMG_20200915_141850-scaled.jpg\" title=\"IMG_20200915_141850\" data-description=\" \"><img loading=\"lazy\" decoding=\"async\" width=\"150\" height=\"150\" src=\"https:\/\/crghagen.de\/wp-content\/uploads\/2020\/10\/IMG_20200915_141850-150x150.jpg\" class=\"attachment-thumbnail size-thumbnail\" alt=\"\"><\/a>\n\t\t\t<\/dt><\/dl><br style=\"clear: both\" \/><dl class='gallery-item'>\n\t\t\t<dt class='gallery-icon portrait'>\n\t\t\t\t<a href=\"https:\/\/crghagen.de\/wp-content\/uploads\/2020\/10\/IMG_20200915_141938-scaled.jpg\" title=\"IMG_20200915_141938\" data-description=\" \"><img loading=\"lazy\" decoding=\"async\" width=\"150\" height=\"150\" src=\"https:\/\/crghagen.de\/wp-content\/uploads\/2020\/10\/IMG_20200915_141938-150x150.jpg\" class=\"attachment-thumbnail size-thumbnail\" alt=\"\"><\/a>\n\t\t\t<\/dt><\/dl><dl class='gallery-item'>\n\t\t\t<dt class='gallery-icon portrait'>\n\t\t\t\t<a href=\"https:\/\/crghagen.de\/wp-content\/uploads\/2020\/10\/IMG_20200915_142006-scaled.jpg\" title=\"IMG_20200915_142006\" data-description=\" \"><img loading=\"lazy\" decoding=\"async\" width=\"150\" height=\"150\" src=\"https:\/\/crghagen.de\/wp-content\/uploads\/2020\/10\/IMG_20200915_142006-150x150.jpg\" class=\"attachment-thumbnail size-thumbnail\" alt=\"\"><\/a>\n\t\t\t<\/dt><\/dl><dl class='gallery-item'>\n\t\t\t<dt class='gallery-icon portrait'>\n\t\t\t\t<a href=\"https:\/\/crghagen.de\/wp-content\/uploads\/2020\/10\/IMG_20200915_142011-scaled.jpg\" title=\"IMG_20200915_142011\" data-description=\" \"><img loading=\"lazy\" decoding=\"async\" width=\"150\" height=\"150\" src=\"https:\/\/crghagen.de\/wp-content\/uploads\/2020\/10\/IMG_20200915_142011-150x150.jpg\" class=\"attachment-thumbnail size-thumbnail\" alt=\"\"><\/a>\n\t\t\t<\/dt><\/dl><br style=\"clear: both\" \/><dl class='gallery-item'>\n\t\t\t<dt class='gallery-icon portrait'>\n\t\t\t\t<a href=\"https:\/\/crghagen.de\/wp-content\/uploads\/2020\/10\/IMG_20200922_130700-scaled.jpg\" title=\"IMG_20200922_130700\" data-description=\" \"><img loading=\"lazy\" decoding=\"async\" width=\"150\" height=\"150\" src=\"https:\/\/crghagen.de\/wp-content\/uploads\/2020\/10\/IMG_20200922_130700-150x150.jpg\" class=\"attachment-thumbnail size-thumbnail\" alt=\"\"><\/a>\n\t\t\t<\/dt><\/dl><dl class='gallery-item'>\n\t\t\t<dt class='gallery-icon portrait'>\n\t\t\t\t<a href=\"https:\/\/crghagen.de\/wp-content\/uploads\/2020\/10\/IMG_20200922_130735-scaled.jpg\" title=\"IMG_20200922_130735\" data-description=\" \"><img loading=\"lazy\" decoding=\"async\" width=\"150\" height=\"150\" src=\"https:\/\/crghagen.de\/wp-content\/uploads\/2020\/10\/IMG_20200922_130735-150x150.jpg\" class=\"attachment-thumbnail size-thumbnail\" alt=\"\"><\/a>\n\t\t\t<\/dt><\/dl><dl class='gallery-item'>\n\t\t\t<dt class='gallery-icon portrait'>\n\t\t\t\t<a href=\"https:\/\/crghagen.de\/wp-content\/uploads\/2020\/10\/IMG_20200922_130840-scaled.jpg\" title=\"IMG_20200922_130840\" data-description=\" \"><img loading=\"lazy\" decoding=\"async\" width=\"150\" height=\"150\" src=\"https:\/\/crghagen.de\/wp-content\/uploads\/2020\/10\/IMG_20200922_130840-150x150.jpg\" class=\"attachment-thumbnail size-thumbnail\" alt=\"\"><\/a>\n\t\t\t<\/dt><\/dl><br style=\"clear: both\" \/><dl class='gallery-item'>\n\t\t\t<dt class='gallery-icon portrait'>\n\t\t\t\t<a href=\"https:\/\/crghagen.de\/wp-content\/uploads\/2020\/10\/IMG_20200922_131006_1-scaled.jpg\" title=\"IMG_20200922_131006_1\" data-description=\" \"><img loading=\"lazy\" decoding=\"async\" width=\"150\" height=\"150\" src=\"https:\/\/crghagen.de\/wp-content\/uploads\/2020\/10\/IMG_20200922_131006_1-150x150.jpg\" class=\"attachment-thumbnail size-thumbnail\" alt=\"\"><\/a>\n\t\t\t<\/dt><\/dl><dl class='gallery-item'>\n\t\t\t<dt class='gallery-icon portrait'>\n\t\t\t\t<a href=\"https:\/\/crghagen.de\/wp-content\/uploads\/2020\/10\/IMG_20201001_091851_1-scaled.jpg\" title=\"rpt\" data-description=\" \"><img loading=\"lazy\" decoding=\"async\" width=\"150\" height=\"150\" src=\"https:\/\/crghagen.de\/wp-content\/uploads\/2020\/10\/IMG_20201001_091851_1-150x150.jpg\" class=\"attachment-thumbnail size-thumbnail\" alt=\"\"><\/a>\n\t\t\t<\/dt><\/dl><dl class='gallery-item'>\n\t\t\t<dt class='gallery-icon portrait'>\n\t\t\t\t<a href=\"https:\/\/crghagen.de\/wp-content\/uploads\/2020\/10\/IMG_20201001_162742-scaled.jpg\" title=\"qrf\" data-description=\" \"><img loading=\"lazy\" decoding=\"async\" width=\"150\" height=\"150\" src=\"https:\/\/crghagen.de\/wp-content\/uploads\/2020\/10\/IMG_20201001_162742-150x150.jpg\" class=\"attachment-thumbnail size-thumbnail\" alt=\"\"><\/a>\n\t\t\t<\/dt><\/dl><br style=\"clear: both\" \/><dl class='gallery-item'>\n\t\t\t<dt class='gallery-icon portrait'>\n\t\t\t\t<a href=\"https:\/\/crghagen.de\/wp-content\/uploads\/2021\/01\/Foto-3.jpeg\" title=\"Foto 3\" data-description=\" \"><img loading=\"lazy\" decoding=\"async\" width=\"150\" height=\"150\" src=\"https:\/\/crghagen.de\/wp-content\/uploads\/2021\/01\/Foto-3-150x150.jpeg\" class=\"attachment-thumbnail size-thumbnail\" alt=\"\"><\/a>\n\t\t\t<\/dt><\/dl><dl class='gallery-item'>\n\t\t\t<dt class='gallery-icon landscape'>\n\t\t\t\t<a href=\"https:\/\/crghagen.de\/wp-content\/uploads\/2021\/01\/Foto-5.jpeg\" title=\"Foto 5\" data-description=\" \"><img loading=\"lazy\" decoding=\"async\" width=\"150\" height=\"150\" src=\"https:\/\/crghagen.de\/wp-content\/uploads\/2021\/01\/Foto-5-150x150.jpeg\" class=\"attachment-thumbnail size-thumbnail\" alt=\"\"><\/a>\n\t\t\t<\/dt><\/dl>\n\t\t\t<br style='clear: both' \/>\n\t\t<\/div>\n<h1>\u00a0<\/h1>\t\t\t\t\t<\/div>\n\t\t\t\t\t\t<\/div>\n\t\t\t\t<\/div>\n\t\t\t\t\t\t<\/div>\n\t\t\t\t\t<\/div>\n\t\t<\/div>\n\t\t\t\t\t\t\t\t<\/div>\n\t\t\t\t\t<\/div>\n\t\t<\/section>\n\t\t\t\t\t\t\t\t\t<\/div>\n\t\t\t<\/div>\n\t\t\t\t\t<\/div>\n\t\t","protected":false},"excerpt":{"rendered":"<p>\u00a1Buenos d\u00edas! \u2026 das Fach Spanisch stellt sich vor. Spanisch, eine der Sprachen der Weltwirtschaft, beliebter Urlaubsziele und gro\u00dfartiger Literatur und K\u00fcnstler, erfreut sich einer stetig wachsenden Anzahl begeisterter Lerner. Viele gute Gr\u00fcnde also, um Spanisch zu lernen. Neben der politischen, wirtschaftlichen und gesellschaftlichen Bedeutung als Welt- und Kultursprache kommt der spanischen Sprache als Vermittlerin [&hellip;]<\/p>\n","protected":false},"author":3,"featured_media":0,"parent":0,"menu_order":0,"comment_status":"closed","ping_status":"closed","template":"","meta":{"footnotes":""},"class_list":["post-2473","page","type-page","status-publish","hentry","gallery-content-unit"],"_links":{"self":[{"href":"https:\/\/crghagen.de\/index.php?rest_route=\/wp\/v2\/pages\/2473","targetHints":{"allow":["GET"]}}],"collection":[{"href":"https:\/\/crghagen.de\/index.php?rest_route=\/wp\/v2\/pages"}],"about":[{"href":"https:\/\/crghagen.de\/index.php?rest_route=\/wp\/v2\/types\/page"}],"author":[{"embeddable":true,"href":"https:\/\/crghagen.de\/index.php?rest_route=\/wp\/v2\/users\/3"}],"replies":[{"embeddable":true,"href":"https:\/\/crghagen.de\/index.php?rest_route=%2Fwp%2Fv2%2Fcomments&post=2473"}],"version-history":[{"count":51,"href":"https:\/\/crghagen.de\/index.php?rest_route=\/wp\/v2\/pages\/2473\/revisions"}],"predecessor-version":[{"id":4043,"href":"https:\/\/crghagen.de\/index.php?rest_route=\/wp\/v2\/pages\/2473\/revisions\/4043"}],"wp:attachment":[{"href":"https:\/\/crghagen.de\/index.php?rest_route=%2Fwp%2Fv2%2Fmedia&parent=2473"}],"curies":[{"name":"wp","href":"https:\/\/api.w.org\/{rel}","templated":true}]}}