{"id":2463,"date":"2019-11-07T13:07:15","date_gmt":"2019-11-07T12:07:15","guid":{"rendered":"https:\/\/crghagen.de\/?page_id=2463"},"modified":"2022-11-28T20:40:11","modified_gmt":"2022-11-28T19:40:11","slug":"englisch","status":"publish","type":"page","link":"https:\/\/crghagen.de\/?page_id=2463","title":{"rendered":"Englisch"},"content":{"rendered":"\t\t<div data-elementor-type=\"wp-page\" data-elementor-id=\"2463\" class=\"elementor elementor-2463\">\n\t\t\t\t\t\t<div class=\"elementor-inner\">\n\t\t\t\t<div class=\"elementor-section-wrap\">\n\t\t\t\t\t\t\t\t\t<section class=\"elementor-section elementor-top-section elementor-element elementor-element-4eda7ef2 elementor-section-boxed elementor-section-height-default elementor-section-height-default\" data-id=\"4eda7ef2\" data-element_type=\"section\">\n\t\t\t\t\t\t<div class=\"elementor-container elementor-column-gap-default\">\n\t\t\t\t\t\t\t<div class=\"elementor-row\">\n\t\t\t\t\t<div class=\"elementor-column elementor-col-100 elementor-top-column elementor-element elementor-element-3871b42\" data-id=\"3871b42\" data-element_type=\"column\">\n\t\t\t<div class=\"elementor-column-wrap elementor-element-populated\">\n\t\t\t\t\t\t\t<div class=\"elementor-widget-wrap\">\n\t\t\t\t\t\t<div class=\"elementor-element elementor-element-32f9e4ca elementor-widget elementor-widget-text-editor\" data-id=\"32f9e4ca\" data-element_type=\"widget\" data-widget_type=\"text-editor.default\">\n\t\t\t\t<div class=\"elementor-widget-container\">\n\t\t\t\t\t\t\t\t<div class=\"elementor-text-editor elementor-clearfix\">\n\t\t\t\t<p>Die Schule hat ein besonderes sprachliches Profil. Neben Englisch als Eingangssprache gibt es ab der Klasse 5 eine bilinguale Klasse, die 6 Stunden Englisch in der Woche hat und in der ab Klasse 6 f\u00e4cherweise jeweils ein gesellschaftswissenschaftliches Fach auf English unterrichtet wird. Dabei handelt es sich um Geschichte, Erdkunde und Politik.<\/p><p>Die Fachgruppe Englisch sieht sich besonders dem Leitziel der interkulturellen Handlungsf\u00e4higkeit verpflichtet. Durch die Auseinandersetzung mit fremdkulturellen Werten und Normen und der damit verbundenen Notwendigkeit zum Perspektivwechsel leistet der Englischunterricht einen Beitrag zur Erziehung zur Toleranz und f\u00f6rdert die Empathief\u00e4higkeit.<\/p><p>Die individuelle F\u00f6rderung jeder einzelnen Sch\u00fclerin und jedes einzelnen Sch\u00fclers ist der Fachgruppe Englisch nicht zuletzt vor dem Hintergrund der gesellschaftlichen Anforderungen an Studierf\u00e4higkeit und Berufsorientierung ein besonderes Anliegen.<\/p><p>Die konkreten Inhalte des Faches sowie die Kriterien zur Leistungsbewertung in den einzelnen Jahrgangsstufen k\u00f6nnen Sie sich \u00fcber die folgenden Links anschauen:<\/p><p><a href=\"https:\/\/crghagen.de\/wp-content\/uploads\/2022\/11\/Englisch_Schulinternes-Curriculum-CRG-Sek-I-G9.pdf\">Englisch_Schulinternes Curriculum CRG Sek I G9<\/a><\/p><p><a href=\"https:\/\/crghagen.de\/wp-content\/uploads\/2022\/11\/Vollversion_Schulinternes-Curriculum-Englisch-Sek-II-Abitur-2023.pdf\">Englisch_Schulinternes Curriculum CRG Sek II Abitur 2023<\/a><\/p>\t\t\t\t\t<\/div>\n\t\t\t\t\t\t<\/div>\n\t\t\t\t<\/div>\n\t\t\t\t\t\t<\/div>\n\t\t\t\t\t<\/div>\n\t\t<\/div>\n\t\t\t\t\t\t\t\t<\/div>\n\t\t\t\t\t<\/div>\n\t\t<\/section>\n\t\t\t\t\t\t\t\t\t<\/div>\n\t\t\t<\/div>\n\t\t\t\t\t<\/div>\n\t\t","protected":false},"excerpt":{"rendered":"<p>Die Schule hat ein besonderes sprachliches Profil. Neben Englisch als Eingangssprache gibt es ab der Klasse 5 eine bilinguale Klasse, die 6 Stunden Englisch in der Woche hat und in der ab Klasse 6 f\u00e4cherweise jeweils ein gesellschaftswissenschaftliches Fach auf English unterrichtet wird. Dabei handelt es sich um Geschichte, Erdkunde und Politik. Die Fachgruppe Englisch [&hellip;]<\/p>\n","protected":false},"author":3,"featured_media":0,"parent":0,"menu_order":0,"comment_status":"closed","ping_status":"closed","template":"","meta":{"footnotes":""},"class_list":["post-2463","page","type-page","status-publish","hentry","gallery-content-unit"],"_links":{"self":[{"href":"https:\/\/crghagen.de\/index.php?rest_route=\/wp\/v2\/pages\/2463","targetHints":{"allow":["GET"]}}],"collection":[{"href":"https:\/\/crghagen.de\/index.php?rest_route=\/wp\/v2\/pages"}],"about":[{"href":"https:\/\/crghagen.de\/index.php?rest_route=\/wp\/v2\/types\/page"}],"author":[{"embeddable":true,"href":"https:\/\/crghagen.de\/index.php?rest_route=\/wp\/v2\/users\/3"}],"replies":[{"embeddable":true,"href":"https:\/\/crghagen.de\/index.php?rest_route=%2Fwp%2Fv2%2Fcomments&post=2463"}],"version-history":[{"count":9,"href":"https:\/\/crghagen.de\/index.php?rest_route=\/wp\/v2\/pages\/2463\/revisions"}],"predecessor-version":[{"id":4544,"href":"https:\/\/crghagen.de\/index.php?rest_route=\/wp\/v2\/pages\/2463\/revisions\/4544"}],"wp:attachment":[{"href":"https:\/\/crghagen.de\/index.php?rest_route=%2Fwp%2Fv2%2Fmedia&parent=2463"}],"curies":[{"name":"wp","href":"https:\/\/api.w.org\/{rel}","templated":true}]}}