{"id":2413,"date":"2019-10-31T09:29:23","date_gmt":"2019-10-31T08:29:23","guid":{"rendered":"https:\/\/crghagen.de\/?page_id=2413"},"modified":"2020-01-25T09:53:54","modified_gmt":"2020-01-25T08:53:54","slug":"europaprojekte","status":"publish","type":"page","link":"https:\/\/crghagen.de\/?page_id=2413","title":{"rendered":"Europaprojekte"},"content":{"rendered":"<p>Folgend m\u00f6chten wir Ihnen einen \u00dcberblick \u00fcber die Projekte mit europ\u00e4ischem Bezug liefern.<\/p>\n<p><u>Weitere Projekte, Exkursionen und Veranstaltungen:<\/u><\/p>\n<p>Big Challenge: Viele unserer Englisch-Klassen beteiligen sich, besonders die f\u00fcnf und sechs, am Wettbewerb BIG CHALLENGE, beispielsweise im Jahr 2016 und 2017.<\/p>\n<p>EZB Exkursion: 20 Sch\u00fclerinnen und Sch\u00fcler in Koordination mit dem Europe direct B\u00fcro Hagen<\/p>\n<p><u><\/u>Structured Dialogue in Brussels: 15 Sch\u00fclerinnen und Sch\u00fcler mit einer Begleitlehrkraft<\/p>\n<p>Teilnahme am Europa Quiz im Rathaus in Hagen mit 30 Sch\u00fclern der EF<\/p>\n<p>Dokulive: \u201e65 Jahre Europa\u201c mit Ingo Espenschied (Pr\u00e4sentation mit anschlie\u00dfender Gespr\u00e4chsrunde f\u00fcr die ganze Stufe Q1)<\/p>\n<p>Teilnahme am B\u00fcrgerdialog \u00fcber die Zukunft Europas im Rathaus Hagen (mit dem Leistungskurs Sowi)<\/p>\n<p>Teilnahme am Projekt <strong>\u201eWhat\u2019s Up, Europe\u201c<\/strong><\/p>\n<p>Schulischer Aktionstag zum Thema \u201eEuropawahlen 2019\u201c (f\u00fcr die ganze Stufe Q2)<\/p>\n<p>Politikergespr\u00e4ch im KULTOPIA Hagen &#8211; Fragerunden zum Thema EU mit Politikern der Parteien CDU, SPD, Die Gr\u00fcnen, Die Linke, FDP (mit 15 Sch\u00fclerinnen und Sch\u00fclern)<\/p>\n<p>Exkursion nach Br\u00fcssel\u00a0 mit 15 Sch\u00fclerinnen und Sch\u00fclern<\/p>\n<p>Abschlusstagung international in der Jugendbildungsst\u00e4tte Hattingen-Welper<\/p>\n","protected":false},"excerpt":{"rendered":"<p>Folgend m\u00f6chten wir Ihnen einen \u00dcberblick \u00fcber die Projekte mit europ\u00e4ischem Bezug liefern. Weitere Projekte, Exkursionen und Veranstaltungen: Big Challenge: Viele unserer Englisch-Klassen beteiligen sich, besonders die f\u00fcnf und sechs, am Wettbewerb BIG CHALLENGE, beispielsweise im Jahr 2016 und 2017. EZB Exkursion: 20 Sch\u00fclerinnen und Sch\u00fcler in Koordination mit dem Europe direct B\u00fcro Hagen Structured [&hellip;]<\/p>\n","protected":false},"author":3,"featured_media":0,"parent":0,"menu_order":0,"comment_status":"closed","ping_status":"closed","template":"","meta":{"footnotes":""},"class_list":["post-2413","page","type-page","status-publish","hentry","gallery-content-unit"],"_links":{"self":[{"href":"https:\/\/crghagen.de\/index.php?rest_route=\/wp\/v2\/pages\/2413","targetHints":{"allow":["GET"]}}],"collection":[{"href":"https:\/\/crghagen.de\/index.php?rest_route=\/wp\/v2\/pages"}],"about":[{"href":"https:\/\/crghagen.de\/index.php?rest_route=\/wp\/v2\/types\/page"}],"author":[{"embeddable":true,"href":"https:\/\/crghagen.de\/index.php?rest_route=\/wp\/v2\/users\/3"}],"replies":[{"embeddable":true,"href":"https:\/\/crghagen.de\/index.php?rest_route=%2Fwp%2Fv2%2Fcomments&post=2413"}],"version-history":[{"count":4,"href":"https:\/\/crghagen.de\/index.php?rest_route=\/wp\/v2\/pages\/2413\/revisions"}],"predecessor-version":[{"id":2713,"href":"https:\/\/crghagen.de\/index.php?rest_route=\/wp\/v2\/pages\/2413\/revisions\/2713"}],"wp:attachment":[{"href":"https:\/\/crghagen.de\/index.php?rest_route=%2Fwp%2Fv2%2Fmedia&parent=2413"}],"curies":[{"name":"wp","href":"https:\/\/api.w.org\/{rel}","templated":true}]}}