{"id":2407,"date":"2019-10-31T09:28:10","date_gmt":"2019-10-31T08:28:10","guid":{"rendered":"https:\/\/crghagen.de\/?page_id=2407"},"modified":"2026-01-13T10:17:05","modified_gmt":"2026-01-13T09:17:05","slug":"crg-schueler-im-ausland","status":"publish","type":"page","link":"https:\/\/crghagen.de\/?page_id=2407","title":{"rendered":"CRG Sch\u00fcler im Ausland"},"content":{"rendered":"\t\t<div data-elementor-type=\"wp-page\" data-elementor-id=\"2407\" class=\"elementor elementor-2407\">\n\t\t\t\t\t\t<div class=\"elementor-inner\">\n\t\t\t\t<div class=\"elementor-section-wrap\">\n\t\t\t\t\t\t\t\t\t<section class=\"elementor-section elementor-top-section elementor-element elementor-element-71f0f94 elementor-section-boxed elementor-section-height-default elementor-section-height-default\" data-id=\"71f0f94\" data-element_type=\"section\">\n\t\t\t\t\t\t<div class=\"elementor-container elementor-column-gap-default\">\n\t\t\t\t\t\t\t<div class=\"elementor-row\">\n\t\t\t\t\t<div class=\"elementor-column elementor-col-100 elementor-top-column elementor-element elementor-element-b32010e\" data-id=\"b32010e\" data-element_type=\"column\">\n\t\t\t<div class=\"elementor-column-wrap elementor-element-populated\">\n\t\t\t\t\t\t\t<div class=\"elementor-widget-wrap\">\n\t\t\t\t\t\t<div class=\"elementor-element elementor-element-12b92c5d elementor-widget elementor-widget-text-editor\" data-id=\"12b92c5d\" data-element_type=\"widget\" data-widget_type=\"text-editor.default\">\n\t\t\t\t<div class=\"elementor-widget-container\">\n\t\t\t\t\t\t\t\t<div class=\"elementor-text-editor elementor-clearfix\">\n\t\t\t\t<p><strong>Niederlande Austausch 2026<\/strong><\/p><p>Im M\u00e4rz 2026 wird das CRG erstmals an einem multinationalen Austausch teilnehmen, der vom Panora Lyceum in Doetinchem ins Leben gerufen wurde. Alle 8. und 9. Kl\u00e4ssler*innen des CRG k\u00f6nnen sich um die Teilnahme bewerben. Am ersten Austausch werden voraussichtlich ca. 25 Sch\u00fcler*innen teilnehmen.<\/p><p>Unsere niederl\u00e4ndischen Partner werden uns f\u00fcr drei Tage in Hagen besuchen. Am letzten Tag reisen wir dann gemeinsam nach Doetinchem, wo im Jahr 2026 145 Austauschsch\u00fcler*innen aus verschiedenen deutschen und franz\u00f6sischen St\u00e4dten gemeinsam mit ihren 145 Gastgebern einige Tage in der niederl\u00e4ndischen Stadt verbringen werden. Verst\u00e4ndigen werden wir uns die ganze Zeit auf Englisch. \u00a0<\/p><p>\u00a0<\/p><p><strong>GAPP Sch\u00fcleraustausch<\/strong><\/p><p><em>Aktuell findet dieser Austausch leider nicht statt.<\/em>\u00a0<\/p><p>Traditionsgem\u00e4\u00df fliegen seit 2001 ca. 18 Sch\u00fclerinnen und Sch\u00fcler, sowie 2 Lehrkr\u00e4fte des Christian-Rohlfs-Gymnasiums in Hagen-Haspe nach Amerika, um dort im Rahmen des German-American-Partnership-Programs (GAPP) an einem dreiw\u00f6chigen Austausch teilzunehmen.<br \/>Die M\u00f6glichkeit im Rahmen dieses Programms in die USA zu reisen besteht nun schon seit mehr als 15 Jahren und es kann auf viele erfolgreiche Teilnahmen zur\u00fcckgeblickt werden.<br \/>Sinn des Programms ist unter anderem der interkulturelle Austausch, sowie die Verbesserung der eigenen Sprachkenntnisse und die Erweiterung des eigenen Horizontes.<\/p><p>W\u00e4hrend des Programms leben die deutschen Austauschsch\u00fcler\/ innen in Gastfamilien, deren Kinder Sch\u00fcler an der Penn High School in Mishawaka sind und sich entschieden haben, Deutsch als Fremdsprache zu w\u00e4hlen.<\/p><p>Gemeinsam mit ihren amerikanischen Austauschpartnern erfahren die 15- bis 18-j\u00e4hrigen Deutschen, wie das Leben in einer amerikanischen Familie, der Besuch, sowie der Schulalltag in einer amerikanischen High School sind. So werden schnell die ein oder anderen etwas kleineren oder auch etwas gr\u00f6\u00dferen Unterschiede entdeckt.<\/p><p>\u00a0<\/p><p>\u00a0<\/p>\t\t\t\t\t<\/div>\n\t\t\t\t\t\t<\/div>\n\t\t\t\t<\/div>\n\t\t\t\t\t\t<\/div>\n\t\t\t\t\t<\/div>\n\t\t<\/div>\n\t\t\t\t\t\t\t\t<\/div>\n\t\t\t\t\t<\/div>\n\t\t<\/section>\n\t\t\t\t\t\t\t\t\t<\/div>\n\t\t\t<\/div>\n\t\t\t\t\t<\/div>\n\t\t","protected":false},"excerpt":{"rendered":"<p>Niederlande Austausch 2026 Im M\u00e4rz 2026 wird das CRG erstmals an einem multinationalen Austausch teilnehmen, der vom Panora Lyceum in Doetinchem ins Leben gerufen wurde. Alle 8. und 9. Kl\u00e4ssler*innen des CRG k\u00f6nnen sich um die Teilnahme bewerben. Am ersten Austausch werden voraussichtlich ca. 25 Sch\u00fcler*innen teilnehmen. Unsere niederl\u00e4ndischen Partner werden uns f\u00fcr drei Tage [&hellip;]<\/p>\n","protected":false},"author":3,"featured_media":0,"parent":0,"menu_order":0,"comment_status":"closed","ping_status":"closed","template":"","meta":{"footnotes":""},"class_list":["post-2407","page","type-page","status-publish","hentry","gallery-content-unit"],"_links":{"self":[{"href":"https:\/\/crghagen.de\/index.php?rest_route=\/wp\/v2\/pages\/2407","targetHints":{"allow":["GET"]}}],"collection":[{"href":"https:\/\/crghagen.de\/index.php?rest_route=\/wp\/v2\/pages"}],"about":[{"href":"https:\/\/crghagen.de\/index.php?rest_route=\/wp\/v2\/types\/page"}],"author":[{"embeddable":true,"href":"https:\/\/crghagen.de\/index.php?rest_route=\/wp\/v2\/users\/3"}],"replies":[{"embeddable":true,"href":"https:\/\/crghagen.de\/index.php?rest_route=%2Fwp%2Fv2%2Fcomments&post=2407"}],"version-history":[{"count":6,"href":"https:\/\/crghagen.de\/index.php?rest_route=\/wp\/v2\/pages\/2407\/revisions"}],"predecessor-version":[{"id":6450,"href":"https:\/\/crghagen.de\/index.php?rest_route=\/wp\/v2\/pages\/2407\/revisions\/6450"}],"wp:attachment":[{"href":"https:\/\/crghagen.de\/index.php?rest_route=%2Fwp%2Fv2%2Fmedia&parent=2407"}],"curies":[{"name":"wp","href":"https:\/\/api.w.org\/{rel}","templated":true}]}}