{"id":233,"date":"2017-03-28T20:22:04","date_gmt":"2017-03-28T18:22:04","guid":{"rendered":"https:\/\/crghagenblog.wordpress.com\/?page_id=233"},"modified":"2017-11-29T12:25:45","modified_gmt":"2017-11-29T12:25:45","slug":"kuenstlerische-faecher","status":"publish","type":"page","link":"https:\/\/crghagen.de\/?page_id=233","title":{"rendered":"K\u00fcnstlerische F\u00e4cher"},"content":{"rendered":"<p>Die F\u00e4cher <a href=\"https:\/\/neu.crghagen.de\/?page_id=254\">Kunst<\/a> und <a href=\"https:\/\/neu.crghagen.de\/?page_id=256\">Musik<\/a> genie\u00dfen am CRG traditionell einen hohen Stellenwert. Dies kommt auch darin zum Ausdruck, dass <strong>wir es<\/strong> <strong>als eine von wenigen Schulen unseren Sch\u00fclern erm\u00f6glichen, in der Oberstufe (EF-Q2) bei Interesse auch beide F\u00e4cher zu belegen<\/strong>. Ebenso k\u00f6nnen unsere Sch\u00fcler in den F\u00e4cher Kunst oder Musik nat\u00fcrlich auch Abiturpr\u00fcfungen ablegen.<\/p>\n<p>Alternativ zu den F\u00e4chern <a href=\"https:\/\/neu.crghagen.de\/?page_id=254\">Kunst<\/a> und <a href=\"https:\/\/neu.crghagen.de\/?page_id=256\">Musik<\/a> bieten wir in der Jahrgangsstufe Q1 das Fach <a href=\"https:\/\/neu.crghagen.de\/?page_id=258\">Literatur<\/a> an.<\/p>\n<p>&nbsp;<\/p>\n<p>Die F\u00e4cher Kunst, Musik und Literatur werden in den folgenden Jahrgangsstufen angeboten:<\/p>\n<table>\n<tbody>\n<tr>\n<td width=\"68\"><\/td>\n<td colspan=\"8\" width=\"421\">\n<p style=\"text-align: center;\">Jahrgangsstufe<\/p>\n<\/td>\n<\/tr>\n<tr>\n<td width=\"68\"><\/td>\n<td width=\"53\">\n<p style=\"text-align: center;\">5<\/p>\n<\/td>\n<td width=\"53\">\n<p style=\"text-align: center;\">6<\/p>\n<\/td>\n<td width=\"53\">\n<p style=\"text-align: center;\">7<\/p>\n<\/td>\n<td width=\"53\">\n<p style=\"text-align: center;\">8<\/p>\n<\/td>\n<td width=\"53\">\n<p style=\"text-align: center;\">9<\/p>\n<\/td>\n<td width=\"53\">\n<p style=\"text-align: center;\">EF<\/p>\n<\/td>\n<td width=\"53\">\n<p style=\"text-align: center;\">Q1<\/p>\n<\/td>\n<td width=\"53\">\n<p style=\"text-align: center;\">Q2<\/p>\n<\/td>\n<\/tr>\n<tr>\n<td width=\"68\">Kunst<\/td>\n<td width=\"53\">\n<p style=\"text-align: center;\">X<\/p>\n<\/td>\n<td width=\"53\">\n<p style=\"text-align: center;\">X<\/p>\n<\/td>\n<td width=\"53\">\n<p style=\"text-align: center;\">2. HJ<\/p>\n<\/td>\n<td width=\"53\">\n<p style=\"text-align: center;\">&#8211;<\/p>\n<\/td>\n<td width=\"53\">\n<p style=\"text-align: center;\">X<\/p>\n<\/td>\n<td style=\"text-align: center;\" width=\"53\">X<\/td>\n<td style=\"text-align: center;\" width=\"53\">X<\/td>\n<td width=\"53\">\n<p style=\"text-align: center;\">X<\/p>\n<\/td>\n<\/tr>\n<tr>\n<td width=\"68\">Musik<\/td>\n<td width=\"53\">\n<p style=\"text-align: center;\">X<\/p>\n<\/td>\n<td width=\"53\">\n<p style=\"text-align: center;\">X<\/p>\n<\/td>\n<td width=\"53\">\n<p style=\"text-align: center;\">1. HJ<\/p>\n<\/td>\n<td width=\"53\">\n<p style=\"text-align: center;\">X<\/p>\n<\/td>\n<td width=\"53\">\n<p style=\"text-align: center;\">&#8211;<\/p>\n<\/td>\n<td width=\"53\">\n<p style=\"text-align: center;\">X<\/p>\n<\/td>\n<td width=\"53\">\n<p style=\"text-align: center;\">X<\/p>\n<\/td>\n<td width=\"53\">\n<p style=\"text-align: center;\">X<\/p>\n<\/td>\n<\/tr>\n<tr>\n<td width=\"68\">Literatur<\/td>\n<td width=\"53\"><\/td>\n<td width=\"53\"><\/td>\n<td width=\"53\"><\/td>\n<td width=\"53\"><\/td>\n<td width=\"53\"><\/td>\n<td width=\"53\"><\/td>\n<td width=\"53\">\n<p style=\"text-align: center;\">X<\/p>\n<\/td>\n<td width=\"53\"><\/td>\n<\/tr>\n<\/tbody>\n<\/table>\n","protected":false},"excerpt":{"rendered":"<p>Die F\u00e4cher Kunst und Musik genie\u00dfen am CRG traditionell einen hohen Stellenwert. Dies kommt auch darin zum Ausdruck, dass wir es als eine von wenigen Schulen unseren Sch\u00fclern erm\u00f6glichen, in der Oberstufe (EF-Q2) bei Interesse auch beide F\u00e4cher zu belegen. Ebenso k\u00f6nnen unsere Sch\u00fcler in den F\u00e4cher Kunst oder Musik nat\u00fcrlich auch Abiturpr\u00fcfungen ablegen. Alternativ [&hellip;]<\/p>\n","protected":false},"author":2,"featured_media":0,"parent":202,"menu_order":0,"comment_status":"closed","ping_status":"closed","template":"","meta":{"footnotes":""},"class_list":["post-233","page","type-page","status-publish","hentry","gallery-content-unit"],"_links":{"self":[{"href":"https:\/\/crghagen.de\/index.php?rest_route=\/wp\/v2\/pages\/233","targetHints":{"allow":["GET"]}}],"collection":[{"href":"https:\/\/crghagen.de\/index.php?rest_route=\/wp\/v2\/pages"}],"about":[{"href":"https:\/\/crghagen.de\/index.php?rest_route=\/wp\/v2\/types\/page"}],"author":[{"embeddable":true,"href":"https:\/\/crghagen.de\/index.php?rest_route=\/wp\/v2\/users\/2"}],"replies":[{"embeddable":true,"href":"https:\/\/crghagen.de\/index.php?rest_route=%2Fwp%2Fv2%2Fcomments&post=233"}],"version-history":[{"count":2,"href":"https:\/\/crghagen.de\/index.php?rest_route=\/wp\/v2\/pages\/233\/revisions"}],"predecessor-version":[{"id":678,"href":"https:\/\/crghagen.de\/index.php?rest_route=\/wp\/v2\/pages\/233\/revisions\/678"}],"up":[{"embeddable":true,"href":"https:\/\/crghagen.de\/index.php?rest_route=\/wp\/v2\/pages\/202"}],"wp:attachment":[{"href":"https:\/\/crghagen.de\/index.php?rest_route=%2Fwp%2Fv2%2Fmedia&parent=233"}],"curies":[{"name":"wp","href":"https:\/\/api.w.org\/{rel}","templated":true}]}}