{"id":229,"date":"2017-03-28T20:20:52","date_gmt":"2017-03-28T18:20:52","guid":{"rendered":"https:\/\/crghagenblog.wordpress.com\/?page_id=229"},"modified":"2020-01-23T11:16:13","modified_gmt":"2020-01-23T10:16:13","slug":"mint","status":"publish","type":"page","link":"https:\/\/crghagen.de\/?page_id=229","title":{"rendered":"MINT"},"content":{"rendered":"<p>Die gegenw\u00e4rtige gesellschaftliche Entwicklung ist in besonderer Weise auch durch technologische Anspr\u00fcche gepr\u00e4gt. F\u00fcr Berufe der Zukunft werden zunehmend naturwissenschaftliche Kompetenz und mathematische Qualifikationen gefordert. Die neuen Informations- und Kommunikationstechnologien stellen eine zus\u00e4tzliche Herausforderung dar. An unserer Schule wird von der Jgst. 5\/6 ansteigend ein verl\u00e4ssliches Lernangebot gemacht, das den Fachunterricht, die Wahlangebote und die Arbeitsgemeinschaften der F\u00e4cher Mathematik, Naturwissenschaften, Informatik und neuerdings auch Technik inhaltlich und methodisch verkn\u00fcpft.<\/p>\n<p>&nbsp;<\/p>\n<p>&nbsp;<\/p>\n","protected":false},"excerpt":{"rendered":"<p>Die gegenw\u00e4rtige gesellschaftliche Entwicklung ist in besonderer Weise auch durch technologische Anspr\u00fcche gepr\u00e4gt. F\u00fcr Berufe der Zukunft werden zunehmend naturwissenschaftliche Kompetenz und mathematische Qualifikationen gefordert. Die neuen Informations- und Kommunikationstechnologien stellen eine zus\u00e4tzliche Herausforderung dar. An unserer Schule wird von der Jgst. 5\/6 ansteigend ein verl\u00e4ssliches Lernangebot gemacht, das den Fachunterricht, die Wahlangebote und die [&hellip;]<\/p>\n","protected":false},"author":2,"featured_media":0,"parent":202,"menu_order":0,"comment_status":"closed","ping_status":"closed","template":"","meta":{"footnotes":""},"class_list":["post-229","page","type-page","status-publish","hentry","gallery-content-unit"],"_links":{"self":[{"href":"https:\/\/crghagen.de\/index.php?rest_route=\/wp\/v2\/pages\/229","targetHints":{"allow":["GET"]}}],"collection":[{"href":"https:\/\/crghagen.de\/index.php?rest_route=\/wp\/v2\/pages"}],"about":[{"href":"https:\/\/crghagen.de\/index.php?rest_route=\/wp\/v2\/types\/page"}],"author":[{"embeddable":true,"href":"https:\/\/crghagen.de\/index.php?rest_route=\/wp\/v2\/users\/2"}],"replies":[{"embeddable":true,"href":"https:\/\/crghagen.de\/index.php?rest_route=%2Fwp%2Fv2%2Fcomments&post=229"}],"version-history":[{"count":5,"href":"https:\/\/crghagen.de\/index.php?rest_route=\/wp\/v2\/pages\/229\/revisions"}],"predecessor-version":[{"id":2686,"href":"https:\/\/crghagen.de\/index.php?rest_route=\/wp\/v2\/pages\/229\/revisions\/2686"}],"up":[{"embeddable":true,"href":"https:\/\/crghagen.de\/index.php?rest_route=\/wp\/v2\/pages\/202"}],"wp:attachment":[{"href":"https:\/\/crghagen.de\/index.php?rest_route=%2Fwp%2Fv2%2Fmedia&parent=229"}],"curies":[{"name":"wp","href":"https:\/\/api.w.org\/{rel}","templated":true}]}}