{"id":2264,"date":"2019-07-11T08:41:04","date_gmt":"2019-07-11T07:41:04","guid":{"rendered":"https:\/\/crghagen.de\/?page_id=2264"},"modified":"2019-08-27T09:54:17","modified_gmt":"2019-08-27T08:54:17","slug":"foerderverein-der-freunde-und-foerderer-e-v","status":"publish","type":"page","link":"https:\/\/crghagen.de\/?page_id=2264","title":{"rendered":"F\u00f6rderverein der Freunde und F\u00f6rderer e.V."},"content":{"rendered":"<h3><span style=\"color: #ffcc00;\">WIR UNTERST\u00dcTZEN DAS CRG<\/span><\/h3>\n<ul>\n<li>Gesunde Ern\u00e4hrung<\/li>\n<li>Umweltprojekte<\/li>\n<li>Finanzielle Unterst\u00fctzung von Klassenfahrten<\/li>\n<li>Kunstprojekte, Konzerte, Ausstellungen, Theaterprojekte<\/li>\n<li>Sporthelferausbildung<\/li>\n<li>Streitschlichterausbildung<\/li>\n<li>Selbstbehauptungskurse<\/li>\n<li>Schulhofgestaltung<\/li>\n<li>Geschichtsprojekte<\/li>\n<li>und vieles mehr\u2026<\/li>\n<\/ul>\n<p><span style=\"color: #ffcc00;\">MITGLIED WERDEN<\/span><br \/>\nWerden Sie Mitglied (schon ab 1 Euro pro Monat). Einfach den Antrag ausf\u00fcllen und an uns \u00fcbermitteln.<\/p>\n<p><span style=\"color: #ffcc00;\">SACH- UND GELDSPENDEN\u00a0<\/span><br \/>\nF\u00fcr Ihre Spende stellen wir selbstverst\u00e4ndlich eine steuerlich absetzbare Bescheinigung aus.<\/p>\n<p>Bitte \u00fcberweisen Sie auf unser Konto DE62 4505 0001 0103 9002 09.<\/p>\n<p><span style=\"color: #ffcc00;\">ENGAGEMENT\u00a0<\/span><br \/>\nIn der Mensa, bei Festen, Kennenlerntagen oder am Tag der offenen T\u00fcr ist der F\u00f6rderverein immer vertreten und kann helfende H\u00e4nde gut gebrauchen. Wir sind gespannt auf Ihre Ideen und Anregungen rund um das CRG. Am besten schreiben Sie uns eine Mail an foerderverein@crghagen.de. Wir laden Sie herzlich zu unserer n\u00e4chsten Sitzung ein.<\/p>\n<p>Den aktuellen Flyer des F\u00f6rdervereins steht hier zum Download bereit: <a href=\"https:\/\/crghagen.de\/wp-content\/uploads\/2019\/08\/Flyer-Entwurf-v6.pdf\">Flyer F\u00f6rderverein<\/a><\/p>\n<h3><span style=\"color: #ffcc00;\">WIR FREUEN UNS AUF SIE!<\/span><\/h3>\n","protected":false},"excerpt":{"rendered":"<p>WIR UNTERST\u00dcTZEN DAS CRG Gesunde Ern\u00e4hrung Umweltprojekte Finanzielle Unterst\u00fctzung von Klassenfahrten Kunstprojekte, Konzerte, Ausstellungen, Theaterprojekte Sporthelferausbildung Streitschlichterausbildung Selbstbehauptungskurse Schulhofgestaltung Geschichtsprojekte und vieles mehr\u2026 MITGLIED WERDEN Werden Sie Mitglied (schon ab 1 Euro pro Monat). Einfach den Antrag ausf\u00fcllen und an uns \u00fcbermitteln. SACH- UND GELDSPENDEN\u00a0 F\u00fcr Ihre Spende stellen wir selbstverst\u00e4ndlich eine steuerlich absetzbare Bescheinigung [&hellip;]<\/p>\n","protected":false},"author":3,"featured_media":0,"parent":0,"menu_order":0,"comment_status":"closed","ping_status":"closed","template":"","meta":{"footnotes":""},"class_list":["post-2264","page","type-page","status-publish","hentry","gallery-content-unit"],"_links":{"self":[{"href":"https:\/\/crghagen.de\/index.php?rest_route=\/wp\/v2\/pages\/2264","targetHints":{"allow":["GET"]}}],"collection":[{"href":"https:\/\/crghagen.de\/index.php?rest_route=\/wp\/v2\/pages"}],"about":[{"href":"https:\/\/crghagen.de\/index.php?rest_route=\/wp\/v2\/types\/page"}],"author":[{"embeddable":true,"href":"https:\/\/crghagen.de\/index.php?rest_route=\/wp\/v2\/users\/3"}],"replies":[{"embeddable":true,"href":"https:\/\/crghagen.de\/index.php?rest_route=%2Fwp%2Fv2%2Fcomments&post=2264"}],"version-history":[{"count":40,"href":"https:\/\/crghagen.de\/index.php?rest_route=\/wp\/v2\/pages\/2264\/revisions"}],"predecessor-version":[{"id":2332,"href":"https:\/\/crghagen.de\/index.php?rest_route=\/wp\/v2\/pages\/2264\/revisions\/2332"}],"wp:attachment":[{"href":"https:\/\/crghagen.de\/index.php?rest_route=%2Fwp%2Fv2%2Fmedia&parent=2264"}],"curies":[{"name":"wp","href":"https:\/\/api.w.org\/{rel}","templated":true}]}}