{"id":212,"date":"2017-03-28T20:14:13","date_gmt":"2017-03-28T18:14:13","guid":{"rendered":"https:\/\/crghagenblog.wordpress.com\/?page_id=212"},"modified":"2025-11-07T08:28:28","modified_gmt":"2025-11-07T07:28:28","slug":"ueber-studium-beruf","status":"publish","type":"page","link":"https:\/\/crghagen.de\/?page_id=212","title":{"rendered":"Berufsorientierung"},"content":{"rendered":"\t\t<div data-elementor-type=\"wp-page\" data-elementor-id=\"212\" class=\"elementor elementor-212\">\n\t\t\t\t\t\t<div class=\"elementor-inner\">\n\t\t\t\t<div class=\"elementor-section-wrap\">\n\t\t\t\t\t\t\t\t\t<section class=\"elementor-section elementor-top-section elementor-element elementor-element-2d81f4ea elementor-section-boxed elementor-section-height-default elementor-section-height-default\" data-id=\"2d81f4ea\" data-element_type=\"section\">\n\t\t\t\t\t\t<div class=\"elementor-container elementor-column-gap-default\">\n\t\t\t\t\t\t\t<div class=\"elementor-row\">\n\t\t\t\t\t<div class=\"elementor-column elementor-col-100 elementor-top-column elementor-element elementor-element-2ac4fe1b\" data-id=\"2ac4fe1b\" data-element_type=\"column\">\n\t\t\t<div class=\"elementor-column-wrap elementor-element-populated\">\n\t\t\t\t\t\t\t<div class=\"elementor-widget-wrap\">\n\t\t\t\t\t\t<div class=\"elementor-element elementor-element-7c8bf9ae elementor-widget elementor-widget-text-editor\" data-id=\"7c8bf9ae\" data-element_type=\"widget\" data-widget_type=\"text-editor.default\">\n\t\t\t\t<div class=\"elementor-widget-container\">\n\t\t\t\t\t\t\t\t<div class=\"elementor-text-editor elementor-clearfix\">\n\t\t\t\t<p><em><strong>Studien- und Berufsorientierung am CRG<\/strong><\/em><\/p><p>Die Studien- und Berufsorienterung des Christian-Rohlfs-Gymnasiums wird geleitet von unseren StuBOs (Koordinatoren f\u00fcr Studium und Berufsorientierung) Dominique-Jaqueline Frobel-Fabricius und Judith Str\u00fccker.<\/p><p><a href=\"https:\/\/www.nrw-talentzentrum.de\/talentscouting\/schulen\/karte\/\"><img loading=\"lazy\" decoding=\"async\" class=\"alignleft size-medium wp-image-2918\" src=\"https:\/\/crghagen.de\/wp-content\/uploads\/2020\/10\/Button-300x126.jpg\" alt=\"\" width=\"300\" height=\"126\" srcset=\"https:\/\/crghagen.de\/wp-content\/uploads\/2020\/10\/Button-300x126.jpg 300w, https:\/\/crghagen.de\/wp-content\/uploads\/2020\/10\/Button.jpg 392w\" sizes=\"auto, (max-width: 300px) 100vw, 300px\" \/><\/a><\/p><p><strong>Konkrete Angebote f\u00fcr die Sekundarstufe I<\/strong><\/p><p><u>ab Jahrgangsstufe 7:<\/u><\/p><ul><li><a href=\"https:\/\/neu.crghagen.de\/?page_id=790\">Girls&#8216; Day &amp; Boys&#8216; Day<\/a> (fakultativ)<\/li><\/ul><p><u>Jahrgangsstufe 9:<\/u><\/p><ul><li>Potenzialanalyse (obligatorisch)<\/li><li>Berufsfelderkundungstage (obligatorisch)<\/li><\/ul><ul><li>Besuch des BIZ (obligatorisch)<\/li><li><a href=\"https:\/\/neu.crghagen.de\/?page_id=786\">Ausbildungsmesse Hagen<\/a> (obligatorisch)<\/li><\/ul><p><u>Jahrgangsstufe 10<\/u><\/p><ul><li>Sch\u00fclerberufspraktikum (obligatorisch)<\/li><\/ul><p><strong>Konkrete Angebote f\u00fcr die Sekundarstufe II<\/strong><\/p><p><u>Jahrgangsstufe Q1<\/u><\/p><ul><li><a href=\"https:\/\/neu.crghagen.de\/?page_id=777\">Management AG<\/a> (fakultativ)<\/li><\/ul><p><u>Jahrgangsstufen\u00fcbergreifende Angebote f\u00fcr die Oberstufe<\/u><\/p><ul><li><a href=\"https:\/\/neu.crghagen.de\/?page_id=782\">Universit\u00e4tsbesuche (fakultativ)<\/a><\/li><li>ggf. wiederholter Besuch der <a href=\"https:\/\/neu.crghagen.de\/?page_id=786\">Ausbildungsmesse Hagen <\/a>(fakultativ)<\/li><li>Studien- und Berufsberatung durch Arbeitsagentur Hagen<\/li><\/ul><h3><em><strong>Mutmacher, Wegbegleiter, Unterst\u00fctzer \u2013 Talentscouting am Christian-Rohlfs-Gymnasium<\/strong><\/em><\/h3><p><strong>\u00a0<\/strong><strong>Ein Termin bei unserem Talentscout Halil \u00dclker lohnt sich!<\/strong><\/p><p>Seit 2017 begleitet Halil \u00dclker, Talentscout der Ruhr-Universit\u00e4t Bochum, unsere Sch\u00fcler*innen \u2013 ab der EF bis zum Abitur und dar\u00fcber hinaus \u2013 bei der Zukunftsplanung. In regelm\u00e4\u00dfigen Beratungsgespr\u00e4chen sp\u00fcrt er Talente und St\u00e4rken der Sch\u00fcler*innen auf und entwickelt mit ihnen eine individuelle Vision f\u00fcr ihre berufliche Zukunft. Gemeinsam gehen sie Fragen nach wie: \u201eIst ein Studium \u00fcberhaupt das Richtige f\u00fcr mich?\u201c oder \u201eSoll ich lieber eine Ausbildung oder ein duales Studium absolvieren?\u201c. Talentscout Halil \u00dclker hilft auch \u00fcber den Schulabschluss hinaus, Netzwerke zu schaffen, H\u00fcrden zur Hochschule abzubauen und Wege in die gew\u00fcnschte berufliche Zukunft aufzuzeigen. Sein st\u00e4rkenorientierter Blick motiviert die Sch\u00fcler*innen, Verantwortung f\u00fcr ihre Zukunftsplanung und pers\u00f6nliche Entwicklung zu \u00fcbernehmen. Durch diese Unterst\u00fctzung gelingt es den begleiteten Sch\u00fcler*innen, den \u00dcbergang zwischen Schule und Hochschule oder Ausbildung selbstbewusst und aktiv zu gestalten.<\/p><p>Das Projekt Talentscouting wird vom Wissenschaftsministerium des Landes NRW gef\u00f6rdert. Insbesondere Sch\u00fcler*innen, deren Eltern nicht studiert haben, sollen durch das Angebot gef\u00f6rdert, begleitet und ermutigt werden.<\/p><p><strong>Weiterf\u00fchrende Links<\/strong><\/p><p>Verschiedene Tests:<\/p><ul><li><u><a href=\"http:\/\/www.studierenwahltest.de\/\" target=\"_top\" rel=\"noopener noreferrer\">www.studierenwahltest.de<\/a><\/u><\/li><li><u><a href=\"http:\/\/www.studifinder.de\/\" target=\"_top\" rel=\"noopener noreferrer\">www.studifinder.de<\/a><\/u><\/li><li><u><a href=\"http:\/\/www.was-studiere-ich.de\/\" target=\"_top\" rel=\"noopener noreferrer\">www.was-studiere-ich.de<\/a><\/u><\/li><li><u><a href=\"http:\/\/www.borakel.de\/\" target=\"_top\" rel=\"noopener noreferrer\">www.borakel.de<\/a><\/u><\/li><\/ul><p>Informationen zu Ausbildung &amp; Beruf:<\/p><ul><li><u><a href=\"http:\/\/www.jaau.nrw.de\/\" target=\"_top\" rel=\"noopener noreferrer\">www.jaau.nrw.de<\/a><\/u><\/li><li><u><\/u><u><a href=\"http:\/\/www.bildungsportal.nrw.de\/\" target=\"_top\" rel=\"noopener noreferrer\">www.bildungsportal.nrw.de<\/a><\/u><\/li><li><u><a href=\"http:\/\/www.berufe.tv\/\" target=\"_top\" rel=\"noopener noreferrer\">www.berufe.tv<\/a><\/u><\/li><li><u><a href=\"http:\/\/www.planet-beruf.de\/\" target=\"_top\" rel=\"noopener noreferrer\">www.planet-beruf.de<\/a><\/u><\/li><li><u><a href=\"http:\/\/www.ausbildungen.info\/\" target=\"_top\" rel=\"noopener noreferrer\">www.ausbildungen.info<\/a><\/u><\/li><li><u><a href=\"http:\/\/www.beroobi.de\/\" target=\"_top\" rel=\"noopener noreferrer\">www.beroobi.de<\/a><\/u><\/li><li><u><a href=\"http:\/\/www.febi.com\/\" target=\"_top\" rel=\"noopener noreferrer\">www.febi.com<\/a><\/u><\/li><li><u><a href=\"http:\/\/www.erlebe-it.de\/\" target=\"_top\" rel=\"noopener noreferrer\">www.erlebe-it.de<\/a><\/u><\/li><li><u><a href=\"http:\/\/www.energiejobs.nrw.de\/\" target=\"_top\" rel=\"noopener noreferrer\">www.energiejobs.nrw.de<\/a><\/u><\/li><li><u><a href=\"https:\/\/de.jobted.com\/browse\/transport-und-logistik\" rel=\"noopener noreferrer\">https:\/\/de.jobted.com\/browse\/transport-und-logistik<\/a><\/u><\/li><li><u><a href=\"http:\/\/www.aubi-plus.de\/\" target=\"_top\" rel=\"noopener noreferrer\">www.aubi-plus.de\/lastminute<\/a> (Lehrstellenb\u00f6rse)<\/u><\/li><li><u><a href=\"https:\/\/www.jobb\u00f6rse.de\/\" target=\"_top\" rel=\"noopener noreferrer\">www.jobb\u00f6rse.de<\/a> (Lehrstellenb\u00f6rse)<\/u><\/li><li><u><a href=\"http:\/\/www.aubi-plus.de\/\" target=\"_top\" rel=\"noopener noreferrer\">www.aubi-plus.de<\/a><\/u> (Ausbildung &amp; Studieren)<\/li><li><u><a href=\"http:\/\/www.azubiyo.de\/\" target=\"_top\" rel=\"noopener noreferrer\">www.azubiyo.de<\/a><\/u> (Ausbildung &amp; Studieren)<\/li><li><u><a href=\"http:\/\/www.verbundstudium.de\/\" target=\"_top\" rel=\"noopener noreferrer\">www.verbundstudium.de<\/a><\/u> (Ausbildung &amp; Studieren)<\/li><li><a href=\"https:\/\/www.yolomio.de\/\">https:\/\/www.yolomio.de\/<\/a>\u00a0(Ausbildung, Jobs \u00a0&amp; Duales Studium)<\/li><\/ul><p>Informationen zum Studium:<\/p><ul><li><u><a href=\"http:\/\/www.uniturm.de\/\" target=\"_top\" rel=\"noopener noreferrer\">www.uniturm.de<\/a><\/u><\/li><li><u><a href=\"http:\/\/www.studieren.de\/\" target=\"_top\" rel=\"noopener noreferrer\">www.studieren.de<\/a><\/u><\/li><li><u><a href=\"http:\/\/www.edumagazin.de\/\" target=\"_blank\" rel=\"noopener noreferrer\">www.edumagazin.de<\/a><\/u><\/li><li><u><a href=\"http:\/\/www.studienwahl.de\/\" target=\"_blank\" rel=\"noopener noreferrer\">www.studienwahl.de<\/a><\/u><\/li><li><u><a href=\"http:\/\/www.verbundsstudium.de\/\" target=\"_blank\" rel=\"noopener noreferrer\">www.verbundsstudium.de<\/a><\/u><\/li><li><u>www.laendercheck-auslandsstudium.de<\/u><\/li><li><u><a href=\"http:\/\/www.hochschulkompass.de\/\" target=\"_top\" rel=\"noopener noreferrer\">www.hochschulkompass.de<\/a><\/u><\/li><li><u><a href=\"http:\/\/www.studifinder.de\/\" target=\"_top\" rel=\"noopener noreferrer\">www.studifinder.de<\/a><\/u><u><\/u><\/li><li><u><a href=\"http:\/\/www.aubi-plus.de\/\" target=\"_top\" rel=\"noopener noreferrer\">www.aubi-plus.de<\/a><\/u> (Ausbildung &amp; Studieren)<u><\/u><\/li><li><u><a href=\"http:\/\/www.azubiyo.de\/\" target=\"_top\" rel=\"noopener noreferrer\">www.azubiyo.de<\/a><\/u> (Ausbildung &amp; Studieren)<u><\/u><\/li><li><u><a href=\"http:\/\/www.verbundstudium.de\/\" target=\"_top\" rel=\"noopener noreferrer\">www.verbundstudium.de<\/a><\/u> (Ausbildung &amp; Studieren)<u><\/u><\/li><\/ul><p>Ratgeber <a href=\"https:\/\/www.c-and-a.com\/de\/de\/shop\/studienwahl\" target=\"_blank\" rel=\"noopener\">&#8222;Studienwahl &#8211; Informationen rund um deinen Studienbeginn&#8220;<\/a>:<\/p><p>Dieser Ratgeber informiert \u00fcber die Themen\u00a0<\/p><ul><li>Studienfachwahl<\/li><li>M\u00f6glichkeiten der Studienfinanzierung\u00a0<\/li><li>Barrierefrei studieren: Beratung f\u00fcr das Studieren mit Behinderung<\/li><li>Zeitmanagement im Studium: Studienalltag und Tipps zur Pr\u00fcfungsvorbereitung<\/li><li>Hochschularten, Studienformen und Studienabschl\u00fcsse<\/li><\/ul><p>Informationen zu Stipendienprogrammen:<\/p><ul><li><u><a href=\"http:\/\/www.mystipendium.de\/stipendien\/entschleunigungs-stipendium\">www.mystipendium.de\/stipendien\/entschleunigungs-stipendium<\/a><\/u><\/li><li><u><a href=\"http:\/\/www.mystipendium.de\/\">www.myStipendium.de<\/a><\/u><\/li><li><u><a href=\"http:\/\/arbeiterkind.de\/\">http:\/\/arbeiterkind.de\/<\/a><\/u><\/li><li><u><a href=\"http:\/\/www.stiftungen.org\/\">www.stiftungen.org<\/a><br \/><\/u><\/li><li><u><a href=\"http:\/\/www.mystipendium.de\/\">www.mystipendium.de<\/a><\/u><\/li><li><u><a href=\"http:\/\/www.stipendienlotse.de\/\">www.stipendienlotse.de<\/a><\/u><\/li><li><u><a href=\"http:\/\/www.stipendiumplus.de\/\">www.stipendiumplus.de<\/a><\/u><\/li><li><u><a href=\"http:\/\/www.mba-master.de\/stipendien-datenbank\">www.mba-master.de\/stipendien-datenbank<\/a><\/u><\/li><li><u><a href=\"http:\/\/www.european-funding-guide.eu\/\">www.european-funding-guide.eu<\/a><\/u><\/li><li><u><a href=\"http:\/\/www.studienkompass.de\/elternkompass.html\">www.studienkompass.de\/elternkompass.html<\/a><\/u><\/li><li><a href=\"https:\/\/www.edustories.de\/so-geht-geld\">https:\/\/www.edustories.de\/so-geht-geld<\/a><\/li><\/ul><p><a href=\"https:\/\/wayweiser.de\">https:\/\/wayweiser.de<\/a> &gt; Eine Plattform, die eine Gruppe Studierender und Berufst\u00e4tiger entwickelt haben, um Sch\u00fclerInnen mit Studierenden und Auszubildenden zu vernetzen.<br \/>Ziel: Einblick in Studieng\u00e4nge und Ausbildungen geben, Kontakte und Tipps<\/p><p><a href=\"https:\/\/jobtensor.com\">https:\/\/jobtensor.com<\/a>\u00a0&gt; Eine Plattform, die auf Naturwissenschaften, IT und Technik spezialisiert ist.<br \/>Ziel: Informationen \u00fcber Studieng\u00e4nge und Industrien, Berufsaussichten und Test<\/p><p><a href=\"https:\/\/berufsorientierung.azubiyo.de\/?utm_source=lehrer-nl&amp;utm_medium=newsletter&amp;utm_campaign=lehrer-nl_feb21-1&amp;utm_content=tutor\">https:\/\/berufsorientierung.azubiyo.de\/?utm_source=lehrer-nl&amp;utm_medium=newsletter&amp;utm_campaign=lehrer-nl_feb21-1&amp;utm_content=tutor<\/a> &gt; AZUBIYO Tutor: Info \u00fcber Berufswahl und Bewerbung, Duales Studium, Sch\u00fclerpraktikum<\/p>\t\t\t\t\t<\/div>\n\t\t\t\t\t\t<\/div>\n\t\t\t\t<\/div>\n\t\t\t\t\t\t<\/div>\n\t\t\t\t\t<\/div>\n\t\t<\/div>\n\t\t\t\t\t\t\t\t<\/div>\n\t\t\t\t\t<\/div>\n\t\t<\/section>\n\t\t\t\t\t\t\t\t\t<\/div>\n\t\t\t<\/div>\n\t\t\t\t\t<\/div>\n\t\t","protected":false},"excerpt":{"rendered":"<p>Studien- und Berufsorientierung am CRG Die Studien- und Berufsorienterung des Christian-Rohlfs-Gymnasiums wird geleitet von unseren StuBOs (Koordinatoren f\u00fcr Studium und Berufsorientierung) Dominique-Jaqueline Frobel-Fabricius und Judith Str\u00fccker. Konkrete Angebote f\u00fcr die Sekundarstufe I ab Jahrgangsstufe 7: Girls&#8216; Day &amp; Boys&#8216; Day (fakultativ) Jahrgangsstufe 9: Potenzialanalyse (obligatorisch) Berufsfelderkundungstage (obligatorisch) Besuch des BIZ (obligatorisch) Ausbildungsmesse Hagen (obligatorisch) Jahrgangsstufe [&hellip;]<\/p>\n","protected":false},"author":2,"featured_media":0,"parent":200,"menu_order":0,"comment_status":"closed","ping_status":"closed","template":"","meta":{"footnotes":""},"class_list":["post-212","page","type-page","status-publish","hentry","gallery-content-unit"],"_links":{"self":[{"href":"https:\/\/crghagen.de\/index.php?rest_route=\/wp\/v2\/pages\/212","targetHints":{"allow":["GET"]}}],"collection":[{"href":"https:\/\/crghagen.de\/index.php?rest_route=\/wp\/v2\/pages"}],"about":[{"href":"https:\/\/crghagen.de\/index.php?rest_route=\/wp\/v2\/types\/page"}],"author":[{"embeddable":true,"href":"https:\/\/crghagen.de\/index.php?rest_route=\/wp\/v2\/users\/2"}],"replies":[{"embeddable":true,"href":"https:\/\/crghagen.de\/index.php?rest_route=%2Fwp%2Fv2%2Fcomments&post=212"}],"version-history":[{"count":60,"href":"https:\/\/crghagen.de\/index.php?rest_route=\/wp\/v2\/pages\/212\/revisions"}],"predecessor-version":[{"id":6328,"href":"https:\/\/crghagen.de\/index.php?rest_route=\/wp\/v2\/pages\/212\/revisions\/6328"}],"up":[{"embeddable":true,"href":"https:\/\/crghagen.de\/index.php?rest_route=\/wp\/v2\/pages\/200"}],"wp:attachment":[{"href":"https:\/\/crghagen.de\/index.php?rest_route=%2Fwp%2Fv2%2Fmedia&parent=212"}],"curies":[{"name":"wp","href":"https:\/\/api.w.org\/{rel}","templated":true}]}}