{"id":204,"date":"2017-03-28T20:11:28","date_gmt":"2017-03-28T18:11:28","guid":{"rendered":"https:\/\/crghagenblog.wordpress.com\/?page_id=204"},"modified":"2025-09-29T07:34:23","modified_gmt":"2025-09-29T06:34:23","slug":"in-ags","status":"publish","type":"page","link":"https:\/\/crghagen.de\/?page_id=204","title":{"rendered":"Arbeitsgemeinschaften"},"content":{"rendered":"\t\t<div data-elementor-type=\"wp-page\" data-elementor-id=\"204\" class=\"elementor elementor-204\">\n\t\t\t\t\t\t<div class=\"elementor-inner\">\n\t\t\t\t<div class=\"elementor-section-wrap\">\n\t\t\t\t\t\t\t\t\t<section class=\"elementor-section elementor-top-section elementor-element elementor-element-634bfcac elementor-section-boxed elementor-section-height-default elementor-section-height-default\" data-id=\"634bfcac\" data-element_type=\"section\">\n\t\t\t\t\t\t<div class=\"elementor-container elementor-column-gap-default\">\n\t\t\t\t\t\t\t<div class=\"elementor-row\">\n\t\t\t\t\t<div class=\"elementor-column elementor-col-100 elementor-top-column elementor-element elementor-element-7b8f30fc\" data-id=\"7b8f30fc\" data-element_type=\"column\">\n\t\t\t<div class=\"elementor-column-wrap elementor-element-populated\">\n\t\t\t\t\t\t\t<div class=\"elementor-widget-wrap\">\n\t\t\t\t\t\t<div class=\"elementor-element elementor-element-647d498a elementor-widget elementor-widget-text-editor\" data-id=\"647d498a\" data-element_type=\"widget\" data-widget_type=\"text-editor.default\">\n\t\t\t\t<div class=\"elementor-widget-container\">\n\t\t\t\t\t\t\t\t<div class=\"elementor-text-editor elementor-clearfix\">\n\t\t\t\t<p>Arbeitsgemeinschaften und andere au\u00dferunterrichtliche Veranstaltungen erweitern und akzentuieren in unterschiedlicher Weise das Lernangebot und st\u00fctzen gezielt verschiedene Lernbereiche. Zusammen mit dem Pflichtunterricht, den unterrichtlichen Wahlangeboten und den Schulfahrten und Exkursionen helfen sie bei der Auspr\u00e4gung individueller Schwerpunkte.<\/p><p>Des Weiteren stellen die Arbeitsgemeinschaften, die von den Sch\u00fclerinnen und Sch\u00fclern je nach Interesse freiwillig besucht werden k\u00f6nnen, einen Teil unseres offenen Ganztagesangebotes dar.<\/p><p><a href=\"https:\/\/crghagen.de\/wp-content\/uploads\/2025\/09\/AG-Angebote-2025-1.-Halbjahr.pdf\">Hier<\/a> finden Sie einen \u00dcberblick \u00fcber die AGs, die im Schuljahr 2025\/2026 angeboten werden.<\/p>\t\t\t\t\t<\/div>\n\t\t\t\t\t\t<\/div>\n\t\t\t\t<\/div>\n\t\t\t\t\t\t<\/div>\n\t\t\t\t\t<\/div>\n\t\t<\/div>\n\t\t\t\t\t\t\t\t<\/div>\n\t\t\t\t\t<\/div>\n\t\t<\/section>\n\t\t\t\t\t\t\t\t\t<\/div>\n\t\t\t<\/div>\n\t\t\t\t\t<\/div>\n\t\t","protected":false},"excerpt":{"rendered":"<p>Arbeitsgemeinschaften und andere au\u00dferunterrichtliche Veranstaltungen erweitern und akzentuieren in unterschiedlicher Weise das Lernangebot und st\u00fctzen gezielt verschiedene Lernbereiche. Zusammen mit dem Pflichtunterricht, den unterrichtlichen Wahlangeboten und den Schulfahrten und Exkursionen helfen sie bei der Auspr\u00e4gung individueller Schwerpunkte. Des Weiteren stellen die Arbeitsgemeinschaften, die von den Sch\u00fclerinnen und Sch\u00fclern je nach Interesse freiwillig besucht werden k\u00f6nnen, [&hellip;]<\/p>\n","protected":false},"author":2,"featured_media":0,"parent":200,"menu_order":0,"comment_status":"closed","ping_status":"closed","template":"","meta":{"footnotes":""},"class_list":["post-204","page","type-page","status-publish","hentry","gallery-content-unit"],"_links":{"self":[{"href":"https:\/\/crghagen.de\/index.php?rest_route=\/wp\/v2\/pages\/204","targetHints":{"allow":["GET"]}}],"collection":[{"href":"https:\/\/crghagen.de\/index.php?rest_route=\/wp\/v2\/pages"}],"about":[{"href":"https:\/\/crghagen.de\/index.php?rest_route=\/wp\/v2\/types\/page"}],"author":[{"embeddable":true,"href":"https:\/\/crghagen.de\/index.php?rest_route=\/wp\/v2\/users\/2"}],"replies":[{"embeddable":true,"href":"https:\/\/crghagen.de\/index.php?rest_route=%2Fwp%2Fv2%2Fcomments&post=204"}],"version-history":[{"count":21,"href":"https:\/\/crghagen.de\/index.php?rest_route=\/wp\/v2\/pages\/204\/revisions"}],"predecessor-version":[{"id":6255,"href":"https:\/\/crghagen.de\/index.php?rest_route=\/wp\/v2\/pages\/204\/revisions\/6255"}],"up":[{"embeddable":true,"href":"https:\/\/crghagen.de\/index.php?rest_route=\/wp\/v2\/pages\/200"}],"wp:attachment":[{"href":"https:\/\/crghagen.de\/index.php?rest_route=%2Fwp%2Fv2%2Fmedia&parent=204"}],"curies":[{"name":"wp","href":"https:\/\/api.w.org\/{rel}","templated":true}]}}