{"id":202,"date":"2017-03-28T20:10:48","date_gmt":"2017-03-28T18:10:48","guid":{"rendered":"https:\/\/crghagenblog.wordpress.com\/?page_id=202"},"modified":"2017-11-22T09:48:19","modified_gmt":"2017-11-22T09:48:19","slug":"in-unterrichtsfaechern","status":"publish","type":"page","link":"https:\/\/crghagen.de\/?page_id=202","title":{"rendered":"Die Unterrichtsf\u00e4cher"},"content":{"rendered":"<p>Das Christian-Rohlfs-Gymnasium bietet alle traditionellen gymnasialen Unterrichtsf\u00e4cher. Hinzu kommen jedoch einige Besonderheiten:<\/p>\n<ul>\n<li><strong>BILINGUALES LERNEN:<\/strong> Als einziges Hagener Gymnasium bieten wir einen <a href=\"https:\/\/crghagenblog.wordpress.com\/lernen\/bilinguales-lernen\/\">bilingualen Zweig<\/a> an. (Nachgewiesenerma\u00dfen verf\u00fcgen Sch\u00fclerinnen und Sch\u00fcler bilingualer Zweige Ende der 9. Klasse im Fach Englisch \u00fcber &#8222;einen sehr deutlichen Kompetenzvorsprung in allen Bereichen.&#8220; (<a href=\"http:\/\/www.dipf.de\/de\/forschung\/projekte\/pdf\/biqua\/desi-zentrale-befunde\">vgl. Seite 60 des Berichts \u00fcber &#8222;Zentrale Befunde der DESI Studie&#8220;<\/a>))<\/li>\n<li><strong>SPANISCH:<\/strong> Das Fach Spanisch wird am CRG sowohl als neueinsetzende Fremdsprache ab der Jahrgangsstufe EF, als auch im Wahlpflichtunterricht der Klassen 8\/9 angeboten.<\/li>\n<li><strong>DREHT\u00dcRMODELL LATEIN\/FRANZ\u00d6SISCH:<\/strong> Besonders begabten Sch\u00fclerinnen und Sch\u00fclern erm\u00f6glichen wir es, die Sprachen Latein und Franz\u00f6sisch ab der Klasse 6 parallel zu belegen.<\/li>\n<li><strong>MINT:<\/strong> Interessierte Sch\u00fclerinnen und Sch\u00fclern k\u00f6nnen in der Sekundarstufe I im Bereich der Wahlpflichtunterrichts der Klassen 8\/9 die F\u00e4cher Technik oder Mathe\/Informatik belegen. In der Sekundarstufe II bieten wir neben den klassischen Naturwissenschaften Biologie, Chemie und Physik auch Unterricht im Fach Informatik an. Alle vier F\u00e4cher k\u00f6nnen als Abiturf\u00e4cher gew\u00e4hlt werden.<\/li>\n<li><strong>K\u00dcNSTLERISCHER BEREICH:<\/strong> In der Oberstufe muss sich niemand entscheiden. Unsere Sch\u00fclerinnen und Sch\u00fcler k\u00f6nnen &#8211; bei Interesse &#8211; die F\u00e4cher Kunst UND Musik belegen.<\/li>\n<\/ul>\n<p>&nbsp;<\/p>\n<p>Am Christian-Rohlfs-Gymnasium wird Unterricht in folgenden F\u00e4chern angeboten:<\/p>\n<table>\n<tbody>\n<tr>\n<td width=\"149\"><\/td>\n<td colspan=\"8\" width=\"369\">\n<p style=\"text-align: center;\">Jahrgangsstufe<\/p>\n<\/td>\n<\/tr>\n<tr>\n<td width=\"149\"><\/td>\n<td width=\"46\">\n<p style=\"text-align: center;\">5<\/p>\n<\/td>\n<td width=\"46\">\n<p style=\"text-align: center;\">6<\/p>\n<\/td>\n<td width=\"46\">\n<p style=\"text-align: center;\">7<\/p>\n<\/td>\n<td width=\"46\">\n<p style=\"text-align: center;\">8<\/p>\n<\/td>\n<td width=\"46\">\n<p style=\"text-align: center;\">9<\/p>\n<\/td>\n<td width=\"46\">\n<p style=\"text-align: center;\">EF<\/p>\n<\/td>\n<td width=\"46\">\n<p style=\"text-align: center;\">Q1<\/p>\n<\/td>\n<td width=\"46\">\n<p style=\"text-align: center;\">Q2<\/p>\n<\/td>\n<\/tr>\n<tr>\n<td width=\"149\"><a href=\"https:\/\/neu.crghagen.de\/?page_id=244\">Deutsch<\/a><\/td>\n<td width=\"46\">\n<p style=\"text-align: center;\">X<\/p>\n<\/td>\n<td width=\"46\">\n<p style=\"text-align: center;\">X<\/p>\n<\/td>\n<td width=\"46\">\n<p style=\"text-align: center;\">X<\/p>\n<\/td>\n<td width=\"46\">\n<p style=\"text-align: center;\">X<\/p>\n<\/td>\n<td width=\"46\">\n<p style=\"text-align: center;\">X<\/p>\n<\/td>\n<td width=\"46\">\n<p style=\"text-align: center;\">X<\/p>\n<\/td>\n<td width=\"46\">\n<p style=\"text-align: center;\">X<\/p>\n<\/td>\n<td width=\"46\">\n<p style=\"text-align: center;\">X<\/p>\n<\/td>\n<\/tr>\n<tr>\n<td width=\"149\"><a href=\"https:\/\/neu.crghagen.de\/?page_id=246\">Englisch<\/a><\/td>\n<td width=\"46\">\n<p style=\"text-align: center;\">X<\/p>\n<\/td>\n<td width=\"46\">\n<p style=\"text-align: center;\">X<\/p>\n<\/td>\n<td width=\"46\">\n<p style=\"text-align: center;\">X<\/p>\n<\/td>\n<td width=\"46\">\n<p style=\"text-align: center;\">X<\/p>\n<\/td>\n<td width=\"46\">\n<p style=\"text-align: center;\">X<\/p>\n<\/td>\n<td width=\"46\">\n<p style=\"text-align: center;\">X<\/p>\n<\/td>\n<td width=\"46\">\n<p style=\"text-align: center;\">X<\/p>\n<\/td>\n<td width=\"46\">\n<p style=\"text-align: center;\">X<\/p>\n<\/td>\n<\/tr>\n<tr>\n<td width=\"149\"><a href=\"https:\/\/neu.crghagen.de\/?page_id=252\">Latein<\/a><\/td>\n<td width=\"46\"><\/td>\n<td width=\"46\">\n<p style=\"text-align: center;\">X<\/p>\n<\/td>\n<td width=\"46\">\n<p style=\"text-align: center;\">X<\/p>\n<\/td>\n<td width=\"46\">\n<p style=\"text-align: center;\">X<\/p>\n<\/td>\n<td width=\"46\">\n<p style=\"text-align: center;\">X<\/p>\n<\/td>\n<td width=\"46\">\n<p style=\"text-align: center;\">X<\/p>\n<\/td>\n<td width=\"46\">\n<p style=\"text-align: center;\">(X)<\/p>\n<\/td>\n<td width=\"46\">\n<p style=\"text-align: center;\">(X)<\/p>\n<\/td>\n<\/tr>\n<tr>\n<td width=\"149\"><a href=\"https:\/\/neu.crghagen.de\/?page_id=248\">Franz\u00f6sisch<\/a><\/td>\n<td width=\"46\"><\/td>\n<td width=\"46\">\n<p style=\"text-align: center;\">X<\/p>\n<\/td>\n<td width=\"46\">\n<p style=\"text-align: center;\">X<\/p>\n<\/td>\n<td width=\"46\">\n<p style=\"text-align: center;\">X<\/p>\n<\/td>\n<td width=\"46\">\n<p style=\"text-align: center;\">X<\/p>\n<\/td>\n<td width=\"46\">\n<p style=\"text-align: center;\">X<\/p>\n<\/td>\n<td width=\"46\">\n<p style=\"text-align: center;\">X<\/p>\n<\/td>\n<td width=\"46\">\n<p style=\"text-align: center;\">X<\/p>\n<\/td>\n<\/tr>\n<tr>\n<td width=\"149\"><a href=\"https:\/\/neu.crghagen.de\/?page_id=250\">Spanisch<\/a><\/td>\n<td width=\"46\"><\/td>\n<td width=\"46\"><\/td>\n<td width=\"46\"><\/td>\n<td width=\"46\">\n<p style=\"text-align: center;\">X<\/p>\n<\/td>\n<td width=\"46\">\n<p style=\"text-align: center;\">X<\/p>\n<\/td>\n<td width=\"46\">\n<p style=\"text-align: center;\">X<\/p>\n<\/td>\n<td width=\"46\">\n<p style=\"text-align: center;\">X<\/p>\n<\/td>\n<td width=\"46\">\n<p style=\"text-align: center;\">X<\/p>\n<\/td>\n<\/tr>\n<tr>\n<td width=\"149\"><a href=\"https:\/\/neu.crghagen.de\/?page_id=254\">Kunst<\/a><\/td>\n<td width=\"46\">\n<p style=\"text-align: center;\">X<\/p>\n<\/td>\n<td width=\"46\">\n<p style=\"text-align: center;\">X<\/p>\n<\/td>\n<td width=\"46\">\n<p style=\"text-align: center;\">2. HJ<\/p>\n<\/td>\n<td width=\"46\"><\/td>\n<td width=\"46\">\n<p style=\"text-align: center;\">X<\/p>\n<\/td>\n<td width=\"46\">\n<p style=\"text-align: center;\">X<\/p>\n<\/td>\n<td width=\"46\">\n<p style=\"text-align: center;\">X<\/p>\n<\/td>\n<td width=\"46\">\n<p style=\"text-align: center;\">X<\/p>\n<\/td>\n<\/tr>\n<tr>\n<td width=\"149\"><a href=\"https:\/\/neu.crghagen.de\/?page_id=256\">Musik<\/a><\/td>\n<td width=\"46\">\n<p style=\"text-align: center;\">X<\/p>\n<\/td>\n<td width=\"46\">\n<p style=\"text-align: center;\">X<\/p>\n<\/td>\n<td width=\"46\">\n<p style=\"text-align: center;\">1. HJ<\/p>\n<\/td>\n<td width=\"46\">\n<p style=\"text-align: center;\">X<\/p>\n<\/td>\n<td width=\"46\"><\/td>\n<td width=\"46\">\n<p style=\"text-align: center;\">X<\/p>\n<\/td>\n<td width=\"46\">\n<p style=\"text-align: center;\">X<\/p>\n<\/td>\n<td width=\"46\">\n<p style=\"text-align: center;\">X<\/p>\n<\/td>\n<\/tr>\n<tr>\n<td width=\"149\"><a href=\"https:\/\/neu.crghagen.de\/?page_id=258\">Literatur<\/a><\/td>\n<td width=\"46\"><\/td>\n<td width=\"46\"><\/td>\n<td width=\"46\"><\/td>\n<td width=\"46\"><\/td>\n<td width=\"46\"><\/td>\n<td width=\"46\"><\/td>\n<td width=\"46\">\n<p style=\"text-align: center;\">X<\/p>\n<\/td>\n<td width=\"46\"><\/td>\n<\/tr>\n<tr>\n<td width=\"149\"><a href=\"https:\/\/neu.crghagen.de\/?page_id=260\">Erdkunde<\/a><\/td>\n<td width=\"46\">\n<p style=\"text-align: center;\">X<\/p>\n<\/td>\n<td width=\"46\"><\/td>\n<td width=\"46\">\n<p style=\"text-align: center;\">X<\/p>\n<\/td>\n<td width=\"46\"><\/td>\n<td width=\"46\">\n<p style=\"text-align: center;\">X<\/p>\n<\/td>\n<td style=\"text-align: center;\" width=\"46\">\u00a0X<\/td>\n<td style=\"text-align: center;\" width=\"46\">X<\/td>\n<td style=\"text-align: center;\" width=\"46\">\u00a0X<\/td>\n<\/tr>\n<tr>\n<td width=\"149\"><a href=\"https:\/\/neu.crghagen.de\/?page_id=262\">Geschichte<\/a><\/td>\n<td width=\"46\"><\/td>\n<td width=\"46\">\n<p style=\"text-align: center;\">X<\/p>\n<\/td>\n<td width=\"46\">\n<p style=\"text-align: center;\">X<\/p>\n<\/td>\n<td width=\"46\"><\/td>\n<td width=\"46\">\n<p style=\"text-align: center;\">X<\/p>\n<\/td>\n<td style=\"text-align: center;\" width=\"46\">\u00a0X<\/td>\n<td style=\"text-align: center;\" width=\"46\">\u00a0X<\/td>\n<td style=\"text-align: center;\" width=\"46\">\u00a0X<\/td>\n<\/tr>\n<tr>\n<td width=\"149\"><a href=\"https:\/\/neu.crghagen.de\/?page_id=264\">Politik<\/a><\/td>\n<td width=\"46\">\n<p style=\"text-align: center;\">X<\/p>\n<\/td>\n<td width=\"46\"><\/td>\n<td width=\"46\"><\/td>\n<td width=\"46\">\n<p style=\"text-align: center;\">X<\/p>\n<\/td>\n<td width=\"46\">\n<p style=\"text-align: center;\">X<\/p>\n<\/td>\n<td width=\"46\"><\/td>\n<td width=\"46\"><\/td>\n<td width=\"46\"><\/td>\n<\/tr>\n<tr>\n<td width=\"149\"><a href=\"https:\/\/neu.crghagen.de\/?page_id=264\">Sozialwissenschaften<\/a><\/td>\n<td width=\"46\"><\/td>\n<td width=\"46\"><\/td>\n<td width=\"46\"><\/td>\n<td width=\"46\"><\/td>\n<td width=\"46\"><\/td>\n<td width=\"46\">\n<p style=\"text-align: center;\">X<\/p>\n<\/td>\n<td width=\"46\">\n<p style=\"text-align: center;\">X<\/p>\n<\/td>\n<td width=\"46\">\n<p style=\"text-align: center;\">X<\/p>\n<\/td>\n<\/tr>\n<tr>\n<td width=\"149\"><a href=\"https:\/\/neu.crghagen.de\/?page_id=268\">P\u00e4dagogik<\/a><\/td>\n<td width=\"46\"><\/td>\n<td width=\"46\"><\/td>\n<td width=\"46\"><\/td>\n<td width=\"46\"><\/td>\n<td width=\"46\"><\/td>\n<td width=\"46\">\n<p style=\"text-align: center;\">X<\/p>\n<\/td>\n<td width=\"46\">\n<p style=\"text-align: center;\">X<\/p>\n<\/td>\n<td width=\"46\">\n<p style=\"text-align: center;\">X<\/p>\n<\/td>\n<\/tr>\n<tr>\n<td width=\"149\"><a href=\"https:\/\/neu.crghagen.de\/?page_id=266\">Praktische Philosophie<\/a><\/td>\n<td width=\"46\">\n<p style=\"text-align: center;\">X<\/p>\n<\/td>\n<td width=\"46\">\n<p style=\"text-align: center;\">X<\/p>\n<\/td>\n<td width=\"46\">\n<p style=\"text-align: center;\">X<\/p>\n<\/td>\n<td width=\"46\">\n<p style=\"text-align: center;\">X<\/p>\n<\/td>\n<td width=\"46\">\n<p style=\"text-align: center;\">X<\/p>\n<\/td>\n<td width=\"46\"><\/td>\n<td width=\"46\"><\/td>\n<td width=\"46\"><\/td>\n<\/tr>\n<tr>\n<td width=\"149\"><a href=\"https:\/\/neu.crghagen.de\/?page_id=266\">Philosophie<\/a><\/td>\n<td width=\"46\"><\/td>\n<td width=\"46\"><\/td>\n<td width=\"46\"><\/td>\n<td width=\"46\"><\/td>\n<td width=\"46\"><\/td>\n<td width=\"46\">\n<p style=\"text-align: center;\">X<\/p>\n<\/td>\n<td width=\"46\">\n<p style=\"text-align: center;\">X<\/p>\n<\/td>\n<td width=\"46\">\n<p style=\"text-align: center;\">X<\/p>\n<\/td>\n<\/tr>\n<tr>\n<td width=\"149\"><a href=\"https:\/\/neu.crghagen.de\/?page_id=282\">Ev. Religion<\/a><\/td>\n<td width=\"46\">\n<p style=\"text-align: center;\">X<\/p>\n<\/td>\n<td width=\"46\">\n<p style=\"text-align: center;\">X<\/p>\n<\/td>\n<td width=\"46\">\n<p style=\"text-align: center;\">X<\/p>\n<\/td>\n<td width=\"46\">\n<p style=\"text-align: center;\">X<\/p>\n<\/td>\n<td width=\"46\">\n<p style=\"text-align: center;\">X<\/p>\n<\/td>\n<td width=\"46\">\n<p style=\"text-align: center;\">X<\/p>\n<\/td>\n<td width=\"46\">\n<p style=\"text-align: center;\">X*<\/p>\n<\/td>\n<td width=\"46\">\n<p style=\"text-align: center;\">X*<\/p>\n<\/td>\n<\/tr>\n<tr>\n<td width=\"149\"><a href=\"https:\/\/neu.crghagen.de\/?page_id=284\">Kath. Religion<\/a><\/td>\n<td width=\"46\">\n<p style=\"text-align: center;\">X<\/p>\n<\/td>\n<td width=\"46\">\n<p style=\"text-align: center;\">X<\/p>\n<\/td>\n<td width=\"46\">\n<p style=\"text-align: center;\">X<\/p>\n<\/td>\n<td width=\"46\">\n<p style=\"text-align: center;\">X<\/p>\n<\/td>\n<td width=\"46\">\n<p style=\"text-align: center;\">X<\/p>\n<\/td>\n<td width=\"46\">\n<p style=\"text-align: center;\">X<\/p>\n<\/td>\n<td width=\"46\">\n<p style=\"text-align: center;\">X*<\/p>\n<\/td>\n<td width=\"46\">\n<p style=\"text-align: center;\">X*<\/p>\n<\/td>\n<\/tr>\n<tr>\n<td width=\"149\"><a href=\"https:\/\/neu.crghagen.de\/?page_id=270\">Mathematik<\/a><\/td>\n<td width=\"46\">\n<p style=\"text-align: center;\">X<\/p>\n<\/td>\n<td width=\"46\">\n<p style=\"text-align: center;\">X<\/p>\n<\/td>\n<td width=\"46\">\n<p style=\"text-align: center;\">X<\/p>\n<\/td>\n<td width=\"46\">\n<p style=\"text-align: center;\">X<\/p>\n<\/td>\n<td width=\"46\">\n<p style=\"text-align: center;\">X<\/p>\n<\/td>\n<td width=\"46\">\n<p style=\"text-align: center;\">X<\/p>\n<\/td>\n<td width=\"46\">\n<p style=\"text-align: center;\">X<\/p>\n<\/td>\n<td width=\"46\">\n<p style=\"text-align: center;\">X<\/p>\n<\/td>\n<\/tr>\n<tr>\n<td width=\"149\"><a href=\"https:\/\/neu.crghagen.de\/?page_id=272\">Biologie<\/a><\/td>\n<td width=\"46\">\n<p style=\"text-align: center;\">X<\/p>\n<\/td>\n<td width=\"46\">\n<p style=\"text-align: center;\">X<\/p>\n<\/td>\n<td width=\"46\">\n<p style=\"text-align: center;\">X<\/p>\n<\/td>\n<td width=\"46\"><\/td>\n<td width=\"46\">\n<p style=\"text-align: center;\">X<\/p>\n<\/td>\n<td width=\"46\">\n<p style=\"text-align: center;\">X<\/p>\n<\/td>\n<td width=\"46\">\n<p style=\"text-align: center;\">X<\/p>\n<\/td>\n<td width=\"46\">\n<p style=\"text-align: center;\">X<\/p>\n<\/td>\n<\/tr>\n<tr>\n<td width=\"149\"><a href=\"https:\/\/neu.crghagen.de\/?page_id=274\">Chemie<\/a><\/td>\n<td width=\"46\"><\/td>\n<td width=\"46\"><\/td>\n<td width=\"46\">\n<p style=\"text-align: center;\">X<\/p>\n<\/td>\n<td width=\"46\">\n<p style=\"text-align: center;\">X<\/p>\n<\/td>\n<td width=\"46\">\n<p style=\"text-align: center;\">X<\/p>\n<\/td>\n<td width=\"46\">\n<p style=\"text-align: center;\">X<\/p>\n<\/td>\n<td width=\"46\">\n<p style=\"text-align: center;\">X<\/p>\n<\/td>\n<td width=\"46\">\n<p style=\"text-align: center;\">X<\/p>\n<\/td>\n<\/tr>\n<tr>\n<td width=\"149\"><a href=\"https:\/\/neu.crghagen.de\/?page_id=276\">Physik<\/a><\/td>\n<td width=\"46\"><\/td>\n<td width=\"46\">\n<p style=\"text-align: center;\">X<\/p>\n<\/td>\n<td width=\"46\"><\/td>\n<td width=\"46\">\n<p style=\"text-align: center;\">X<\/p>\n<\/td>\n<td width=\"46\">\n<p style=\"text-align: center;\">X<\/p>\n<\/td>\n<td width=\"46\">\n<p style=\"text-align: center;\">X<\/p>\n<\/td>\n<td width=\"46\">\n<p style=\"text-align: center;\">X<\/p>\n<\/td>\n<td width=\"46\">\n<p style=\"text-align: center;\">X<\/p>\n<\/td>\n<\/tr>\n<tr>\n<td width=\"149\"><a href=\"https:\/\/neu.crghagen.de\/?page_id=278\">Informatik<\/a><\/td>\n<td width=\"46\"><\/td>\n<td width=\"46\"><\/td>\n<td width=\"46\"><\/td>\n<td width=\"46\">\n<p style=\"text-align: center;\">X<\/p>\n<\/td>\n<td width=\"46\">\n<p style=\"text-align: center;\">X<\/p>\n<\/td>\n<td width=\"46\">\n<p style=\"text-align: center;\">X<\/p>\n<\/td>\n<td width=\"46\">\n<p style=\"text-align: center;\">X*<\/p>\n<\/td>\n<td width=\"46\">\n<p style=\"text-align: center;\">X*<\/p>\n<\/td>\n<\/tr>\n<tr>\n<td width=\"149\"><a href=\"https:\/\/neu.crghagen.de\/?page_id=280\">Technik<\/a><\/td>\n<td width=\"46\"><\/td>\n<td width=\"46\"><\/td>\n<td width=\"46\"><\/td>\n<td width=\"46\">\n<p style=\"text-align: center;\">X<\/p>\n<\/td>\n<td width=\"46\">\n<p style=\"text-align: center;\">X<\/p>\n<\/td>\n<td width=\"46\"><\/td>\n<td width=\"46\"><\/td>\n<td width=\"46\"><\/td>\n<\/tr>\n<tr>\n<td width=\"149\"><a href=\"https:\/\/neu.crghagen.de\/?page_id=239\">Sport<\/a><\/td>\n<td width=\"46\">\n<p style=\"text-align: center;\">X<\/p>\n<\/td>\n<td width=\"46\">\n<p style=\"text-align: center;\">X<\/p>\n<\/td>\n<td width=\"46\">\n<p style=\"text-align: center;\">X<\/p>\n<\/td>\n<td width=\"46\">\n<p style=\"text-align: center;\">X<\/p>\n<\/td>\n<td width=\"46\">\n<p style=\"text-align: center;\">X<\/p>\n<\/td>\n<td width=\"46\">\n<p style=\"text-align: center;\">X<\/p>\n<\/td>\n<td width=\"46\">\n<p style=\"text-align: center;\">X<\/p>\n<\/td>\n<td width=\"46\">\n<p style=\"text-align: center;\">X<\/p>\n<\/td>\n<\/tr>\n<tr>\n<td width=\"149\"><a href=\"https:\/\/neu.crghagen.de\/?page_id=621\">EDV<\/a><\/td>\n<td width=\"46\">\n<p style=\"text-align: center;\">X<\/p>\n<\/td>\n<td width=\"46\"><\/td>\n<td width=\"46\"><\/td>\n<td width=\"46\"><\/td>\n<td width=\"46\"><\/td>\n<td width=\"46\"><\/td>\n<td width=\"46\"><\/td>\n<td width=\"46\"><\/td>\n<\/tr>\n<\/tbody>\n<\/table>\n<p>* = Das Fach kann leider nicht als LK gew\u00e4hlt werden.<br \/>\n(X) = Bei entsprechendem Interesse ist die Einrichtung eines Kurses m\u00f6glich, kam jedoch in den letzten Jahren nicht zustande.<\/p>\n<p>&nbsp;<\/p>\n","protected":false},"excerpt":{"rendered":"<p>Das Christian-Rohlfs-Gymnasium bietet alle traditionellen gymnasialen Unterrichtsf\u00e4cher. Hinzu kommen jedoch einige Besonderheiten: BILINGUALES LERNEN: Als einziges Hagener Gymnasium bieten wir einen bilingualen Zweig an. (Nachgewiesenerma\u00dfen verf\u00fcgen Sch\u00fclerinnen und Sch\u00fcler bilingualer Zweige Ende der 9. Klasse im Fach Englisch \u00fcber &#8222;einen sehr deutlichen Kompetenzvorsprung in allen Bereichen.&#8220; (vgl. Seite 60 des Berichts \u00fcber &#8222;Zentrale Befunde der [&hellip;]<\/p>\n","protected":false},"author":2,"featured_media":0,"parent":200,"menu_order":0,"comment_status":"closed","ping_status":"closed","template":"","meta":{"footnotes":""},"class_list":["post-202","page","type-page","status-publish","hentry","gallery-content-unit"],"_links":{"self":[{"href":"https:\/\/crghagen.de\/index.php?rest_route=\/wp\/v2\/pages\/202","targetHints":{"allow":["GET"]}}],"collection":[{"href":"https:\/\/crghagen.de\/index.php?rest_route=\/wp\/v2\/pages"}],"about":[{"href":"https:\/\/crghagen.de\/index.php?rest_route=\/wp\/v2\/types\/page"}],"author":[{"embeddable":true,"href":"https:\/\/crghagen.de\/index.php?rest_route=\/wp\/v2\/users\/2"}],"replies":[{"embeddable":true,"href":"https:\/\/crghagen.de\/index.php?rest_route=%2Fwp%2Fv2%2Fcomments&post=202"}],"version-history":[{"count":4,"href":"https:\/\/crghagen.de\/index.php?rest_route=\/wp\/v2\/pages\/202\/revisions"}],"predecessor-version":[{"id":636,"href":"https:\/\/crghagen.de\/index.php?rest_route=\/wp\/v2\/pages\/202\/revisions\/636"}],"up":[{"embeddable":true,"href":"https:\/\/crghagen.de\/index.php?rest_route=\/wp\/v2\/pages\/200"}],"wp:attachment":[{"href":"https:\/\/crghagen.de\/index.php?rest_route=%2Fwp%2Fv2%2Fmedia&parent=202"}],"curies":[{"name":"wp","href":"https:\/\/api.w.org\/{rel}","templated":true}]}}