{"id":200,"date":"2017-03-28T20:10:03","date_gmt":"2017-03-28T18:10:03","guid":{"rendered":"https:\/\/crghagenblog.wordpress.com\/?page_id=200"},"modified":"2018-02-18T11:45:40","modified_gmt":"2018-02-18T11:45:40","slug":"lernen","status":"publish","type":"page","link":"https:\/\/crghagen.de\/?page_id=200","title":{"rendered":"Lernen am CRG"},"content":{"rendered":"<p>Der Kern unseres t\u00e4glichen Zusammenseins am Christian-Rohlfs-Gymnasium zeichnet sich durch unser gemeinsames Ziel aus: Wir alle wollen, dass die Sch\u00fclerinnen und Sch\u00fcler den gr\u00f6\u00dftm\u00f6glichen Lernerfolg erreichen.<\/p>\n<p>Wir sind der Meinung, dass f\u00fcr einen optimalen Lernerfolg f\u00e4cherspezifische Lernumgebungen geschaffen werden sollten, deswegen haben wir als Schule uns im Jahr 2014 dazu entschieden, den Unterricht ab der 7. Klasse in Fachr\u00e4umen durchzuf\u00fchren. Alle F\u00e4cher haben eigene R\u00e4ume, die von der jeweiligen Fachschaft und von den Lerngruppen eingerichtet wurden &#8211; optimal auf die jeweiligen Bed\u00fcrfnisse abgestimmt.<\/p>\n<p>Des Weiteren haben wir an unserer Schule ein flexibles Doppelstundenmodell. Die dritte und vierte Stunde findet dabei immer als Doppelstunde statt, die anderen Stunden des Schultages finden teilweise in Einzel-, teilweise aber ebenfalls in Doppelstunden statt. Auch hier liegt es vor allem an den Fachschaften, die \u00fcber die Stundenaufteilung entscheiden.<\/p>\n<p>Wie das Ziel des gr\u00f6\u00dftm\u00f6glichen Lernerfolges erreicht werden soll und welche Inhalte in den einzelnen F\u00e4chern von der Klasse 5 bis zum Abitur bearbeitet werden, das erfahren Sie auf den einzelnen Seiten der F\u00e4cher und Fachbereiche.<\/p>\n","protected":false},"excerpt":{"rendered":"<p>Der Kern unseres t\u00e4glichen Zusammenseins am Christian-Rohlfs-Gymnasium zeichnet sich durch unser gemeinsames Ziel aus: Wir alle wollen, dass die Sch\u00fclerinnen und Sch\u00fcler den gr\u00f6\u00dftm\u00f6glichen Lernerfolg erreichen. Wir sind der Meinung, dass f\u00fcr einen optimalen Lernerfolg f\u00e4cherspezifische Lernumgebungen geschaffen werden sollten, deswegen haben wir als Schule uns im Jahr 2014 dazu entschieden, den Unterricht ab der [&hellip;]<\/p>\n","protected":false},"author":2,"featured_media":0,"parent":0,"menu_order":0,"comment_status":"closed","ping_status":"closed","template":"","meta":{"footnotes":""},"class_list":["post-200","page","type-page","status-publish","hentry","gallery-content-unit"],"_links":{"self":[{"href":"https:\/\/crghagen.de\/index.php?rest_route=\/wp\/v2\/pages\/200","targetHints":{"allow":["GET"]}}],"collection":[{"href":"https:\/\/crghagen.de\/index.php?rest_route=\/wp\/v2\/pages"}],"about":[{"href":"https:\/\/crghagen.de\/index.php?rest_route=\/wp\/v2\/types\/page"}],"author":[{"embeddable":true,"href":"https:\/\/crghagen.de\/index.php?rest_route=\/wp\/v2\/users\/2"}],"replies":[{"embeddable":true,"href":"https:\/\/crghagen.de\/index.php?rest_route=%2Fwp%2Fv2%2Fcomments&post=200"}],"version-history":[{"count":3,"href":"https:\/\/crghagen.de\/index.php?rest_route=\/wp\/v2\/pages\/200\/revisions"}],"predecessor-version":[{"id":995,"href":"https:\/\/crghagen.de\/index.php?rest_route=\/wp\/v2\/pages\/200\/revisions\/995"}],"wp:attachment":[{"href":"https:\/\/crghagen.de\/index.php?rest_route=%2Fwp%2Fv2%2Fmedia&parent=200"}],"curies":[{"name":"wp","href":"https:\/\/api.w.org\/{rel}","templated":true}]}}