{"id":189,"date":"2017-03-28T19:54:30","date_gmt":"2017-03-28T17:54:30","guid":{"rendered":"https:\/\/crghagenblog.wordpress.com\/?page_id=189"},"modified":"2026-04-14T09:02:49","modified_gmt":"2026-04-14T08:02:49","slug":"helfende-haende","status":"publish","type":"page","link":"https:\/\/crghagen.de\/?page_id=189","title":{"rendered":"Weitere Mitarbeiter"},"content":{"rendered":"\t\t<div data-elementor-type=\"wp-page\" data-elementor-id=\"189\" class=\"elementor elementor-189\">\n\t\t\t\t\t\t<div class=\"elementor-inner\">\n\t\t\t\t<div class=\"elementor-section-wrap\">\n\t\t\t\t\t\t\t\t\t<section class=\"elementor-section elementor-top-section elementor-element elementor-element-7032accd elementor-section-boxed elementor-section-height-default elementor-section-height-default\" data-id=\"7032accd\" data-element_type=\"section\">\n\t\t\t\t\t\t<div class=\"elementor-container elementor-column-gap-default\">\n\t\t\t\t\t\t\t<div class=\"elementor-row\">\n\t\t\t\t\t<div class=\"elementor-column elementor-col-100 elementor-top-column elementor-element elementor-element-35605e5d\" data-id=\"35605e5d\" data-element_type=\"column\">\n\t\t\t<div class=\"elementor-column-wrap elementor-element-populated\">\n\t\t\t\t\t\t\t<div class=\"elementor-widget-wrap\">\n\t\t\t\t\t\t<div class=\"elementor-element elementor-element-88b1136 elementor-widget elementor-widget-text-editor\" data-id=\"88b1136\" data-element_type=\"widget\" data-widget_type=\"text-editor.default\">\n\t\t\t\t<div class=\"elementor-widget-container\">\n\t\t\t\t\t\t\t\t<div class=\"elementor-text-editor elementor-clearfix\">\n\t\t\t\t<p>Unser <strong>Sekretariat<\/strong> wird gef\u00fchrt von Iris M\u00fcller und Kirsten Rietz.<\/p><p>Bei Sorgen und Problemen hilft unsere <strong>Sozialarbeiterin<\/strong> Miriam Schnersch weiter.<\/p><p>Um unser <strong>Schulgeb\u00e4ude<\/strong> k\u00fcmmert sich Michael Kielmann.<\/p><p>Unsere <strong>Mensa<\/strong> wird hauptamtlich betreut von Torsten Hasenclever. Unterst\u00fctzt wird er von zahlreichen engagierten M\u00fcttern und V\u00e4tern. Weitere Hilfe ist aber immer n\u00f6tig! Haben Sie Lust mitzuarbeiten? Dann <a href=\"mailto: schule@crghagen.de\">melden Sie sich bei uns<\/a>!<\/p><p>Um das <strong>Ganztagsangebot<\/strong> unserer Schule k\u00fcmmert sich die Caritas mit verschiedenen Mitarbeitern.<\/p><div id=\"attachment_1024\" style=\"width: 297px\" class=\"wp-caption alignnone\"><img loading=\"lazy\" decoding=\"async\" aria-describedby=\"caption-attachment-1024\" class=\"wp-image-1024 size-medium\" src=\"https:\/\/neu.crghagen.de\/wp-content\/uploads\/2018\/02\/sekretariat-e1519388763396-287x300.jpg\" alt=\"\" width=\"287\" height=\"300\" srcset=\"https:\/\/crghagen.de\/wp-content\/uploads\/2018\/02\/sekretariat-e1519388763396-287x300.jpg 287w, https:\/\/crghagen.de\/wp-content\/uploads\/2018\/02\/sekretariat-e1519388763396.jpg 467w\" sizes=\"auto, (max-width: 287px) 100vw, 287px\" \/><p id=\"caption-attachment-1024\" class=\"wp-caption-text\">Unsere Sekret\u00e4rinnen<\/p><\/div><div id=\"attachment_6599\" style=\"width: 160px\" class=\"wp-caption alignnone\"><img loading=\"lazy\" decoding=\"async\" aria-describedby=\"caption-attachment-6599\" class=\"size-thumbnail wp-image-6599\" src=\"https:\/\/crghagen.de\/wp-content\/uploads\/2026\/04\/IMG_7150-150x150.jpeg\" alt=\"\" width=\"150\" height=\"150\" \/><p id=\"caption-attachment-6599\" class=\"wp-caption-text\">Sozialarbeiterin Miriam Schnersch<\/p><\/div><p>\u00a0<\/p>\t\t\t\t\t<\/div>\n\t\t\t\t\t\t<\/div>\n\t\t\t\t<\/div>\n\t\t\t\t\t\t<\/div>\n\t\t\t\t\t<\/div>\n\t\t<\/div>\n\t\t\t\t\t\t\t\t<\/div>\n\t\t\t\t\t<\/div>\n\t\t<\/section>\n\t\t\t\t\t\t\t\t\t<\/div>\n\t\t\t<\/div>\n\t\t\t\t\t<\/div>\n\t\t","protected":false},"excerpt":{"rendered":"<p>Unser Sekretariat wird gef\u00fchrt von Iris M\u00fcller und Kirsten Rietz. Bei Sorgen und Problemen hilft unsere Sozialarbeiterin Miriam Schnersch weiter. Um unser Schulgeb\u00e4ude k\u00fcmmert sich Michael Kielmann. Unsere Mensa wird hauptamtlich betreut von Torsten Hasenclever. Unterst\u00fctzt wird er von zahlreichen engagierten M\u00fcttern und V\u00e4tern. Weitere Hilfe ist aber immer n\u00f6tig! Haben Sie Lust mitzuarbeiten? Dann [&hellip;]<\/p>\n","protected":false},"author":2,"featured_media":0,"parent":0,"menu_order":0,"comment_status":"closed","ping_status":"closed","template":"","meta":{"footnotes":""},"class_list":["post-189","page","type-page","status-publish","hentry","gallery-content-unit"],"_links":{"self":[{"href":"https:\/\/crghagen.de\/index.php?rest_route=\/wp\/v2\/pages\/189","targetHints":{"allow":["GET"]}}],"collection":[{"href":"https:\/\/crghagen.de\/index.php?rest_route=\/wp\/v2\/pages"}],"about":[{"href":"https:\/\/crghagen.de\/index.php?rest_route=\/wp\/v2\/types\/page"}],"author":[{"embeddable":true,"href":"https:\/\/crghagen.de\/index.php?rest_route=\/wp\/v2\/users\/2"}],"replies":[{"embeddable":true,"href":"https:\/\/crghagen.de\/index.php?rest_route=%2Fwp%2Fv2%2Fcomments&post=189"}],"version-history":[{"count":18,"href":"https:\/\/crghagen.de\/index.php?rest_route=\/wp\/v2\/pages\/189\/revisions"}],"predecessor-version":[{"id":6628,"href":"https:\/\/crghagen.de\/index.php?rest_route=\/wp\/v2\/pages\/189\/revisions\/6628"}],"wp:attachment":[{"href":"https:\/\/crghagen.de\/index.php?rest_route=%2Fwp%2Fv2%2Fmedia&parent=189"}],"curies":[{"name":"wp","href":"https:\/\/api.w.org\/{rel}","templated":true}]}}