{"id":187,"date":"2017-03-28T19:53:40","date_gmt":"2017-03-28T17:53:40","guid":{"rendered":"https:\/\/crghagenblog.wordpress.com\/?page_id=187"},"modified":"2019-07-11T08:44:47","modified_gmt":"2019-07-11T07:44:47","slug":"foerderer-des-crgs","status":"publish","type":"page","link":"https:\/\/crghagen.de\/?page_id=187","title":{"rendered":"F\u00f6rderer des CRGs"},"content":{"rendered":"<p>Unsere Schule ist in der gl\u00fccklichen Lage, von gleich zwei Vereinen gef\u00f6rdert zu werden:<\/p>\n<h3><strong>Verein ehemaliger Sch\u00fclerinnen und Sch\u00fcler e.V.<\/strong><\/h3>\n<h3><span id=\"fe_PreviewTitle\"><strong>F\u00f6rderverein der Freunde und F\u00f6rderer des CRG in Hagen-Haspe e.V.<br \/>\n<\/strong><\/span><\/h3>\n<div id=\"fe_PreviewContent\">\n<div>\n<p>&nbsp;<\/p>\n<\/div>\n<\/div>\n","protected":false},"excerpt":{"rendered":"<p>Unsere Schule ist in der gl\u00fccklichen Lage, von gleich zwei Vereinen gef\u00f6rdert zu werden: Verein ehemaliger Sch\u00fclerinnen und Sch\u00fcler e.V. F\u00f6rderverein der Freunde und F\u00f6rderer des CRG in Hagen-Haspe e.V. &nbsp;<\/p>\n","protected":false},"author":2,"featured_media":0,"parent":9,"menu_order":0,"comment_status":"closed","ping_status":"closed","template":"","meta":{"footnotes":""},"class_list":["post-187","page","type-page","status-publish","hentry","gallery-content-unit"],"_links":{"self":[{"href":"https:\/\/crghagen.de\/index.php?rest_route=\/wp\/v2\/pages\/187","targetHints":{"allow":["GET"]}}],"collection":[{"href":"https:\/\/crghagen.de\/index.php?rest_route=\/wp\/v2\/pages"}],"about":[{"href":"https:\/\/crghagen.de\/index.php?rest_route=\/wp\/v2\/types\/page"}],"author":[{"embeddable":true,"href":"https:\/\/crghagen.de\/index.php?rest_route=\/wp\/v2\/users\/2"}],"replies":[{"embeddable":true,"href":"https:\/\/crghagen.de\/index.php?rest_route=%2Fwp%2Fv2%2Fcomments&post=187"}],"version-history":[{"count":7,"href":"https:\/\/crghagen.de\/index.php?rest_route=\/wp\/v2\/pages\/187\/revisions"}],"predecessor-version":[{"id":2270,"href":"https:\/\/crghagen.de\/index.php?rest_route=\/wp\/v2\/pages\/187\/revisions\/2270"}],"up":[{"embeddable":true,"href":"https:\/\/crghagen.de\/index.php?rest_route=\/wp\/v2\/pages\/9"}],"wp:attachment":[{"href":"https:\/\/crghagen.de\/index.php?rest_route=%2Fwp%2Fv2%2Fmedia&parent=187"}],"curies":[{"name":"wp","href":"https:\/\/api.w.org\/{rel}","templated":true}]}}