{"id":181,"date":"2017-03-28T19:51:17","date_gmt":"2017-03-28T17:51:17","guid":{"rendered":"https:\/\/crghagenblog.wordpress.com\/?page_id=181"},"modified":"2023-08-28T12:34:46","modified_gmt":"2023-08-28T11:34:46","slug":"schuelervertretung","status":"publish","type":"page","link":"https:\/\/crghagen.de\/?page_id=181","title":{"rendered":"Sch\u00fclervertretung"},"content":{"rendered":"\t\t<div data-elementor-type=\"wp-page\" data-elementor-id=\"181\" class=\"elementor elementor-181\">\n\t\t\t\t\t\t<div class=\"elementor-inner\">\n\t\t\t\t<div class=\"elementor-section-wrap\">\n\t\t\t\t\t\t\t\t\t<section class=\"elementor-section elementor-top-section elementor-element elementor-element-6c73d3a3 elementor-section-boxed elementor-section-height-default elementor-section-height-default\" data-id=\"6c73d3a3\" data-element_type=\"section\">\n\t\t\t\t\t\t<div class=\"elementor-container elementor-column-gap-default\">\n\t\t\t\t\t\t\t<div class=\"elementor-row\">\n\t\t\t\t\t<div class=\"elementor-column elementor-col-100 elementor-top-column elementor-element elementor-element-47c235fa\" data-id=\"47c235fa\" data-element_type=\"column\">\n\t\t\t<div class=\"elementor-column-wrap elementor-element-populated\">\n\t\t\t\t\t\t\t<div class=\"elementor-widget-wrap\">\n\t\t\t\t\t\t<div class=\"elementor-element elementor-element-3f48415c elementor-widget elementor-widget-text-editor\" data-id=\"3f48415c\" data-element_type=\"widget\" data-widget_type=\"text-editor.default\">\n\t\t\t\t<div class=\"elementor-widget-container\">\n\t\t\t\t\t\t\t\t<div class=\"elementor-text-editor elementor-clearfix\">\n\t\t\t\t<p><span style=\"letter-spacing: 0.2px; -webkit-text-size-adjust: 100%;\">Die Sch\u00fclervertretung (SV) wird von den Sch\u00fclern gew\u00e4hlt und vertritt die Interessen der Sch\u00fcler bei Eltern und Lehrern. Sie ist in der Schulkonferenz und in den Fachkonferenzen vertreten, um aktiv den Schulalltag der Sch\u00fcler mitzubeiflussen. Sie wirkt in der Kreissch\u00fclervertretung (KSV) mit um die<\/span><br><\/p><p>\nInteressen der Sch\u00fcler auch auf Kreisebene vertreten zu k\u00f6nnen. Unterst\u00fctzt werden sie durch die SV-Lehrer.<\/p>\n<p>Die SV nimmt auf vielf\u00e4ltige Weise am Schulleben teil und engagiert sich in vielen Bereichen. Regelm\u00e4\u00dfig initiiert die SV kleinere und gr\u00f6\u00dfere Veranstaltungen, die unsere Schule pr\u00e4gen. Dazu geh\u00f6ren vor allem die im Zwei-Jahres-Rhythmus stattfindenden Sommerfeste.<\/p>\t\t\t\t\t<\/div>\n\t\t\t\t\t\t<\/div>\n\t\t\t\t<\/div>\n\t\t\t\t\t\t<\/div>\n\t\t\t\t\t<\/div>\n\t\t<\/div>\n\t\t\t\t\t\t\t\t<\/div>\n\t\t\t\t\t<\/div>\n\t\t<\/section>\n\t\t\t\t\t\t\t\t\t<\/div>\n\t\t\t<\/div>\n\t\t\t\t\t<\/div>\n\t\t","protected":false},"excerpt":{"rendered":"<p>Die Sch\u00fclervertretung (SV) wird von den Sch\u00fclern gew\u00e4hlt und vertritt die Interessen der Sch\u00fcler bei Eltern und Lehrern. Sie ist in der Schulkonferenz und in den Fachkonferenzen vertreten, um aktiv den Schulalltag der Sch\u00fcler mitzubeiflussen. Sie wirkt in der Kreissch\u00fclervertretung (KSV) mit um die Interessen der Sch\u00fcler auch auf Kreisebene vertreten zu k\u00f6nnen. Unterst\u00fctzt werden [&hellip;]<\/p>\n","protected":false},"author":2,"featured_media":0,"parent":9,"menu_order":0,"comment_status":"closed","ping_status":"closed","template":"","meta":{"footnotes":""},"class_list":["post-181","page","type-page","status-publish","hentry","gallery-content-unit"],"_links":{"self":[{"href":"https:\/\/crghagen.de\/index.php?rest_route=\/wp\/v2\/pages\/181","targetHints":{"allow":["GET"]}}],"collection":[{"href":"https:\/\/crghagen.de\/index.php?rest_route=\/wp\/v2\/pages"}],"about":[{"href":"https:\/\/crghagen.de\/index.php?rest_route=\/wp\/v2\/types\/page"}],"author":[{"embeddable":true,"href":"https:\/\/crghagen.de\/index.php?rest_route=\/wp\/v2\/users\/2"}],"replies":[{"embeddable":true,"href":"https:\/\/crghagen.de\/index.php?rest_route=%2Fwp%2Fv2%2Fcomments&post=181"}],"version-history":[{"count":6,"href":"https:\/\/crghagen.de\/index.php?rest_route=\/wp\/v2\/pages\/181\/revisions"}],"predecessor-version":[{"id":5247,"href":"https:\/\/crghagen.de\/index.php?rest_route=\/wp\/v2\/pages\/181\/revisions\/5247"}],"up":[{"embeddable":true,"href":"https:\/\/crghagen.de\/index.php?rest_route=\/wp\/v2\/pages\/9"}],"wp:attachment":[{"href":"https:\/\/crghagen.de\/index.php?rest_route=%2Fwp%2Fv2%2Fmedia&parent=181"}],"curies":[{"name":"wp","href":"https:\/\/api.w.org\/{rel}","templated":true}]}}