{"id":1774,"date":"2018-10-10T06:31:37","date_gmt":"2018-10-10T06:31:37","guid":{"rendered":"https:\/\/neu.crghagen.de\/?page_id=1774"},"modified":"2024-02-07T11:33:27","modified_gmt":"2024-02-07T10:33:27","slug":"schulprogramm","status":"publish","type":"page","link":"https:\/\/crghagen.de\/?page_id=1774","title":{"rendered":"Schulprogramm"},"content":{"rendered":"\t\t<div data-elementor-type=\"wp-page\" data-elementor-id=\"1774\" class=\"elementor elementor-1774\">\n\t\t\t\t\t\t<div class=\"elementor-inner\">\n\t\t\t\t<div class=\"elementor-section-wrap\">\n\t\t\t\t\t\t\t\t\t<section class=\"elementor-section elementor-top-section elementor-element elementor-element-3c80e69d elementor-section-boxed elementor-section-height-default elementor-section-height-default\" data-id=\"3c80e69d\" data-element_type=\"section\">\n\t\t\t\t\t\t<div class=\"elementor-container elementor-column-gap-default\">\n\t\t\t\t\t\t\t<div class=\"elementor-row\">\n\t\t\t\t\t<div class=\"elementor-column elementor-col-100 elementor-top-column elementor-element elementor-element-6b9ce87f\" data-id=\"6b9ce87f\" data-element_type=\"column\">\n\t\t\t<div class=\"elementor-column-wrap elementor-element-populated\">\n\t\t\t\t\t\t\t<div class=\"elementor-widget-wrap\">\n\t\t\t\t\t\t<div class=\"elementor-element elementor-element-624b5818 elementor-widget elementor-widget-text-editor\" data-id=\"624b5818\" data-element_type=\"widget\" data-widget_type=\"text-editor.default\">\n\t\t\t\t<div class=\"elementor-widget-container\">\n\t\t\t\t\t\t\t\t<div class=\"elementor-text-editor elementor-clearfix\">\n\t\t\t\t<p>Was unsere Schule so besonders macht, das finden Sie in ausf\u00fchrlicher Form in unserem Schulprogramm:<\/p><p><a href=\"https:\/\/crghagen.de\/wp-content\/uploads\/2023\/11\/Schulprogramm-aktuell-23_24.pdf\">Schulprogramm aktuell 23_24<\/a><\/p><div>Das \u201eProgramm einer Schule\u201c darzustellen ist eine echte Herausforderung: Es soll ja nicht nur die Organisationsformen abbilden, sondern auch den \u201ep\u00e4dagogischen Geist\u201c, der die Handelnden erf\u00fcllt. Eine Besonderheit unserer Schule ist zun\u00e4chst, dass sie zwei Gymnasien in sich vereint hat. Zum einen ist es das ehemalige Hasper M\u00e4dchengymnasium mit seinem sprachlich orientierten Angebot und zum anderen das ehemalige Hasper Knabengymnasium mit seiner mathematisch-naturwissenschaftlichen Ausrichtung. Somit sind wir\u201eGymnasium f\u00fcr Haspe\u201c, also f\u00fcr alle Hasper Kinder, Jungen wie M\u00e4dchen, die f\u00fcr den Besuch eines Gymnasiums geeignet sind.<\/div><div>Diesen Kindern bieten wir eine Schulbildung mit verschiedenen Schwerpunkten. Neben den oben genannten sprachlichen und mathematisch-naturwissenschaftlichen Schwerpunkten hat sich ein weiterer Schwerpunkt entwickelt, der musisch-k\u00fcnstlerische.<\/div><div>Durch diese Vielfalt wird allen geeigneten Sch\u00fclerinnen und Sch\u00fclern die bestm\u00f6gliche Schulbildung mit entsprechenden Schwerpunkten geboten. Der \u201ep\u00e4dagogische Geist\u201c der Schule ist besonders da zu sp\u00fcren, wo es darum geht, den Einzelnen in den Blick zu nehmen, die Schw\u00e4cheren zu f\u00f6rdern und die St\u00e4rkeren zu fordern.<\/div><div>\u00a0<\/div><div>Unser Slogan \u201eDas CRG bringt dich weiter!\u201c zielt somit auf den Einzelnen und ist ein Versprechen und eine Richtschnur f\u00fcr uns alle.<\/div><div>Der Inhalt dieses knapp formulierten Slogans wird zun\u00e4chst in unserem Leitbild weiter ausformuliert. Hier wird noch einmal bewusst der Gedanke der bestm\u00f6glichen F\u00f6rderung des Einzelnen aufgegriffen, aber auch die Verwurzelung im Stadtteil Haspe betont.<\/div><div>Mit unseren sieben Leits\u00e4tzen werden nun diese Grundgedanken auf alle Bereiche des schulischen Lebens (Verhalten, Unterricht, F\u00f6rderung, Lernumgebung, Miteinander, Bezug zur Lebenswelt, Kommunikation) bezogen. Die Formulierung \u201eWir &#8230;\u201c dr\u00fcckt unser Verst\u00e4ndnis von einer Schulgemeinschaft aus, in der die Lehrerschaft, aber auch die Eltern und die Sch\u00fclerschaft den \u201ep\u00e4dagogischen Geist\u201c mittragen und somit gemeinsam \u201eProgramm machen\u201c. Die Leitziele<\/div><div>f\u00e4chern die einzelnen Leits\u00e4tze und deren Bereiche weiter auf und bilden somit die Breite schulischen Lebens ab.<\/div><div>Qualit\u00e4tsstandards wiederum konkretisieren jedes einzelne Leitziel und f\u00fcllen es mit Leben. Diese Qualit\u00e4tsstandards werden mit der Durchf\u00fchrung von konkreten Ma\u00dfnahmen im schulischen Alltag erf\u00fcllt und k\u00f6nnen somit \u00fcberpr\u00fcft und evaluiert werden. Alle Qualit\u00e4tsstandards sind verpflichtende Bestandteile des von der Schulkonferenz beschlossenen Schulprogramms. Die Ma\u00dfnahmen werden vielf\u00e4ltig gestaltet und dienen der Erf\u00fcllung der Standards.<\/div><div>\u00a0<\/div><div>Das hier schriftlich fixierte Schulprogramm versteht sich als eine Momentaufnahme unseres Schulentwicklungsprozesses, der zum Ziel hat, unser Leitbild immer besser und effektiver unter den sich wandelnden schulischen und gesellschaftlichen Verh\u00e4ltnissen zu erreichen.<\/div><p>\u00a0<\/p>\t\t\t\t\t<\/div>\n\t\t\t\t\t\t<\/div>\n\t\t\t\t<\/div>\n\t\t\t\t\t\t<\/div>\n\t\t\t\t\t<\/div>\n\t\t<\/div>\n\t\t\t\t\t\t\t\t<\/div>\n\t\t\t\t\t<\/div>\n\t\t<\/section>\n\t\t\t\t\t\t\t\t\t<\/div>\n\t\t\t<\/div>\n\t\t\t\t\t<\/div>\n\t\t","protected":false},"excerpt":{"rendered":"<p>Was unsere Schule so besonders macht, das finden Sie in ausf\u00fchrlicher Form in unserem Schulprogramm: Schulprogramm aktuell 23_24 Das \u201eProgramm einer Schule\u201c darzustellen ist eine echte Herausforderung: Es soll ja nicht nur die Organisationsformen abbilden, sondern auch den \u201ep\u00e4dagogischen Geist\u201c, der die Handelnden erf\u00fcllt. Eine Besonderheit unserer Schule ist zun\u00e4chst, dass sie zwei Gymnasien in [&hellip;]<\/p>\n","protected":false},"author":3,"featured_media":0,"parent":0,"menu_order":0,"comment_status":"closed","ping_status":"closed","template":"","meta":{"footnotes":""},"class_list":["post-1774","page","type-page","status-publish","hentry","gallery-content-unit"],"_links":{"self":[{"href":"https:\/\/crghagen.de\/index.php?rest_route=\/wp\/v2\/pages\/1774","targetHints":{"allow":["GET"]}}],"collection":[{"href":"https:\/\/crghagen.de\/index.php?rest_route=\/wp\/v2\/pages"}],"about":[{"href":"https:\/\/crghagen.de\/index.php?rest_route=\/wp\/v2\/types\/page"}],"author":[{"embeddable":true,"href":"https:\/\/crghagen.de\/index.php?rest_route=\/wp\/v2\/users\/3"}],"replies":[{"embeddable":true,"href":"https:\/\/crghagen.de\/index.php?rest_route=%2Fwp%2Fv2%2Fcomments&post=1774"}],"version-history":[{"count":5,"href":"https:\/\/crghagen.de\/index.php?rest_route=\/wp\/v2\/pages\/1774\/revisions"}],"predecessor-version":[{"id":5469,"href":"https:\/\/crghagen.de\/index.php?rest_route=\/wp\/v2\/pages\/1774\/revisions\/5469"}],"wp:attachment":[{"href":"https:\/\/crghagen.de\/index.php?rest_route=%2Fwp%2Fv2%2Fmedia&parent=1774"}],"curies":[{"name":"wp","href":"https:\/\/api.w.org\/{rel}","templated":true}]}}