{"id":1742,"date":"2018-09-18T07:05:53","date_gmt":"2018-09-18T07:05:53","guid":{"rendered":"https:\/\/neu.crghagen.de\/?page_id=1742"},"modified":"2021-12-07T12:27:05","modified_gmt":"2021-12-07T11:27:05","slug":"itslearning","status":"publish","type":"page","link":"https:\/\/crghagen.de\/?page_id=1742","title":{"rendered":"itslearning"},"content":{"rendered":"\t\t<div data-elementor-type=\"wp-page\" data-elementor-id=\"1742\" class=\"elementor elementor-1742\">\n\t\t\t\t\t\t<div class=\"elementor-inner\">\n\t\t\t\t<div class=\"elementor-section-wrap\">\n\t\t\t\t\t\t\t\t\t<section class=\"elementor-section elementor-top-section elementor-element elementor-element-32d69dbc elementor-section-boxed elementor-section-height-default elementor-section-height-default\" data-id=\"32d69dbc\" data-element_type=\"section\">\n\t\t\t\t\t\t<div class=\"elementor-container elementor-column-gap-default\">\n\t\t\t\t\t\t\t<div class=\"elementor-row\">\n\t\t\t\t\t<div class=\"elementor-column elementor-col-100 elementor-top-column elementor-element elementor-element-1ec34d5f\" data-id=\"1ec34d5f\" data-element_type=\"column\">\n\t\t\t<div class=\"elementor-column-wrap elementor-element-populated\">\n\t\t\t\t\t\t\t<div class=\"elementor-widget-wrap\">\n\t\t\t\t\t\t<div class=\"elementor-element elementor-element-5a25c1cb elementor-widget elementor-widget-text-editor\" data-id=\"5a25c1cb\" data-element_type=\"widget\" data-widget_type=\"text-editor.default\">\n\t\t\t\t<div class=\"elementor-widget-container\">\n\t\t\t\t\t\t\t\t<div class=\"elementor-text-editor elementor-clearfix\">\n\t\t\t\t<p>Unsere Schule nutzt seit dem Schuljahr 2018\/19 die digitale Lernplattform itslearning.<\/p><p>Diese Lernplattform wird genutzt um miteinander \u00fcber schulische Angelegenheiten zu kommunizieren und Materialien und Aufgaben auszutauschen. Lehrpersonen k\u00f6nnen digitale Kursr\u00e4ume einrichten, in denen dann neben der Kommunikation und dem Austausch auch z.B. Hausaufgaben hochgeladen werden k\u00f6nnen.<\/p><p>Hier finden Sie den offiziellen itslearning-Flyer unserer Schule:\u00a0<a href=\"https:\/\/crghagen.de\/wp-content\/uploads\/2018\/12\/its-learning-Flyer.pdf\">its learning Flyer<\/a><\/p><p>Au\u00dferdem stehen folgende Dokumente f\u00fcr Sie zum Download bereit:<\/p><p><a href=\"https:\/\/crghagen.de\/wp-content\/uploads\/2021\/12\/Nutzungsordnung_itslearning_Elternaccounts.pdf\">Nutzungsordnung_itslearning_Elternaccounts<\/a><\/p><p><a href=\"https:\/\/crghagen.de\/wp-content\/uploads\/2021\/12\/Nutzungsordnung_itslearning_Schueleraccounts.pdf\">Nutzungsordnung_itslearning_Sch\u00fcleraccounts<\/a><\/p><p><a href=\"https:\/\/crghagen.de\/wp-content\/uploads\/2021\/12\/Hinweise-zur-Datenverarbeitung_Elternaccounts.pdf\">Hinweise zur Datenverarbeitung_Elternaccounts<\/a><\/p><p><a href=\"https:\/\/crghagen.de\/wp-content\/uploads\/2021\/12\/Hinweise-zur-Datenverarbeitung_Schueleraccounts.pdf\">Hinweise zur Datenverarbeitung_Sch\u00fcleraccounts<\/a><\/p>\t\t\t\t\t<\/div>\n\t\t\t\t\t\t<\/div>\n\t\t\t\t<\/div>\n\t\t\t\t\t\t<\/div>\n\t\t\t\t\t<\/div>\n\t\t<\/div>\n\t\t\t\t\t\t\t\t<\/div>\n\t\t\t\t\t<\/div>\n\t\t<\/section>\n\t\t\t\t\t\t\t\t\t<\/div>\n\t\t\t<\/div>\n\t\t\t\t\t<\/div>\n\t\t","protected":false},"excerpt":{"rendered":"<p>Unsere Schule nutzt seit dem Schuljahr 2018\/19 die digitale Lernplattform itslearning. Diese Lernplattform wird genutzt um miteinander \u00fcber schulische Angelegenheiten zu kommunizieren und Materialien und Aufgaben auszutauschen. Lehrpersonen k\u00f6nnen digitale Kursr\u00e4ume einrichten, in denen dann neben der Kommunikation und dem Austausch auch z.B. Hausaufgaben hochgeladen werden k\u00f6nnen. Hier finden Sie den offiziellen itslearning-Flyer unserer Schule:\u00a0its [&hellip;]<\/p>\n","protected":false},"author":3,"featured_media":0,"parent":0,"menu_order":0,"comment_status":"closed","ping_status":"closed","template":"","meta":{"footnotes":""},"class_list":["post-1742","page","type-page","status-publish","hentry","gallery-content-unit"],"_links":{"self":[{"href":"https:\/\/crghagen.de\/index.php?rest_route=\/wp\/v2\/pages\/1742","targetHints":{"allow":["GET"]}}],"collection":[{"href":"https:\/\/crghagen.de\/index.php?rest_route=\/wp\/v2\/pages"}],"about":[{"href":"https:\/\/crghagen.de\/index.php?rest_route=\/wp\/v2\/types\/page"}],"author":[{"embeddable":true,"href":"https:\/\/crghagen.de\/index.php?rest_route=\/wp\/v2\/users\/3"}],"replies":[{"embeddable":true,"href":"https:\/\/crghagen.de\/index.php?rest_route=%2Fwp%2Fv2%2Fcomments&post=1742"}],"version-history":[{"count":5,"href":"https:\/\/crghagen.de\/index.php?rest_route=\/wp\/v2\/pages\/1742\/revisions"}],"predecessor-version":[{"id":3629,"href":"https:\/\/crghagen.de\/index.php?rest_route=\/wp\/v2\/pages\/1742\/revisions\/3629"}],"wp:attachment":[{"href":"https:\/\/crghagen.de\/index.php?rest_route=%2Fwp%2Fv2%2Fmedia&parent=1742"}],"curies":[{"name":"wp","href":"https:\/\/api.w.org\/{rel}","templated":true}]}}