{"id":1722,"date":"2018-09-03T13:32:23","date_gmt":"2018-09-03T13:32:23","guid":{"rendered":"https:\/\/neu.crghagen.de\/?page_id=1722"},"modified":"2018-09-03T13:32:23","modified_gmt":"2018-09-03T13:32:23","slug":"unsere-schulcharta","status":"publish","type":"page","link":"https:\/\/crghagen.de\/?page_id=1722","title":{"rendered":"Unsere Schulcharta"},"content":{"rendered":"<p><strong>Unsere Grunds\u00e4tze f\u00fcr den Umgang miteinander<\/strong><\/p>\n<p><em><span style=\"text-align: left; color: #333333; text-transform: none; text-indent: 0px; letter-spacing: normal; font-family: Georgia,'Times New Roman','Bitstream Charter',Times,serif; font-size: 16px; font-variant: normal; font-weight: 400; text-decoration: none; word-spacing: 0px; display: inline !important; white-space: normal; cursor: text; orphans: 2; float: none; -webkit-text-stroke-width: 0px; background-color: transparent;\">Beschluss der Schulkonferenz, <\/span><span style=\"text-align: left; color: #333333; text-transform: none; text-indent: 0px; letter-spacing: normal; font-family: Georgia,'Times New Roman','Bitstream Charter',Times,serif; font-size: 16px; font-variant: normal; font-weight: 400; text-decoration: none; word-spacing: 0px; display: inline !important; white-space: normal; cursor: text; orphans: 2; float: none; -webkit-text-stroke-width: 0px; background-color: transparent;\">21. April 2005<\/span><\/em><\/p>\n<p>Wir m\u00f6chten am CRG in einer angenehmen Atmosph\u00e4re lernen, arbeiten, lehren und erziehen. Unser Zusammenleben soll gepr\u00e4gt sein von einem Klima der Toleranz, Fairness und Gewaltfreiheit. Im Umgang miteinander sind wir h\u00f6flich, r\u00fccksichtsvoll und hilfsbereit. Deshalb f\u00fchlen wir uns verantwortlich f\u00fcr ein von diesen Grunds\u00e4tzen bestimmtes Miteinander am CRG.<\/p>\n<p>Wir m\u00f6chten von anderen akzeptiert werden und gehen deshalb entsprechend mit anderen um und achten ihre W\u00fcrde.<\/p>\n<p>Unsere Meinung ist wichtig und soll ernst genommen werden. Deshalb respektieren wir auch die Ansichten anderer, solange sie unser Zusammenleben nicht in Frage stellen.<\/p>\n<p>Innerhalb und au\u00dferhalb des Unterrichts erwarten wir eine Atmosph\u00e4re, in der wir gut arbeiten und uns wohl f\u00fchlen k\u00f6nnen. Dazu geh\u00f6ren f\u00fcr uns solidarisches Handeln, die Bereitschaft zum Zuh\u00f6ren, die \u00dcbernahme von Gemeinschaftsaufgaben und die Vermeidung von L\u00e4rm.<\/p>\n<p>Wir m\u00f6chten uns in einer sauberen und sch\u00f6nen Schule mit intakter Einrichtung wohl f\u00fchlen und arbeiten und sie gemeinsam gestalten.<\/p>\n<p>Wir m\u00f6chten in einer gesunden Umgebung leben und arbeiten, die unsere Gesundheit nicht gef\u00e4hrdet. Wir akzeptieren deshalb auch die schulinternen Vereinbarungen \u00a0zum Verbot von Tabakwaren, Alkoholkonsum und anderen Drogen.<\/p>\n<p>Unsere Grunds\u00e4tze k\u00f6nnen nur in die Tat umgesetzt werden, wenn das Zusammenleben zwischen Sch\u00fclerinnen und Sch\u00fclern, Lehrkr\u00e4ften, Eltern und Mitarbeitern gut und vertrauensvoll funktioniert und von Verbindlichkeit gepr\u00e4gt ist.<\/p>\n","protected":false},"excerpt":{"rendered":"<p>Unsere Grunds\u00e4tze f\u00fcr den Umgang miteinander Beschluss der Schulkonferenz, 21. April 2005 Wir m\u00f6chten am CRG in einer angenehmen Atmosph\u00e4re lernen, arbeiten, lehren und erziehen. Unser Zusammenleben soll gepr\u00e4gt sein von einem Klima der Toleranz, Fairness und Gewaltfreiheit. Im Umgang miteinander sind wir h\u00f6flich, r\u00fccksichtsvoll und hilfsbereit. Deshalb f\u00fchlen wir uns verantwortlich f\u00fcr ein von [&hellip;]<\/p>\n","protected":false},"author":3,"featured_media":0,"parent":0,"menu_order":0,"comment_status":"closed","ping_status":"closed","template":"","meta":{"footnotes":""},"class_list":["post-1722","page","type-page","status-publish","hentry","gallery-content-unit"],"_links":{"self":[{"href":"https:\/\/crghagen.de\/index.php?rest_route=\/wp\/v2\/pages\/1722","targetHints":{"allow":["GET"]}}],"collection":[{"href":"https:\/\/crghagen.de\/index.php?rest_route=\/wp\/v2\/pages"}],"about":[{"href":"https:\/\/crghagen.de\/index.php?rest_route=\/wp\/v2\/types\/page"}],"author":[{"embeddable":true,"href":"https:\/\/crghagen.de\/index.php?rest_route=\/wp\/v2\/users\/3"}],"replies":[{"embeddable":true,"href":"https:\/\/crghagen.de\/index.php?rest_route=%2Fwp%2Fv2%2Fcomments&post=1722"}],"version-history":[{"count":1,"href":"https:\/\/crghagen.de\/index.php?rest_route=\/wp\/v2\/pages\/1722\/revisions"}],"predecessor-version":[{"id":1723,"href":"https:\/\/crghagen.de\/index.php?rest_route=\/wp\/v2\/pages\/1722\/revisions\/1723"}],"wp:attachment":[{"href":"https:\/\/crghagen.de\/index.php?rest_route=%2Fwp%2Fv2%2Fmedia&parent=1722"}],"curies":[{"name":"wp","href":"https:\/\/api.w.org\/{rel}","templated":true}]}}