{"id":1712,"date":"2018-08-27T14:16:12","date_gmt":"2018-08-27T14:16:12","guid":{"rendered":"https:\/\/neu.crghagen.de\/?page_id=1712"},"modified":"2026-01-13T09:57:51","modified_gmt":"2026-01-13T08:57:51","slug":"termine","status":"publish","type":"page","link":"https:\/\/crghagen.de\/?page_id=1712","title":{"rendered":"Termine"},"content":{"rendered":"\t\t<div data-elementor-type=\"wp-post\" data-elementor-id=\"1712\" class=\"elementor elementor-1712\">\n\t\t\t\t\t\t<div class=\"elementor-inner\">\n\t\t\t\t<div class=\"elementor-section-wrap\">\n\t\t\t\t\t\t\t\t\t<section class=\"elementor-section elementor-top-section elementor-element elementor-element-18cb19cc elementor-section-boxed elementor-section-height-default elementor-section-height-default\" data-id=\"18cb19cc\" data-element_type=\"section\">\n\t\t\t\t\t\t<div class=\"elementor-container elementor-column-gap-default\">\n\t\t\t\t\t\t\t<div class=\"elementor-row\">\n\t\t\t\t\t<div class=\"elementor-column elementor-col-100 elementor-top-column elementor-element elementor-element-2268b93e\" data-id=\"2268b93e\" data-element_type=\"column\">\n\t\t\t<div class=\"elementor-column-wrap elementor-element-populated\">\n\t\t\t\t\t\t\t<div class=\"elementor-widget-wrap\">\n\t\t\t\t\t\t<div class=\"elementor-element elementor-element-66339404 elementor-widget elementor-widget-text-editor\" data-id=\"66339404\" data-element_type=\"widget\" data-widget_type=\"text-editor.default\">\n\t\t\t\t<div class=\"elementor-widget-container\">\n\t\t\t\t\t\t\t\t<div class=\"elementor-text-editor elementor-clearfix\">\n\t\t\t\t<p>An dieser Stelle wollen wir Ihnen einen \u00dcberblick \u00fcber die wichtigsten Termine liefern. Wenn Ihr Kind bereits Sch\u00fcler*in am CRG ist, finden Sie alle aktualisierten Termine stets in der Kalenderansicht unserer digitalen Lernplattform itslearning.\u00a0<\/p><p>Aktuelle Termine:<\/p><p>&#8211; 17.09.25: P\u00e4dagogischer Tag (unterrichtsfrei)\u00a0<\/p><p>&#8211; 13.11.25: Elternsprechnachmittag<\/p><p>&#8211; 29.11.25, 10:00-13:00 Uhr: Tag der offenen T\u00fcr<\/p><p>&#8211; 29.01.26, 19:00 Uhr: Informationsveranstaltung f\u00fcr interessierte Eltern (Treffpunkt f\u00fcr das kommende f\u00fcnfte Schuljahr: Aula, Treffpunkt f\u00fcr die kommende Oberstufe: Mensa)<\/p><p>&#8211; 03.02.26: Notenkonferenzen (der Unterricht endet um 11:30 Uhr)<\/p><p>&#8211; 06.02.26: Zeugnisvergabe (regul\u00e4rer Unterrichtstag)<\/p><p>&#8211; 17.02.26: P\u00e4dagogischer Tag (unterrichtsfrei)<\/p><p>&#8211; 29.04.26: Elternsprechnachmittag<\/p><p>&#8211; 15.05.26: beweglicher Ferientag (unterrichtsfrei)<\/p><p>&#8211; 05.06.26: beweglicher Ferientag (unterrichtsfrei)<\/p><p>&#8211; 15.06.26: m\u00fcndliche Abiturpr\u00fcfungen; Studientag (ggf. k\u00f6nnen Klausuren oder andere Pr\u00fcfungen stattfinden)<\/p><p>&#8211; 01.07.26: Begr\u00fc\u00dfungsnachmittag f\u00fcr die neuen F\u00fcnftkl\u00e4ssler*innen<\/p><p>&#8211; 02.07.26: Abiturzeugnisverleihung<\/p><p>&#8211; 06.07.26: Notenkonferenzen (der Unterricht endet um 10:10 Uhr)<\/p><p>&#8211; 07.07.26: Notenkonferenzen (der Unterricht endet nach der sechsten Stunde)<\/p><p>Den aktuellen Jahreskalender f\u00fcr das Schuljahr 2025\/26 finden Sie hier:\u00a0<\/p><p><a href=\"https:\/\/crghagen.de\/wp-content\/uploads\/2025\/08\/CRG_Kalenderflyer-2025-2026.pdf\">CRG_Kalenderflyer-2025-2026<\/a><\/p>\t\t\t\t\t<\/div>\n\t\t\t\t\t\t<\/div>\n\t\t\t\t<\/div>\n\t\t\t\t\t\t<\/div>\n\t\t\t\t\t<\/div>\n\t\t<\/div>\n\t\t\t\t\t\t\t\t<\/div>\n\t\t\t\t\t<\/div>\n\t\t<\/section>\n\t\t\t\t\t\t\t\t\t<\/div>\n\t\t\t<\/div>\n\t\t\t\t\t<\/div>\n\t\t","protected":false},"excerpt":{"rendered":"<p>An dieser Stelle wollen wir Ihnen einen \u00dcberblick \u00fcber die wichtigsten Termine liefern. Wenn Ihr Kind bereits Sch\u00fcler*in am CRG ist, finden Sie alle aktualisierten Termine stets in der Kalenderansicht unserer digitalen Lernplattform itslearning.\u00a0 Aktuelle Termine: &#8211; 17.09.25: P\u00e4dagogischer Tag (unterrichtsfrei)\u00a0 &#8211; 13.11.25: Elternsprechnachmittag &#8211; 29.11.25, 10:00-13:00 Uhr: Tag der offenen T\u00fcr &#8211; 29.01.26, 19:00 [&hellip;]<\/p>\n","protected":false},"author":3,"featured_media":0,"parent":0,"menu_order":0,"comment_status":"closed","ping_status":"closed","template":"","meta":{"footnotes":""},"class_list":["post-1712","page","type-page","status-publish","hentry","gallery-content-unit"],"_links":{"self":[{"href":"https:\/\/crghagen.de\/index.php?rest_route=\/wp\/v2\/pages\/1712","targetHints":{"allow":["GET"]}}],"collection":[{"href":"https:\/\/crghagen.de\/index.php?rest_route=\/wp\/v2\/pages"}],"about":[{"href":"https:\/\/crghagen.de\/index.php?rest_route=\/wp\/v2\/types\/page"}],"author":[{"embeddable":true,"href":"https:\/\/crghagen.de\/index.php?rest_route=\/wp\/v2\/users\/3"}],"replies":[{"embeddable":true,"href":"https:\/\/crghagen.de\/index.php?rest_route=%2Fwp%2Fv2%2Fcomments&post=1712"}],"version-history":[{"count":69,"href":"https:\/\/crghagen.de\/index.php?rest_route=\/wp\/v2\/pages\/1712\/revisions"}],"predecessor-version":[{"id":6433,"href":"https:\/\/crghagen.de\/index.php?rest_route=\/wp\/v2\/pages\/1712\/revisions\/6433"}],"wp:attachment":[{"href":"https:\/\/crghagen.de\/index.php?rest_route=%2Fwp%2Fv2%2Fmedia&parent=1712"}],"curies":[{"name":"wp","href":"https:\/\/api.w.org\/{rel}","templated":true}]}}