{"id":1151,"date":"2018-04-24T17:31:01","date_gmt":"2018-04-24T17:31:01","guid":{"rendered":"https:\/\/neu.crghagen.de\/?page_id=1151"},"modified":"2018-08-27T14:19:01","modified_gmt":"2018-08-27T14:19:01","slug":"schulinterne-curricula","status":"publish","type":"page","link":"https:\/\/crghagen.de\/?page_id=1151","title":{"rendered":"Lehrpl\u00e4ne"},"content":{"rendered":"<p>S\u00e4mtliche Inhalte, die in den einzelnen F\u00e4chern unterrichtet werden, orientieren sich an den Lehrpl\u00e4nen und somit an den Vorgaben des Ministeriums. Diese stehen Ihnen unter den folgenden Links als Download bereit:<\/p>\n<p>Sekundarstufe I:<\/p>\n<p><a href=\"https:\/\/www.schulentwicklung.nrw.de\/lehrplaene\/lehrplannavigator-s-i\/gymnasium-g8\/index.html\">https:\/\/www.schulentwicklung.nrw.de\/lehrplaene\/lehrplannavigator-s-i\/gymnasium-g8\/index.html<\/a><\/p>\n<p>Sekundarstufe II:<\/p>\n<p><a href=\"https:\/\/www.schulentwicklung.nrw.de\/lehrplaene\/lehrplannavigator-s-ii\/gymnasiale-oberstufe\/index.html\">https:\/\/www.schulentwicklung.nrw.de\/lehrplaene\/lehrplannavigator-s-ii\/gymnasiale-oberstufe\/index.html<\/a><\/p>\n<p>Wie diese Vorgaben im Detail an unserer Schule umgesetzt werden, erfahren Sie durch die schulinternen Curricula, in denen f\u00fcr jedes Fach die einzelnen Inhalte und Unterrichtsinhalte aufgef\u00fchrt sind. Sie finden diese auf der jeweiligen Seite der einzelnen F\u00e4cher.<\/p>\n<p>Au\u00dferdem k\u00f6nnen Sie sich \u00fcber die Kriterien zur Leistungsbewertung informieren.<\/p>\n","protected":false},"excerpt":{"rendered":"<p>S\u00e4mtliche Inhalte, die in den einzelnen F\u00e4chern unterrichtet werden, orientieren sich an den Lehrpl\u00e4nen und somit an den Vorgaben des Ministeriums. Diese stehen Ihnen unter den folgenden Links als Download bereit: Sekundarstufe I: https:\/\/www.schulentwicklung.nrw.de\/lehrplaene\/lehrplannavigator-s-i\/gymnasium-g8\/index.html Sekundarstufe II: https:\/\/www.schulentwicklung.nrw.de\/lehrplaene\/lehrplannavigator-s-ii\/gymnasiale-oberstufe\/index.html Wie diese Vorgaben im Detail an unserer Schule umgesetzt werden, erfahren Sie durch die schulinternen Curricula, in denen [&hellip;]<\/p>\n","protected":false},"author":3,"featured_media":0,"parent":0,"menu_order":0,"comment_status":"closed","ping_status":"closed","template":"","meta":{"footnotes":""},"class_list":["post-1151","page","type-page","status-publish","hentry","gallery-content-unit"],"_links":{"self":[{"href":"https:\/\/crghagen.de\/index.php?rest_route=\/wp\/v2\/pages\/1151","targetHints":{"allow":["GET"]}}],"collection":[{"href":"https:\/\/crghagen.de\/index.php?rest_route=\/wp\/v2\/pages"}],"about":[{"href":"https:\/\/crghagen.de\/index.php?rest_route=\/wp\/v2\/types\/page"}],"author":[{"embeddable":true,"href":"https:\/\/crghagen.de\/index.php?rest_route=\/wp\/v2\/users\/3"}],"replies":[{"embeddable":true,"href":"https:\/\/crghagen.de\/index.php?rest_route=%2Fwp%2Fv2%2Fcomments&post=1151"}],"version-history":[{"count":5,"href":"https:\/\/crghagen.de\/index.php?rest_route=\/wp\/v2\/pages\/1151\/revisions"}],"predecessor-version":[{"id":1715,"href":"https:\/\/crghagen.de\/index.php?rest_route=\/wp\/v2\/pages\/1151\/revisions\/1715"}],"wp:attachment":[{"href":"https:\/\/crghagen.de\/index.php?rest_route=%2Fwp%2Fv2%2Fmedia&parent=1151"}],"curies":[{"name":"wp","href":"https:\/\/api.w.org\/{rel}","templated":true}]}}