{"id":1138,"date":"2018-04-24T16:49:35","date_gmt":"2018-04-24T16:49:35","guid":{"rendered":"https:\/\/neu.crghagen.de\/?page_id=1138"},"modified":"2018-05-02T05:44:53","modified_gmt":"2018-05-02T05:44:53","slug":"offener-ganztag","status":"publish","type":"page","link":"https:\/\/crghagen.de\/?page_id=1138","title":{"rendered":"Offener Ganztag"},"content":{"rendered":"<p>Wir bieten als offene Ganztagsschule die Betreuung der Sch\u00fclerinnen und Sch\u00fcler bis in den Nachmittag an.<\/p>\n<p><img loading=\"lazy\" decoding=\"async\" class=\"size-medium wp-image-1183 alignleft\" src=\"https:\/\/neu.crghagen.de\/wp-content\/uploads\/2018\/05\/20180426_101121-300x225.jpg\" alt=\"\" width=\"300\" height=\"225\" srcset=\"https:\/\/crghagen.de\/wp-content\/uploads\/2018\/05\/20180426_101121-300x225.jpg 300w, https:\/\/crghagen.de\/wp-content\/uploads\/2018\/05\/20180426_101121-768x576.jpg 768w, https:\/\/crghagen.de\/wp-content\/uploads\/2018\/05\/20180426_101121-1024x768.jpg 1024w\" sizes=\"auto, (max-width: 300px) 100vw, 300px\" \/>In unserer Mensa wird t\u00e4glich zwischen 13 und 14 Uhr ein warmes Mittagessen angeboten, f\u00fcr das Sie Ihr Kind lediglich vorab anmelden m\u00fcssen.<\/p>\n<p>Mitarbeiter der Caritas sowie unsere Bundesfreiwilligendienstleistende betreuen die Kinder dabei. Ab 14 Uhr bieten wir, sofern kein regul\u00e4rer Unterricht stattfindet, eine Hausaufgabenhilfe oder eine einfache Betreuung an.<\/p>\n<p>T\u00e4glich finden au\u00dferdem unterschiedliche <a href=\"https:\/\/neu.crghagen.de\/?page_id=204\">Arbeitsgemeinschaften<\/a> statt, an denen die Sch\u00fclerinnen und Sch\u00fcler freiwillig und je nach Interesse teilnehmen k\u00f6nnen.<\/p>\n","protected":false},"excerpt":{"rendered":"<p>Wir bieten als offene Ganztagsschule die Betreuung der Sch\u00fclerinnen und Sch\u00fcler bis in den Nachmittag an. In unserer Mensa wird t\u00e4glich zwischen 13 und 14 Uhr ein warmes Mittagessen angeboten, f\u00fcr das Sie Ihr Kind lediglich vorab anmelden m\u00fcssen. Mitarbeiter der Caritas sowie unsere Bundesfreiwilligendienstleistende betreuen die Kinder dabei. Ab 14 Uhr bieten wir, sofern [&hellip;]<\/p>\n","protected":false},"author":3,"featured_media":0,"parent":0,"menu_order":0,"comment_status":"closed","ping_status":"closed","template":"","meta":{"footnotes":""},"class_list":["post-1138","page","type-page","status-publish","hentry","gallery-content-unit"],"_links":{"self":[{"href":"https:\/\/crghagen.de\/index.php?rest_route=\/wp\/v2\/pages\/1138","targetHints":{"allow":["GET"]}}],"collection":[{"href":"https:\/\/crghagen.de\/index.php?rest_route=\/wp\/v2\/pages"}],"about":[{"href":"https:\/\/crghagen.de\/index.php?rest_route=\/wp\/v2\/types\/page"}],"author":[{"embeddable":true,"href":"https:\/\/crghagen.de\/index.php?rest_route=\/wp\/v2\/users\/3"}],"replies":[{"embeddable":true,"href":"https:\/\/crghagen.de\/index.php?rest_route=%2Fwp%2Fv2%2Fcomments&post=1138"}],"version-history":[{"count":6,"href":"https:\/\/crghagen.de\/index.php?rest_route=\/wp\/v2\/pages\/1138\/revisions"}],"predecessor-version":[{"id":1185,"href":"https:\/\/crghagen.de\/index.php?rest_route=\/wp\/v2\/pages\/1138\/revisions\/1185"}],"wp:attachment":[{"href":"https:\/\/crghagen.de\/index.php?rest_route=%2Fwp%2Fv2%2Fmedia&parent=1138"}],"curies":[{"name":"wp","href":"https:\/\/api.w.org\/{rel}","templated":true}]}}